{"id":1048,"date":"2024-07-04T23:56:10","date_gmt":"2024-07-04T23:56:10","guid":{"rendered":"https:\/\/piflarnakupuje.top\/?post_type=product&#038;p=1048"},"modified":"2025-07-01T07:59:51","modified_gmt":"2025-07-01T07:59:51","slug":"n20-elektricni-skiro-8-5-col-zlozljiv-36v-10ah-klasa-a-baterija-30km-dosega-350w-motor-dvojne-zavore","status":"publish","type":"product","link":"https:\/\/piflarnakupuje.top\/bs\/pp\/n20-elektricni-skiro-8-5-col-zlozljiv-36v-10ah-klasa-a-baterija-30km-dosega-350w-motor-dvojne-zavore\/","title":{"rendered":"Elektri\u010dni skuter N20, sklopivi 8,5 in\u010da, baterija 36V 10Ah klase A, domet 30 km, motor 350W, dvostruke ko\u010dnice"},"content":{"rendered":"<h3>Visokoperformansni motor<\/h3>\n<p>Sna\u017ean motor od 350 W, s maksimalnom brzinom od 25 km\/h, brzim ubrzanjem. 3 nivoa brzine.<\/p>\n<h3>Izdr\u017eljiva baterija<\/h3>\n<p>U\u017eivajte u snazi \u200b\u200bsigurne 18650 litijum baterije od 36V 10Ah (360W). Lako putujte do 30 kilometara kada je potpuno napunjena (te\u017eina i uslovi na putu uti\u010du na domet). Recite zbogom gu\u017evama u saobra\u0107aju.<\/p>\n<h3>Dvostruke ko\u010dnice i gume otporne na probijanje<\/h3>\n<p>Dvostruke ko\u010dnice pru\u017eaju ve\u0107u sigurnost vo\u017enje. Prilikom ko\u010denja, prednje i zadnje ABS disk ko\u010dnice se sekvencijalno aktiviraju. Nikad vi\u0161e s probu\u0161enim gumama.<\/p>\n<h3>Veliki LCD ekran i svjetla<\/h3>\n<p>LCD ekran je jasno vidljiv \u010dak i pri najja\u010dem suncu. Prednje LED svjetlo omogu\u0107ava sigurnu vo\u017enju no\u0107u, a zadnje crveno LED svjetlo \u0107e treptati prilikom ko\u010denja.<\/p>\n<h3>Certificirano i testirano<\/h3>\n<p><span style=\"font-size: 16px;\"><a href=\"https:\/\/piflarnakupuje.top\/bs\/pp\/f20-ultra-elektricno-kolo-750w-motor-48v-25ah-akumulatory-205-col\/\">Elektri\u010dni skuter<\/a> je prestal vse potrebne teste za varno vo\u017enjo v cestnem prometu<\/span><\/p>\n<h2>Specifikacija:<\/h2>\n<table class=\"jbEidtTable\" border=\"1\" cellspacing=\"0\" cellpadding=\"5\">\n<tbody>\n<tr>\n<td><strong>Op\u0107enito<\/strong><\/td>\n<td>Tip: <a href=\"https:\/\/piflarnakupuje.top\/bs\/pp\/f20-ultra-elektricno-kolo-750w-motor-48v-25ah-akumulatory-205-col\/\">elektri\u010dni skuter<\/a><br \/>\nModel: N20<\/td>\n<\/tr>\n<tr>\n<td><strong>Specifikacije<\/strong><\/td>\n<td>Maksimalna brzina 25 km\/h<br \/>\nDomet: 30 km<br \/>\nSnaga motora 350 W (maks. 500 W)<br \/>\n8.5 colska Satasta <a href=\"https:\/\/piflarnakupuje.top\/bs\/pp\/gf700-elektricno-kolo-17-5ah-48v-500w2-motorja-26-col\/\">kolesa<\/a><br \/>\nNosivost 120 kg<br \/>\nBaterija: 36V 10Ah<br \/>\ndomet: 30 km<br \/>\nMaks. nagib: 15\u00b0<\/td>\n<\/tr>\n<tr>\n<td><strong>Te\u017eina i veli\u010dina<\/strong><\/td>\n<td>Te\u017eina: 12,5 kg<br \/>\nTe\u017eina paketa: 12,5 kg<br \/>\nDimenzije pakovanja (dx\u0161xv): 108x43x49cm<\/td>\n<\/tr>\n<tr>\n<td><strong>\u0160ta sadr\u017ei<\/strong><\/td>\n<td>1 x <a href=\"https:\/\/piflarnakupuje.top\/bs\/pp\/f20-ultra-elektricno-kolo-750w-motor-48v-25ah-akumulatory-205-col\/\">elektri\u010dni skuter<\/a><br \/>\n1 x <a href=\"https:\/\/piflarnakupuje.top\/bs\/pp\/4-in-1-qi-brezzicni-polnilec-za-vse-naprave-z-qi-standardom\/\">punja\u010d<\/a><br \/>\n1 x Upute<\/td>\n<\/tr>\n<\/tbody>\n<\/table>","protected":false},"excerpt":{"rendered":"<p><strong>Paket:<\/strong><\/p>\n<p>1 x elektri\u010dni skuter<br \/>\n1 x punja\u010d<br \/>\n1 x Upute<\/p>","protected":false},"featured_media":1052,"comment_status":"open","ping_status":"closed","template":"","meta":{"_gspb_post_css":"","_sitemap_exclude":false,"_sitemap_priority":"","_sitemap_frequency":""},"product_brand":[],"product_cat":[48,17],"product_tag":[],"class_list":{"0":"post-1048","1":"product","2":"type-product","3":"status-publish","4":"has-post-thumbnail","6":"product_cat-elektricni-skiro","7":"product_cat-elektricni-skiroji","8":"product_shipping_class-skiroji","9":"pa_barva-crna","10":"pa_kapaciteta-baterije-vozila-od-5-do-10-ah","11":"pa_maksimalna-obremenitev-100-do-120kg","12":"pa_moc-pogona-0-do-500w","13":"pa_namen-uporabe-tip-gume-cestni","14":"pa_skladisce-brezcarinsko-skladisce-slovenija","15":"pa_stevilo-motorjev-163","16":"pa_velikost-kolesa-10-col","18":"first","19":"instock","20":"shipping-taxable","21":"purchasable","22":"product-type-simple"},"_links":{"self":[{"href":"https:\/\/piflarnakupuje.top\/bs\/wp-json\/wp\/v2\/product\/1048","targetHints":{"allow":["GET"]}}],"collection":[{"href":"https:\/\/piflarnakupuje.top\/bs\/wp-json\/wp\/v2\/product"}],"about":[{"href":"https:\/\/piflarnakupuje.top\/bs\/wp-json\/wp\/v2\/types\/product"}],"replies":[{"embeddable":true,"href":"https:\/\/piflarnakupuje.top\/bs\/wp-json\/wp\/v2\/comments?post=1048"}],"wp:featuredmedia":[{"embeddable":true,"href":"https:\/\/piflarnakupuje.top\/bs\/wp-json\/wp\/v2\/media\/1052"}],"wp:attachment":[{"href":"https:\/\/piflarnakupuje.top\/bs\/wp-json\/wp\/v2\/media?parent=1048"}],"wp:term":[{"taxonomy":"product_brand","embeddable":true,"href":"https:\/\/piflarnakupuje.top\/bs\/wp-json\/wp\/v2\/product_brand?post=1048"},{"taxonomy":"product_cat","embeddable":true,"href":"https:\/\/piflarnakupuje.top\/bs\/wp-json\/wp\/v2\/product_cat?post=1048"},{"taxonomy":"product_tag","embeddable":true,"href":"https:\/\/piflarnakupuje.top\/bs\/wp-json\/wp\/v2\/product_tag?post=1048"}],"curies":[{"name":"wp","href":"https:\/\/api.w.org\/{rel}","templated":true}]}}