{"id":1064,"date":"2024-07-05T00:38:18","date_gmt":"2024-07-05T00:38:18","guid":{"rendered":"https:\/\/piflarnakupuje.top\/?post_type=product&#038;p=1064"},"modified":"2025-07-01T07:59:46","modified_gmt":"2025-07-01T07:59:46","slug":"i10-elektricni-skiro-650w-motor-36v-15ah-10-colske-gume-40km-h-max-hitrost-45km-dosega","status":"publish","type":"product","link":"https:\/\/piflarnakupuje.top\/bs\/pp\/i10-elektricni-skiro-650w-motor-36v-15ah-10-colske-gume-40km-h-max-hitrost-45km-dosega\/","title":{"rendered":"i10 Elektri\u010dni skuter, motor od 650 W, 36 V 15 Ah, gume od 10 in\u010da, maksimalna brzina 40 km\/h, domet 45 km"},"content":{"rendered":"<h2>Posebne karakteristike<\/h2>\n<h3>Motor od 650 W<\/h3>\n<p>i10 je opremljen sna\u017enim motorom od 650 vati, koji omogu\u0107ava brzine do 40 km\/h za brzo putovanje.<\/p>\n<h3>Baterija od 36V 15Ah<\/h3>\n<p>Baterija visokog kapaciteta od 36V 15Ah omogu\u0107ava domet do 40-45km za du\u017ea putovanja bez ponovnog punjenja.<\/p>\n<h3>Udobna vo\u017enja<\/h3>\n<p>10 colska pnevmatska <a href=\"https:\/\/piflarnakupuje.top\/bs\/pp\/gf700-elektricno-kolo-17-5ah-48v-500w2-motorja-26-col\/\">kolesa<\/a> omogo\u010dajo mirno vo\u017enjo, dvojni sistem zaviranja, pa varno ustavljanje, za bolj mirno in varnej\u0161o vo\u017enjo.<\/p>\n<h3>Sklopivo<\/h3>\n<p>i10 ima jednostavan metod sklapanja u 3 koraka kako bi se olak\u0161alo skladi\u0161tenje u prtlja\u017eniku automobila, a stabilna konstrukcija omogu\u0107ava nosivost do 120 kg.<\/p>\n<h2>Specifikacije<\/h2>\n<p>&nbsp;<\/p>\n<table class=\"jbEidtTable\" border=\"1\" cellspacing=\"0\" cellpadding=\"5\">\n<tbody>\n<tr>\n<td><strong>Op\u0107enito<\/strong><\/td>\n<td>Tip: <a href=\"https:\/\/piflarnakupuje.top\/bs\/pp\/f20-ultra-elektricno-kolo-750w-motor-48v-25ah-akumulatory-205-col\/\">Elektri\u010dni skuter<\/a><br \/>\nModel: i10<\/td>\n<\/tr>\n<tr>\n<td><strong>Specifikacije<\/strong><\/td>\n<td>maks. brzina: 40km\/h<br \/>\nmax. doseg: 45km<br \/>\nsnaga motora: 650W<br \/>\nmodeli brzine: 4<br \/>\ntempomat: da<br \/>\npunjenje baterije: 6-8 sati<br \/>\nBaterija: 36V 15Ah<br \/>\nVodootpornost: IP54<br \/>\novjes: naprijed i nazad<br \/>\ntip kota\u010da: pneumatski<br \/>\nveli\u010dina kota\u010da: 10 in\u010da<br \/>\npogon: stra\u017enji<br \/>\nprednje ko\u010dnice: EBAS elektronske<br \/>\nzadnje ko\u010dnice: disk<br \/>\namortizeri: dvostruki naprijed i nazad<br \/>\nsklopivo: da<br \/>\nmaks. uspon: 15\u00b0<br \/>\nmaks. optere\u0107enje: 120 kg<br \/>\nprednje svjetlo: LED<br \/>\nzadnje svjetlo: LED<br \/>\ndisplej: multifunkcionalni LED<br \/>\naplikacija: (iOS, Android)<\/td>\n<\/tr>\n<tr>\n<td><strong>Te\u017eina<\/strong><\/td>\n<td>te\u017eina: 20 kg<br \/>\nDimenzije (d x \u0161 x v): 115 x 48,5 x 120 cm<br \/>\nPaket (d x \u0161 xv): 123 x 56,5 x 64 cm<\/td>\n<\/tr>\n<tr>\n<td><strong>Paket<\/strong><\/td>\n<td>1 x i10 <a href=\"https:\/\/piflarnakupuje.top\/bs\/pp\/f20-ultra-elektricno-kolo-750w-motor-48v-25ah-akumulatory-205-col\/\">elektri\u010dni skuter<\/a><br \/>\n1x <a href=\"https:\/\/piflarnakupuje.top\/bs\/pp\/4-in-1-qi-brezzicni-polnilec-za-vse-naprave-z-qi-standardom\/\">punja\u010d<\/a><br \/>\n1x torba<br \/>\n6 vijaka<br \/>\n1 x odvija\u010d<br \/>\n1 x uputstvo za upotrebu<\/td>\n<\/tr>\n<\/tbody>\n<\/table>","protected":false},"excerpt":{"rendered":"<p><strong>Paket:<\/strong><\/p>\n<p>1 x i10 elektri\u010dni skuter<br \/>\n1x punja\u010d<br \/>\n1x torba<br \/>\n6 vijaka<br \/>\n1 x odvija\u010d<br \/>\n1 x uputstvo za upotrebu<\/p>","protected":false},"featured_media":1070,"comment_status":"open","ping_status":"closed","template":"","meta":{"_gspb_post_css":"","_sitemap_exclude":false,"_sitemap_priority":"","_sitemap_frequency":""},"product_brand":[],"product_cat":[48,17],"product_tag":[],"class_list":{"0":"post-1064","1":"product","2":"type-product","3":"status-publish","4":"has-post-thumbnail","6":"product_cat-elektricni-skiro","7":"product_cat-elektricni-skiroji","8":"product_shipping_class-skiroji","9":"pa_barva-crna","10":"pa_kapaciteta-baterije-vozila-od-10-do-15ah","11":"pa_maksimalna-obremenitev-60-do-80kg","12":"pa_moc-pogona-500-do-1000w","13":"pa_namen-uporabe-tip-gume-cestni","14":"pa_skladisce-brezcarinsko-skladisce-slovenija","15":"pa_stevilo-motorjev-163","16":"pa_velikost-kolesa-10-col","18":"first","19":"instock","20":"shipping-taxable","21":"purchasable","22":"product-type-simple"},"_links":{"self":[{"href":"https:\/\/piflarnakupuje.top\/bs\/wp-json\/wp\/v2\/product\/1064","targetHints":{"allow":["GET"]}}],"collection":[{"href":"https:\/\/piflarnakupuje.top\/bs\/wp-json\/wp\/v2\/product"}],"about":[{"href":"https:\/\/piflarnakupuje.top\/bs\/wp-json\/wp\/v2\/types\/product"}],"replies":[{"embeddable":true,"href":"https:\/\/piflarnakupuje.top\/bs\/wp-json\/wp\/v2\/comments?post=1064"}],"wp:featuredmedia":[{"embeddable":true,"href":"https:\/\/piflarnakupuje.top\/bs\/wp-json\/wp\/v2\/media\/1070"}],"wp:attachment":[{"href":"https:\/\/piflarnakupuje.top\/bs\/wp-json\/wp\/v2\/media?parent=1064"}],"wp:term":[{"taxonomy":"product_brand","embeddable":true,"href":"https:\/\/piflarnakupuje.top\/bs\/wp-json\/wp\/v2\/product_brand?post=1064"},{"taxonomy":"product_cat","embeddable":true,"href":"https:\/\/piflarnakupuje.top\/bs\/wp-json\/wp\/v2\/product_cat?post=1064"},{"taxonomy":"product_tag","embeddable":true,"href":"https:\/\/piflarnakupuje.top\/bs\/wp-json\/wp\/v2\/product_tag?post=1064"}],"curies":[{"name":"wp","href":"https:\/\/api.w.org\/{rel}","templated":true}]}}