{"id":1081,"date":"2024-07-05T01:14:41","date_gmt":"2024-07-05T01:14:41","guid":{"rendered":"https:\/\/piflarnakupuje.top\/?post_type=product&#038;p=1081"},"modified":"2026-04-16T13:57:35","modified_gmt":"2026-04-16T13:57:35","slug":"s5-elektricni-skiror-24v-2-5ah-130w-motor-prednje-kolo-6-3-cole-zadnje-6-5-col-doseg-5-8km","status":"publish","type":"product","link":"https:\/\/piflarnakupuje.top\/bs\/pp\/s5-elektricni-skiror-24v-2-5ah-130w-motor-prednje-kolo-6-3-cole-zadnje-6-5-col-doseg-5-8km\/","title":{"rendered":"S5 Elektri\u010dni skuter 24V 2.5Ah 130W Motor prednji to\u010dak 6.3 in\u010da zadnji 6.5 in\u010da domet 5-8 KM"},"content":{"rendered":"<p style=\"font-weight: 400;\"><strong>Specifikacije:\u00a0<\/strong><\/p>\n<table style=\"font-weight: 400;\">\n<tbody>\n<tr>\n<td width=\"125\"><\/td>\n<td width=\"182\"><\/td>\n<td width=\"136\">Model<\/td>\n<td width=\"157\">S5<\/td>\n<\/tr>\n<tr>\n<td width=\"125\">Motor<\/td>\n<td width=\"182\">130 W<\/td>\n<td width=\"136\"><a href=\"https:\/\/piflarnakupuje.top\/bs\/pp\/gf700-elektricno-kolo-17-5ah-48v-500w2-motorja-26-col\/\">To\u010dkovi<\/a><\/td>\n<td width=\"157\">prednji 6,3 in\u010da;<br \/>\nstra\u017enji 6,5 in\u010da<\/td>\n<\/tr>\n<tr>\n<td width=\"125\">Baterija<\/td>\n<td width=\"182\">24V2.5Ah lav<\/td>\n<td width=\"136\">brzina<\/td>\n<td width=\"157\">14 KM\/H<\/td>\n<\/tr>\n<tr>\n<td width=\"125\">punjenje<\/td>\n<td width=\"182\">24V1A<\/td>\n<td width=\"136\">doseg<\/td>\n<td width=\"157\">5-8 km<\/td>\n<\/tr>\n<tr>\n<td width=\"125\">vrijeme punjenja<\/td>\n<td width=\"182\">2-3 sata<\/td>\n<td width=\"136\">nagib<\/td>\n<td width=\"157\">10\u00b0<\/td>\n<\/tr>\n<tr>\n<td width=\"125\">ko\u010dnice<\/td>\n<td width=\"182\">prednji + elektronski<\/td>\n<td width=\"136\">maks. te\u017eina<\/td>\n<td width=\"157\">70 kg<\/td>\n<\/tr>\n<tr>\n<td width=\"125\">svjetla<\/td>\n<td width=\"182\">prednji +podno\u017eja<\/td>\n<td width=\"136\">te\u017eina<\/td>\n<td width=\"157\">7,2 kg<\/td>\n<\/tr>\n<tr>\n<td width=\"125\">veli\u010dina<\/td>\n<td width=\"182\">78*32*92 cm<\/td>\n<td width=\"136\">te\u017eina paketa<\/td>\n<td width=\"157\">9,2 kg<\/td>\n<\/tr>\n<tr>\n<td width=\"125\">veli\u010dina paketa<\/td>\n<td width=\"182\">81*15,5*38 cm<\/td>\n<td width=\"136\">presavijen<\/td>\n<td width=\"157\">78*33*36 cm<\/td>\n<\/tr>\n<\/tbody>\n<\/table>\n<p style=\"font-weight: 400;\"><strong>Karakteristike:<\/strong><br \/>\n\u2013 Motor od 2,5 Ah, 24 V i 130 W<br \/>\n\u2013 <a href=\"https:\/\/piflarnakupuje.top\/bs\/pp\/gf700-elektricno-kolo-17-5ah-48v-500w2-motorja-26-col\/\">kolo<\/a> spredaj 6.3 cole, zadaj 6.5 cole<br \/>\n<strong><br \/>\n<\/strong><strong>Sadr\u017eaj paketa:<\/strong><br \/>\n1 x <a href=\"https:\/\/piflarnakupuje.top\/bs\/pp\/f20-ultra-elektricno-kolo-750w-motor-48v-25ah-akumulatory-205-col\/\">Elektri\u010dni skuter<\/a><br \/>\n1 x <a href=\"https:\/\/piflarnakupuje.top\/bs\/pp\/4-in-1-qi-brezzicni-polnilec-za-vse-naprave-z-qi-standardom\/\">Punja\u010d<\/a><br \/>\n1 x Upute<br \/>\n1 x dodatni pribor<\/p>","protected":false},"excerpt":{"rendered":"<p><strong>Sadr\u017eaj paketa:<\/strong><br \/>\n1 x Elektri\u010dni skuter<br \/>\n1 x Punja\u010d<br \/>\n1 x Upute<br \/>\n1 x dodatni pribor<\/p>","protected":false},"featured_media":1082,"comment_status":"open","ping_status":"closed","template":"","meta":{"_gspb_post_css":"","_sitemap_exclude":false,"_sitemap_priority":"","_sitemap_frequency":""},"product_brand":[],"product_cat":[48,17],"product_tag":[],"class_list":{"0":"post-1081","1":"product","2":"type-product","3":"status-publish","4":"has-post-thumbnail","6":"product_cat-elektricni-skiro","7":"product_cat-elektricni-skiroji","8":"product_shipping_class-skiroji","9":"pa_barva-modra","10":"pa_kapaciteta-baterije-vozila-od-0-do-5ah","11":"pa_maksimalna-obremenitev-60-do-80kg","12":"pa_moc-pogona-0-do-500w","13":"pa_namen-uporabe-tip-gume-cestni","14":"pa_skladisce-centralno-skladisce-slovenija","15":"pa_stevilo-motorjev-163","16":"pa_velikost-kolesa-manj-od-7","18":"first","19":"instock","20":"shipping-taxable","21":"purchasable","22":"product-type-simple"},"_links":{"self":[{"href":"https:\/\/piflarnakupuje.top\/bs\/wp-json\/wp\/v2\/product\/1081","targetHints":{"allow":["GET"]}}],"collection":[{"href":"https:\/\/piflarnakupuje.top\/bs\/wp-json\/wp\/v2\/product"}],"about":[{"href":"https:\/\/piflarnakupuje.top\/bs\/wp-json\/wp\/v2\/types\/product"}],"replies":[{"embeddable":true,"href":"https:\/\/piflarnakupuje.top\/bs\/wp-json\/wp\/v2\/comments?post=1081"}],"wp:featuredmedia":[{"embeddable":true,"href":"https:\/\/piflarnakupuje.top\/bs\/wp-json\/wp\/v2\/media\/1082"}],"wp:attachment":[{"href":"https:\/\/piflarnakupuje.top\/bs\/wp-json\/wp\/v2\/media?parent=1081"}],"wp:term":[{"taxonomy":"product_brand","embeddable":true,"href":"https:\/\/piflarnakupuje.top\/bs\/wp-json\/wp\/v2\/product_brand?post=1081"},{"taxonomy":"product_cat","embeddable":true,"href":"https:\/\/piflarnakupuje.top\/bs\/wp-json\/wp\/v2\/product_cat?post=1081"},{"taxonomy":"product_tag","embeddable":true,"href":"https:\/\/piflarnakupuje.top\/bs\/wp-json\/wp\/v2\/product_tag?post=1081"}],"curies":[{"name":"wp","href":"https:\/\/api.w.org\/{rel}","templated":true}]}}