{"id":1118,"date":"2024-07-05T02:50:17","date_gmt":"2024-07-05T02:50:17","guid":{"rendered":"https:\/\/piflarnakupuje.top\/?post_type=product&#038;p=1118"},"modified":"2026-04-16T13:56:04","modified_gmt":"2026-04-16T13:56:04","slug":"g2-master-elektricni-skiro-20-8ah-52v-1000w2-dvojni-motor-10-col-kolesa-do-60-70km-dosega","status":"publish","type":"product","link":"https:\/\/piflarnakupuje.top\/bs\/pp\/g2-master-elektricni-skiro-20-8ah-52v-1000w2-dvojni-motor-10-col-kolesa-do-60-70km-dosega\/","title":{"rendered":"G2 Master elektri\u010dni skuter 20.8Ah 52V 1000W*2 dvostruki motor 10-in\u010dni kota\u010di domet do 60-70 km"},"content":{"rendered":"<p style=\"font-weight: 400;\"><strong>Specifikacija:<\/strong><\/p>\n<table style=\"font-weight: 400;\">\n<tbody>\n<tr>\n<td width=\"151\"><\/td>\n<td width=\"226\"><\/td>\n<td width=\"151\"><a href=\"https:\/\/piflarnakupuje.top\/bs\/pp\/gf700-elektricno-kolo-17-5ah-48v-500w2-motorja-26-col\/\">kolesa<\/a><\/td>\n<td width=\"226\">10* colska<\/td>\n<\/tr>\n<tr>\n<td width=\"151\"><\/td>\n<td width=\"226\"><\/td>\n<td width=\"151\">nagib<\/td>\n<td width=\"226\">\u226420\u00b0<\/td>\n<\/tr>\n<tr>\n<td width=\"151\">model<\/td>\n<td width=\"226\">G2 Master<\/td>\n<td width=\"151\">vodo odpornost<\/td>\n<td width=\"226\">IP54<\/td>\n<\/tr>\n<tr>\n<td width=\"151\">Materijal<\/td>\n<td width=\"226\">aluminij<\/td>\n<td width=\"151\">obrtni moment<\/td>\n<td width=\"226\">26N.M<\/td>\n<\/tr>\n<tr>\n<td width=\"151\">boja<\/td>\n<td width=\"226\">crna<\/td>\n<td width=\"151\">veli\u010dina<\/td>\n<td width=\"226\">126*59.5*131.5cm<\/td>\n<\/tr>\n<tr>\n<td width=\"151\">motor<\/td>\n<td width=\"226\">1000W*2 dvojni<\/td>\n<td width=\"151\">presavijena veli\u010dina<\/td>\n<td width=\"226\">126*59.5*59.5cm<\/td>\n<\/tr>\n<tr>\n<td width=\"151\">Preporu\u010dena brzina<\/td>\n<td width=\"226\">25 km\/h<\/td>\n<td width=\"151\">Te\u017eina<\/td>\n<td width=\"226\">39Kg<\/td>\n<\/tr>\n<tr>\n<td width=\"151\">baterija<\/td>\n<td width=\"226\">20.8Ah<\/td>\n<td width=\"151\">neto te\u017eina<\/td>\n<td width=\"226\">33Kg<\/td>\n<\/tr>\n<tr>\n<td width=\"151\">svjetla<\/td>\n<td width=\"226\">spredaj in odzadaj led<\/td>\n<td width=\"151\">podest za noge<\/td>\n<td width=\"226\">49*19cm<\/td>\n<\/tr>\n<tr>\n<td width=\"151\">putokazi<\/td>\n<td width=\"226\">i<\/td>\n<td width=\"151\">visina upravlja\u010da<\/td>\n<td width=\"226\">104cm<\/td>\n<\/tr>\n<tr>\n<td width=\"151\">optere\u0107enje<\/td>\n<td width=\"226\">120 kg<\/td>\n<td width=\"151\">amortizeri<\/td>\n<td width=\"226\">oljni amortizerji<\/td>\n<\/tr>\n<tr>\n<td width=\"151\">ko\u010dnice<\/td>\n<td width=\"226\">dvojni disk<\/td>\n<td width=\"151\">punjenje<\/td>\n<td width=\"226\">10-11H<\/td>\n<\/tr>\n<tr>\n<td width=\"151\"><\/td>\n<td width=\"226\"><\/td>\n<td width=\"151\"><\/td>\n<td width=\"226\"><\/td>\n<\/tr>\n<\/tbody>\n<\/table>\n<p>&nbsp;<\/p>\n<table style=\"font-weight: 400;\">\n<tbody>\n<tr>\n<td width=\"907\"><strong>Paket:<\/strong><\/td>\n<\/tr>\n<tr>\n<td width=\"907\">1*\u00a0 G2 Master <a href=\"https:\/\/piflarnakupuje.top\/bs\/pp\/f20-ultra-elektricno-kolo-750w-motor-48v-25ah-akumulatory-205-col\/\">elektri\u010dni skuter<\/a><\/p>\n<p>1* upute<\/p>\n<p>1* <a href=\"https:\/\/piflarnakupuje.top\/bs\/pp\/4-in-1-qi-brezzicni-polnilec-za-vse-naprave-z-qi-standardom\/\">punja\u010d<\/a><\/p>\n<p>1* alat<\/td>\n<\/tr>\n<\/tbody>\n<\/table>","protected":false},"excerpt":{"rendered":"<p><strong>Paket:<\/strong><\/p>\n<p>1*\u00a0 G2 Master elektri\u010dni skiro<\/p>\n<p>1* upute<\/p>\n<p>1* punja\u010d<\/p>\n<p>1* alat<\/p>","protected":false},"featured_media":1127,"comment_status":"open","ping_status":"closed","template":"","meta":{"_gspb_post_css":"","_sitemap_exclude":false,"_sitemap_priority":"","_sitemap_frequency":""},"product_brand":[],"product_cat":[48,17],"product_tag":[],"class_list":{"0":"post-1118","1":"product","2":"type-product","3":"status-publish","4":"has-post-thumbnail","6":"product_cat-elektricni-skiro","7":"product_cat-elektricni-skiroji","8":"product_shipping_class-skiroji","9":"pa_barva-oranzna","10":"pa_kapaciteta-baterije-vozila-od-20-do-25-ah","11":"pa_maksimalna-obremenitev-100-do-120kg","12":"pa_moc-pogona-1500-do-2000w","13":"pa_namen-uporabe-tip-gume-cestni","14":"pa_skladisce-brezcarinsko-skladisce-slovenija","15":"pa_stevilo-motorjev-164","16":"pa_velikost-kolesa-10-col","18":"first","19":"instock","20":"shipping-taxable","21":"purchasable","22":"product-type-simple"},"_links":{"self":[{"href":"https:\/\/piflarnakupuje.top\/bs\/wp-json\/wp\/v2\/product\/1118","targetHints":{"allow":["GET"]}}],"collection":[{"href":"https:\/\/piflarnakupuje.top\/bs\/wp-json\/wp\/v2\/product"}],"about":[{"href":"https:\/\/piflarnakupuje.top\/bs\/wp-json\/wp\/v2\/types\/product"}],"replies":[{"embeddable":true,"href":"https:\/\/piflarnakupuje.top\/bs\/wp-json\/wp\/v2\/comments?post=1118"}],"wp:featuredmedia":[{"embeddable":true,"href":"https:\/\/piflarnakupuje.top\/bs\/wp-json\/wp\/v2\/media\/1127"}],"wp:attachment":[{"href":"https:\/\/piflarnakupuje.top\/bs\/wp-json\/wp\/v2\/media?parent=1118"}],"wp:term":[{"taxonomy":"product_brand","embeddable":true,"href":"https:\/\/piflarnakupuje.top\/bs\/wp-json\/wp\/v2\/product_brand?post=1118"},{"taxonomy":"product_cat","embeddable":true,"href":"https:\/\/piflarnakupuje.top\/bs\/wp-json\/wp\/v2\/product_cat?post=1118"},{"taxonomy":"product_tag","embeddable":true,"href":"https:\/\/piflarnakupuje.top\/bs\/wp-json\/wp\/v2\/product_tag?post=1118"}],"curies":[{"name":"wp","href":"https:\/\/api.w.org\/{rel}","templated":true}]}}