{"id":1164,"date":"2024-07-05T04:41:25","date_gmt":"2024-07-05T04:41:25","guid":{"rendered":"https:\/\/piflarnakupuje.top\/?post_type=product&#038;p=1164"},"modified":"2025-07-01T07:59:04","modified_gmt":"2025-07-01T07:59:04","slug":"babyape-%e2%85%b1-analog-156mm-f4-4s-3-5-cole-fpv-tekmovalni-drone-elrs-rtf-z-vr009-5-8g-fpv-ocali-radiomaster-tx12-mark-ii-postaja-4s-elrs-2-4ghz","status":"publish","type":"product","link":"https:\/\/piflarnakupuje.top\/bs\/pp\/babyape-%e2%85%b1-analog-156mm-f4-4s-3-5-cole-fpv-tekmovalni-drone-elrs-rtf-z-vr009-5-8g-fpv-ocali-radiomaster-tx12-mark-ii-postaja-4s-elrs-2-4ghz\/","title":{"rendered":"BabyApe II Analogni 156mm F4 4S 3.5 IN\u010cNI FPV TAKMI\u010cARSKI Dron ELRS RTF sa VR009 5.8G FPV nao\u010dalama Radiomaster TX12 MARK II stanica \u2013 4S ELRS 2.4GHz"},"content":{"rendered":"<p><b>Specifikacije:\u00a0<\/b><\/p>\n<p>BabyApe \u2161 Analogni FPV Drone 4s<\/p>\n<p><span data-font-family=\"Open Sans\">Model: Beba majmun <\/span><span data-font-family=\"\u5b8b\u4f53\">\u2161 Analogni<\/span><\/p>\n<p><span data-font-family=\"Open Sans\">Razmak izme\u0111u propelera: 156 mm<\/span><\/p>\n<p><span data-font-family=\"Open Sans\">Dimenzije: 126 mm x 150 mm x 50 mm<\/span><\/p>\n<p><span data-font-family=\"Open Sans\">Kontroler: F411 MPU6500 AT7456E<\/span><\/p>\n<p><span data-font-family=\"Open Sans\">ESC: Bluejay 48KHz 3-6S 30A<\/span><\/p>\n<p><span data-font-family=\"Open Sans\">Kamera<\/span><span data-font-family=\"Open Sans\">\uff1a<\/span><span data-font-family=\"Open Sans\">DarwinFPV &#034;Cement&#034; vodootporna kamera<\/span><\/p>\n<p><span data-font-family=\"Open Sans\">VTX\uff1a5.8G\u00a0<\/span><span data-font-family=\"Open Sans\">600mW<\/span><\/p>\n<p>Propeler: HQProp T3.5x2x3GR-PC<\/p>\n<p><span data-font-family=\"Open Sans\">Vrijeme leta: 13 minuta (4S 850mAh)<\/span><\/p>\n<p><span data-font-family=\"&quot;system-ui&quot;,&quot;-apple-system&quot;,&quot;BlinkMacSystemFont&quot;,&quot;Segoe UI&quot;,&quot;Roboto&quot;,&quot;Helvetica Neue&quot;,&quot;Helvetica&quot;,&quot;sans-serif&quot;,&quot;Apple Color Emoji&quot;,&quot;Segoe UI Emoji&quot;,&quot;Segoe UI Symbol&quot;,&quot;Noto Color emoji&quot;,&quot;Helvetica Neue&quot;,Helvetica,&quot;PingFang SC&quot;,&quot;Microsoft YaHei&quot;,&quot;Source Han Sans SC&quot;,&quot;Noto Sans CJK SC&quot;,&quot;WenQuanYi Micro Hei&quot;,sans-serif\">Domet: 1,5 km<\/span><\/p>\n<p><span data-font-family=\"&quot;system-ui&quot;,&quot;-apple-system&quot;,&quot;BlinkMacSystemFont&quot;,&quot;Segoe UI&quot;,&quot;Roboto&quot;,&quot;Helvetica Neue&quot;,&quot;Helvetica&quot;,&quot;sans-serif&quot;,&quot;Apple Color Emoji&quot;,&quot;Segoe UI Emoji&quot;,&quot;Segoe UI Symbol&quot;,&quot;Noto Color emoji&quot;,&quot;Helvetica Neue&quot;,Helvetica,&quot;PingFang SC&quot;,&quot;Microsoft YaHei&quot;,&quot;Source Han Sans SC&quot;,&quot;Noto Sans CJK SC&quot;,&quot;WenQuanYi Micro Hei&quot;,sans-serif\">Maksimalna brzina: 92 km\/h<\/span><\/p>\n<table class=\"table table-bordered\">\n<tbody>\n<tr>\n<td>Darwin ELRS 2.4G prijemnik<\/td>\n<td><span data-font-family=\"&quot;Basic Commercial&quot;, sans-serif\">Te\u017eina: 2,9 g \u00b1 0,2 g<\/span><\/p>\n<p><span data-font-family=\"&quot;Basic Commercial&quot;, sans-serif\">Veli\u010dina: 14,2 mm x 22,0 mm x 4 mm<\/span><\/p>\n<p><span data-font-family=\"&quot;Basic Commercial&quot;, sans-serif\">frekvencija: 2,4 GHz ISM<\/span><\/p>\n<p><span data-font-family=\"&quot;Basic Commercial&quot;,&quot;system-ui&quot;,&quot;-apple-system&quot;,&quot;BlinkMacSystemFont&quot;,&quot;Segoe UI&quot;,&quot;Roboto&quot;,&quot;Helvetica Neue&quot;,&quot;Helvetica&quot;,&quot;sans-serif&quot;,&quot;Apple Color Emoji&quot;,&quot;Segoe UI Emoji&quot;,&quot;Segoe UI Symbol&quot;,&quot;Noto Color emoji&quot;,&quot;Helvetica Neue&quot;,Helvetica,&quot;PingFang SC&quot;,&quot;Microsoft YaHei&quot;,&quot;Source Han Sans SC&quot;,&quot;Noto Sans CJK SC&quot;,&quot;WenQuanYi Micro Hei&quot;,sans-serif\">osvje\u017eavaju\u0107e: <\/span><span data-font-family=\"&quot;Basic Commercial&quot;, sans-serif\">25Hz-500Hz<\/span><\/p>\n<p><span data-font-family=\"&quot;Basic Commercial&quot;,&quot;system-ui&quot;,&quot;-apple-system&quot;,&quot;BlinkMacSystemFont&quot;,&quot;Segoe UI&quot;,&quot;Roboto&quot;,&quot;Helvetica Neue&quot;,&quot;Helvetica&quot;,&quot;sans-serif&quot;,&quot;Apple Color Emoji&quot;,&quot;Segoe UI Emoji&quot;,&quot;Segoe UI Symbol&quot;,&quot;Noto Color emoji&quot;,&quot;Helvetica Neue&quot;,Helvetica,&quot;PingFang SC&quot;,&quot;Microsoft YaHei&quot;,&quot;Source Han Sans SC&quot;,&quot;Noto Sans CJK SC&quot;,&quot;WenQuanYi Micro Hei&quot;,sans-serif\">RF snaga: <\/span><span data-font-family=\"&quot;Basic Commercial&quot;, sans-serif\">100mW<\/span><\/p>\n<p><span data-font-family=\"&quot;Basic Commercial&quot;,&quot;system-ui&quot;,&quot;-apple-system&quot;,&quot;BlinkMacSystemFont&quot;,&quot;Segoe UI&quot;,&quot;Roboto&quot;,&quot;Helvetica Neue&quot;,&quot;Helvetica&quot;,&quot;sans-serif&quot;,&quot;Apple Color Emoji&quot;,&quot;Segoe UI Emoji&quot;,&quot;Segoe UI Symbol&quot;,&quot;Noto Color emoji&quot;,&quot;Helvetica Neue&quot;,Helvetica,&quot;PingFang SC&quot;,&quot;Microsoft YaHei&quot;,&quot;Source Han Sans SC&quot;,&quot;Noto Sans CJK SC&quot;,&quot;WenQuanYi Micro Hei&quot;,sans-serif\">napon: <\/span><span data-font-family=\"&quot;Basic Commercial&quot;, sans-serif\">5V<\/span><\/p>\n<p><span data-font-family=\"&quot;Basic Commercial&quot;, sans-serif\">Protokol<\/span><span data-font-family=\"&quot;Basic Commercial&quot;,&quot;system-ui&quot;,&quot;-apple-system&quot;,&quot;BlinkMacSystemFont&quot;,&quot;Segoe UI&quot;,&quot;Roboto&quot;,&quot;Helvetica Neue&quot;,&quot;Helvetica&quot;,&quot;sans-serif&quot;,&quot;Apple Color Emoji&quot;,&quot;Segoe UI Emoji&quot;,&quot;Segoe UI Symbol&quot;,&quot;Noto Color emoji&quot;,&quot;Helvetica Neue&quot;,Helvetica,&quot;PingFang SC&quot;,&quot;Microsoft YaHei&quot;,&quot;Source Han Sans SC&quot;,&quot;Noto Sans CJK SC&quot;,&quot;WenQuanYi Micro Hei&quot;,sans-serif\">: <\/span><span data-font-family=\"&quot;Basic Commercial&quot;, sans-serif\">CRSF<\/span><\/p>\n<p><span data-font-family=\"&quot;Basic Commercial&quot;, sans-serif\">firmver: BETAFPV_Nano_2400_RX<\/span><\/td>\n<\/tr>\n<tr>\n<td>Radiomaster TX12 MARK II oda\u0161ilja\u010d<\/td>\n<td><span data-font-family=\"&quot;Basic Commercial&quot;, sans-serif\">veli\u010dina: 170*159*108 mm<\/span><\/p>\n<p><span data-font-family=\"&quot;Basic Commercial&quot;, sans-serif\">te\u017eina: 363 g<\/span><\/p>\n<p><span data-font-family=\"&quot;Basic Commercial&quot;, sans-serif\">frekvencija: 2.400GHZ-2.480GHZ<\/span><\/p>\n<p><span data-font-family=\"&quot;Basic Commercial&quot;, sans-serif\">RF \u010dip: ExpressLRS<\/span><\/p>\n<p><span data-font-family=\"&quot;Basic Commercial&quot;, sans-serif\">Raspon napona: 6,6-8,4 V DC<\/span><\/p>\n<p><span data-font-family=\"&quot;Basic Commercial&quot;, sans-serif\">kanali: do 16 (u zavisnosti od prijemnika)<\/span><\/p>\n<p><span data-font-family=\"&quot;Basic Commercial&quot;, sans-serif\">Ekran: monohromatski LCD ekran rezolucije 128*64<\/span><\/p>\n<p><span data-font-family=\"&quot;Basic Commercial&quot;, sans-serif\">Gimbal: visokoprecizni dvoranski gimbal<\/span><\/p>\n<p><span data-font-family=\"&quot;Basic Commercial&quot;, sans-serif\">Vanjski na\u010dini leta: kompatibilni s JR\/FrSKY\/Crossfire<\/span><\/p>\n<p><span data-font-family=\"&quot;Basic Commercial&quot;, sans-serif\">SD kartica: uklju\u010dena<\/span><\/td>\n<\/tr>\n<tr>\n<td>VR009 5.8G dvostruka antena 40CH 3 in\u010da FPV nao\u010dale<\/td>\n<td><span data-font-family=\"Assistant, sans-serif\">ekran: 16:9<\/span><\/p>\n<p><span data-font-family=\"Assistant, sans-serif\">Veli\u010dina LCD ekrana: 3,0 in\u010da<\/span><\/p>\n<p><span data-font-family=\"Assistant, sans-serif\">rezolucija: 480*320<\/span><\/p>\n<p><span data-font-family=\"Assistant, sans-serif\">Baterija: 3.7V\/1200mAh<\/span><\/p>\n<p><span data-font-family=\"&quot;Assistant&quot;,&quot;system-ui&quot;,&quot;-apple-system&quot;,&quot;BlinkMacSystemFont&quot;,&quot;Segoe UI&quot;,&quot;Roboto&quot;,&quot;Helvetica Neue&quot;,&quot;Helvetica&quot;,&quot;sans-serif&quot;,&quot;Apple Color Emoji&quot;,&quot;Segoe UI Emoji&quot;,&quot;Segoe UI Symbol&quot;,&quot;Noto Color emoji&quot;,&quot;Helvetica Neue&quot;,Helvetica,&quot;PingFang SC&quot;,&quot;Microsoft YaHei&quot;,&quot;Source Han Sans SC&quot;,&quot;Noto Sans CJK SC&quot;,&quot;WenQuanYi Micro Hei&quot;,sans-serif\">vrijeme kori\u0161tenja: 2,5 sata<\/span><\/td>\n<\/tr>\n<tr>\n<td>4S 850mAh Lipo <a href=\"https:\/\/piflarnakupuje.top\/bs\/pp\/jump-1500-dodatni-akumulator-1548wh-lifepo4-tipa\/\">baterija<\/a><\/td>\n<td><span data-font-family=\"&quot;Open Sans&quot;,&quot;system-ui&quot;,&quot;-apple-system&quot;,&quot;BlinkMacSystemFont&quot;,&quot;Segoe UI&quot;,&quot;Roboto&quot;,&quot;Helvetica Neue&quot;,&quot;Helvetica&quot;,&quot;sans-serif&quot;,&quot;Apple Color Emoji&quot;,&quot;Segoe UI Emoji&quot;,&quot;Segoe UI Symbol&quot;,&quot;Noto Color emoji&quot;,&quot;He\">napon: 15,2 V<\/span><\/p>\n<p><span data-font-family=\"&quot;Open Sans&quot;,&quot;system-ui&quot;,&quot;-apple-system&quot;,&quot;BlinkMacSystemFont&quot;,&quot;Segoe UI&quot;,&quot;Roboto&quot;,&quot;Helvetica Neue&quot;,&quot;Helvetica&quot;,&quot;sans-serif&quot;,&quot;Apple Color Emoji&quot;,&quot;Segoe UI Emoji&quot;,&quot;Segoe UI Symbol&quot;,&quot;Noto Color emoji&quot;,&quot;Helvetica Neue&quot;,Helvetica,&quot;PingFang SC&quot;,&quot;Microsoft YaHei&quot;,&quot;Source Han Sans SC&quot;,&quot;Noto Sans CJK SC&quot;,&quot;WenQuanYi Micro Hei&quot;,sans-serif\">kapacitet: 850mAh<\/span><\/p>\n<p><span data-font-family=\"&quot;Open Sans&quot;,&quot;system-ui&quot;,&quot;-apple-system&quot;,&quot;BlinkMacSystemFont&quot;,&quot;Segoe UI&quot;,&quot;Roboto&quot;,&quot;Helvetica Neue&quot;,&quot;Helvetica&quot;,&quot;sans-serif&quot;,&quot;Apple Color Emoji&quot;,&quot;Segoe UI Emoji&quot;,&quot;Segoe UI Symbol&quot;,&quot;Noto Color emoji&quot;,&quot;He\">brzina pra\u017enjenja: 120C<\/span><\/p>\n<p><span data-font-family=\"&quot;Open Sans&quot;,&quot;system-ui&quot;,&quot;-apple-system&quot;,&quot;BlinkMacSystemFont&quot;,&quot;Segoe UI&quot;,&quot;Roboto&quot;,&quot;Helvetica Neue&quot;,&quot;Helvetica&quot;,&quot;sans-serif&quot;,&quot;Apple Color Emoji&quot;,&quot;Segoe UI Emoji&quot;,&quot;Segoe UI Symbol&quot;,&quot;Noto Color emoji&quot;,&quot;He\">punjenje: 1C do 5C<\/span><\/p>\n<p><span data-font-family=\"&quot;Open Sans&quot;,&quot;system-ui&quot;,&quot;-apple-system&quot;,&quot;BlinkMacSystemFont&quot;,&quot;Segoe UI&quot;,&quot;Roboto&quot;,&quot;Helvetica Neue&quot;,&quot;Helvetica&quot;,&quot;sans-serif&quot;,&quot;Apple Color Emoji&quot;,&quot;Segoe UI Emoji&quot;,&quot;Segoe UI Symbol&quot;,&quot;Noto Color emoji&quot;,&quot;He\">konektor za pra\u017enjenje: XT30<\/span><\/p>\n<p><span data-font-family=\"&quot;Open Sans&quot;,&quot;system-ui&quot;,&quot;-apple-system&quot;,&quot;BlinkMacSystemFont&quot;,&quot;Segoe UI&quot;,&quot;Roboto&quot;,&quot;Helvetica Neue&quot;,&quot;Helvetica&quot;,&quot;sans-serif&quot;,&quot;Apple Color Emoji&quot;,&quot;Segoe UI Emoji&quot;,&quot;Segoe UI Symbol&quot;,&quot;Noto Color emoji&quot;,&quot;Helvetica Neue&quot;,Helvetica,&quot;PingFang SC&quot;,&quot;Microsoft YaHei&quot;,&quot;Source Han Sans SC&quot;,&quot;Noto Sans CJK SC&quot;,&quot;WenQuanYi Micro Hei&quot;,sans-serif\">te\u017eina: 89 g<\/span><\/p>\n<p><span data-font-family=\"&quot;Open Sans&quot;,&quot;system-ui&quot;,&quot;-apple-system&quot;,&quot;BlinkMacSystemFont&quot;,&quot;Segoe UI&quot;,&quot;Roboto&quot;,&quot;Helvetica Neue&quot;,&quot;Helvetica&quot;,&quot;sans-serif&quot;,&quot;Apple Color Emoji&quot;,&quot;Segoe UI Emoji&quot;,&quot;Segoe UI Symbol&quot;,&quot;Noto Color emoji&quot;,&quot;Helvetica Neue&quot;,Helvetica,&quot;PingFang SC&quot;,&quot;Microsoft YaHei&quot;,&quot;Source Han Sans SC&quot;,&quot;Noto Sans CJK SC&quot;,&quot;WenQuanYi Micro Hei&quot;,sans-serif\">veli\u010dina: 63*30<\/span><span data-font-family=\"&quot;Open Sans&quot;,&quot;system-ui&quot;,&quot;-apple-system&quot;,&quot;BlinkMacSystemFont&quot;,&quot;Segoe UI&quot;,&quot;Roboto&quot;,&quot;Helvetica Neue&quot;,&quot;Helvetica&quot;,&quot;sans-serif&quot;,&quot;Apple Color Emoji&quot;,&quot;Segoe UI Emoji&quot;,&quot;Segoe UI Symbol&quot;,&quot;Noto Color emoji&quot;,&quot;Helvetica Neue&quot;,Helvetica,&quot;PingFang SC&quot;,&quot;Microsoft YaHei&quot;,&quot;Source Han Sans SC&quot;,&quot;Noto Sans CJK SC&quot;,&quot;WenQuanYi Micro Hei&quot;,sans-serif\">*<\/span><span data-font-family=\"&quot;Open Sans&quot;,&quot;system-ui&quot;,&quot;-apple-system&quot;,&quot;BlinkMacSystemFont&quot;,&quot;Segoe UI&quot;,&quot;Roboto&quot;,&quot;Helvetica Neue&quot;,&quot;Helvetica&quot;,&quot;sans-serif&quot;,&quot;Apple Color Emoji&quot;,&quot;Segoe UI Emoji&quot;,&quot;Segoe UI Symbol&quot;,&quot;Noto Color emoji&quot;,&quot;Helvetica Neue&quot;,Helvetica,&quot;PingFang SC&quot;,&quot;Microsoft YaHei&quot;,&quot;Source Han Sans SC&quot;,&quot;Noto Sans CJK SC&quot;,&quot;WenQuanYi Micro Hei&quot;,sans-serif\">27mm<\/span><\/td>\n<\/tr>\n<tr>\n<td>Hotrc A400 punja\u010d za balansiranje<\/td>\n<td><span data-font-family=\"default\">te\u017eina: 130 g<\/span><\/p>\n<p><span data-font-family=\"default\">Veli\u010dina: 98*60*28 mm<\/span><\/p>\n<p><span data-font-family=\"Assistant, sans-serif\">Baterija: 4s 3s <\/span><span data-font-family=\"&quot;Microsoft YaHei&quot;,&quot;\u5fae\u8f6f\u96c5\u9ed1&quot;,&quot;Roboto&quot;,&quot;Microsoft YaHei&quot;,&quot;\u5fae\u8f6f\u96c5\u9ed1&quot;,PingFang,&quot;PingFang SC&quot;,&quot;\u82f9\u65b9&quot;,&quot;\u82f9\u65b9-\u7b80&quot;,Roboto,&quot;system-ui&quot;,&quot;-apple-system&quot;,&quot;BlinkMacSystemFont&quot;,&quot;Segoe UI&quot;,&quot;Roboto&quot;,&quot;Helvetica Neue&quot;,&quot;Helvetica&quot;,&quot;\">(11,1 V\/14,8 V)\u00a0<\/span><span data-font-family=\"Assistant, sans-serif\">lipo<\/span><\/p>\n<p><span data-font-family=\"Assistant, sans-serif\">maksimalna struja punjenja: 3000 mAh<\/span><\/p>\n<p><span data-font-family=\"Assistant, sans-serif\">uravnote\u017eena struja: 300mah\/\u0107elija<\/span><\/p>\n<p><span data-font-family=\"Assistant, sans-serif\">maksimalna snaga punjenja: 4.0W<\/span><\/p>\n<p><span data-font-family=\"Assistant, sans-serif\">Napon zavr\u0161etka punjenja: 4,2 V \u00b1 0,02 V<\/span><\/p>\n<p><span data-font-family=\"&quot;Assistant&quot;,&quot;system-ui&quot;,&quot;-apple-system&quot;,&quot;BlinkMacSystemFont&quot;,&quot;Segoe UI&quot;,&quot;Roboto&quot;,&quot;Helvetica Neue&quot;,&quot;Helvetica&quot;,&quot;sans-serif&quot;,&quot;Apple Color Emoji&quot;,&quot;Segoe UI Emoji&quot;,&quot;Segoe UI Symbol&quot;,&quot;Noto Color emoji&quot;,&quot;Helvetica Neue&quot;,Helvetica,&quot;PingFang SC&quot;,&quot;Microsoft YaHei&quot;,&quot;Source Han Sans SC&quot;,&quot;Noto Sans CJK SC&quot;,&quot;WenQuanYi Micro Hei&quot;,sans-serif\">radna temperatura: <\/span><span data-font-family=\"&quot;Microsoft YaHei&quot;,&quot;\u5fae\u8f6f\u96c5\u9ed1&quot;,&quot;Roboto&quot;,&quot;Microsoft YaHei&quot;,&quot;\u5fae\u8f6f\u96c5\u9ed1&quot;,PingFang,&quot;PingFang SC&quot;,&quot;\u82f9\u65b9&quot;,&quot;\u82f9\u65b9-\u7b80&quot;,Roboto,&quot;system-ui&quot;,&quot;-apple-system&quot;,&quot;BlinkMacSystemFont&quot;,&quot;Segoe UI&quot;,&quot;Roboto&quot;,&quot;Helvetica Neue&quot;,&quot;Helvetica&quot;,&quot;\">0-40\u2103<\/span><\/td>\n<\/tr>\n<\/tbody>\n<\/table>\n<p><b>Paket<\/b><\/p>\n<p><span data-font-family=\"\">1 *\u00a0<\/span><span data-font-family=\"Open Sans\">BabyApe\u00a0<\/span><span data-font-family=\"\u5b8b\u4f53\">\u2161\u00a0<\/span><span data-font-family=\"Open Sans\">Analogni FPV <a href=\"https:\/\/piflarnakupuje.top\/bs\/piflar-testira-fpv-plus-freestyle-dron-rtf\/\">Dron<\/a><\/span><\/p>\n<p><span data-font-family=\"\">1 *\u00a0<\/span><span data-font-family=\"Open Sans\">Radiomaster TX12 MARK II oda\u0161ilja\u010d<\/span><\/p>\n<p><span data-font-family=\"\">1 *\u00a0<\/span><span data-font-family=\"Open Sans\">R009 5.8G dvostruka antena 40CH 3 cole<\/span><span data-font-family=\"\"> FPV nao\u010dale<\/span><\/p>\n<p><span data-font-family=\"\">2 *<\/span>\u00a0<span data-font-family=\"Open Sans\">DarwinFPV 4S 850mAh 15.2V <a href=\"https:\/\/piflarnakupuje.top\/bs\/pp\/jump-1500-dodatni-akumulator-1548wh-lifepo4-tipa\/\">baterija<\/a><\/span><\/p>\n<p><span data-font-family=\"\">1 * Hotrc A400 punja\u010d<\/span><\/p>\n<p><span data-font-family=\"Calibri\">4 *<\/span>\u00a0<span data-font-family=\"Calibri\">HQProp T3.5x2x3GR-PC<\/span>\u00a0<span data-font-family=\"Calibri\">propeler<\/span>\u00a0<span data-font-family=\"Calibri\">(2cw+2ccw)<\/span><\/p>\n<p><span data-font-family=\"Calibri\">2 *<\/span>\u00a0<span data-font-family=\"Calibri\">remen za bateriju (<\/span>\u00a0<span data-font-family=\"Calibri\">10x170 mm)<\/span><\/p>\n<p><span data-font-family=\"Calibri\">2 *<\/span>\u00a0<span data-font-family=\"Calibri\">EVA<\/span><span data-font-family=\"Calibri\"> podloga<\/span><span data-font-family=\"\u5b8b\u4f53\">(<\/span><span data-font-family=\"Calibri\">debljina<\/span><span data-font-family=\"\u5b8b\u4f53\">\uff1a<\/span><span data-font-family=\"Calibri\">10<\/span><span data-font-family=\"\u5b8b\u4f53\">\u339c)<\/span><\/p>\n<p><span data-font-family=\"Calibri\">1 *<\/span> rezervni paket vijaka<\/p>\n<p><span data-font-family=\"Calibri\">1 *<\/span>\u00a0<span data-font-family=\"Calibri\">naljepnica<\/span><\/p>\n<p><span data-font-family=\"Calibri\">1 * upute<\/span><\/p>","protected":false},"excerpt":{"rendered":"<p><b>Paket<\/b><\/p>\n<p><span data-font-family=\"\">1 *\u00a0<\/span><span data-font-family=\"Open Sans\">BabyApe\u00a0<\/span><span data-font-family=\"\u5b8b\u4f53\">\u2161\u00a0<\/span><span data-font-family=\"Open Sans\">Analogni FPV dron<\/span><\/p>\n<p><span data-font-family=\"\">1 *\u00a0<\/span><span data-font-family=\"Open Sans\">Radiomaster TX12 MARK II oda\u0161ilja\u010d<\/span><\/p>\n<p><span data-font-family=\"\">1 *\u00a0<\/span><span data-font-family=\"Open Sans\">R009 5.8G dvostruka antena 40CH 3 cole<\/span><span data-font-family=\"\"> FPV nao\u010dale<\/span><\/p>\n<p><span data-font-family=\"\">2 *<\/span>\u00a0<span data-font-family=\"Open Sans\">DarwinFPV 4S 850mAh 15.2V akumulator<\/span><\/p>\n<p><span data-font-family=\"\">1 * Hotrc A400 punja\u010d<\/span><\/p>\n<p><span data-font-family=\"Calibri\">4 *<\/span>\u00a0<span data-font-family=\"Calibri\">HQProp T3.5x2x3GR-PC<\/span>\u00a0<span data-font-family=\"Calibri\">propeler<\/span>\u00a0<span data-font-family=\"Calibri\">(2cw+2ccw)<\/span><\/p>\n<p><span data-font-family=\"Calibri\">2 *<\/span>\u00a0<span data-font-family=\"Calibri\">remen za bateriju (<\/span>\u00a0<span data-font-family=\"Calibri\">10x170 mm)<\/span><\/p>\n<p><span data-font-family=\"Calibri\">2 *<\/span>\u00a0<span data-font-family=\"Calibri\">EVA<\/span><span data-font-family=\"Calibri\"> podloga<\/span><span data-font-family=\"\u5b8b\u4f53\">(<\/span><span data-font-family=\"Calibri\">debljina<\/span><span data-font-family=\"\u5b8b\u4f53\">\uff1a<\/span><span data-font-family=\"Calibri\">10<\/span><span data-font-family=\"\u5b8b\u4f53\">\u339c)<\/span><\/p>\n<p><span data-font-family=\"Calibri\">1 *<\/span> rezervni paket vijaka<\/p>\n<p><span data-font-family=\"Calibri\">1 *<\/span>\u00a0<span data-font-family=\"Calibri\">naljepnica<\/span><\/p>\n<p><span data-font-family=\"Calibri\">1 * upute<\/span><\/p>","protected":false},"featured_media":1165,"comment_status":"open","ping_status":"closed","template":"","meta":{"_gspb_post_css":"","_sitemap_exclude":false,"_sitemap_priority":"","_sitemap_frequency":""},"product_brand":[],"product_cat":[49,20],"product_tag":[],"class_list":{"0":"post-1164","1":"product","2":"type-product","3":"status-publish","4":"has-post-thumbnail","6":"product_cat-profi-rc-igrace-za-velike-in-male-po-dusi","7":"product_cat-rc-droni","8":"product_shipping_class-rc","9":"pa_barva-crna","10":"pa_kolicina-akumulatorjev-rc-191","11":"pa_skladisce-brezcarinsko-skladisce-slovenija","12":"pa_tip-drona-fpv-dron","13":"pa_tip-motorja-rc-brezkrtacni","15":"first","16":"instock","17":"shipping-taxable","18":"purchasable","19":"product-type-simple"},"_links":{"self":[{"href":"https:\/\/piflarnakupuje.top\/bs\/wp-json\/wp\/v2\/product\/1164","targetHints":{"allow":["GET"]}}],"collection":[{"href":"https:\/\/piflarnakupuje.top\/bs\/wp-json\/wp\/v2\/product"}],"about":[{"href":"https:\/\/piflarnakupuje.top\/bs\/wp-json\/wp\/v2\/types\/product"}],"replies":[{"embeddable":true,"href":"https:\/\/piflarnakupuje.top\/bs\/wp-json\/wp\/v2\/comments?post=1164"}],"wp:featuredmedia":[{"embeddable":true,"href":"https:\/\/piflarnakupuje.top\/bs\/wp-json\/wp\/v2\/media\/1165"}],"wp:attachment":[{"href":"https:\/\/piflarnakupuje.top\/bs\/wp-json\/wp\/v2\/media?parent=1164"}],"wp:term":[{"taxonomy":"product_brand","embeddable":true,"href":"https:\/\/piflarnakupuje.top\/bs\/wp-json\/wp\/v2\/product_brand?post=1164"},{"taxonomy":"product_cat","embeddable":true,"href":"https:\/\/piflarnakupuje.top\/bs\/wp-json\/wp\/v2\/product_cat?post=1164"},{"taxonomy":"product_tag","embeddable":true,"href":"https:\/\/piflarnakupuje.top\/bs\/wp-json\/wp\/v2\/product_tag?post=1164"}],"curies":[{"name":"wp","href":"https:\/\/api.w.org\/{rel}","templated":true}]}}