{"id":1231,"date":"2024-07-05T11:26:47","date_gmt":"2024-07-05T11:26:47","guid":{"rendered":"https:\/\/piflarnakupuje.top\/?post_type=product&#038;p=1231"},"modified":"2025-07-01T07:58:25","modified_gmt":"2025-07-01T07:58:25","slug":"t210-mini-se-4km-wifi-gps-z-4k-hd-camera-3-osnim-gimbalom-v-30mins-letenja-249g-brushless-motor-rtf","status":"publish","type":"product","link":"https:\/\/piflarnakupuje.top\/bs\/pp\/t210-mini-se-4km-wifi-gps-z-4k-hd-camera-3-osnim-gimbalom-v-30mins-letenja-249g-brushless-motor-rtf\/","title":{"rendered":"T210 Mini SE 4KM WIFI GPS sa 4K HD kamerom, 3-osni gimbal, vrijeme leta 30 minuta, 249g motor bez \u010detkica, RTF"},"content":{"rendered":"<p><b>Specifikacije:<\/b><\/p>\n<table>\n<tbody>\n<tr>\n<td><\/td>\n<td><\/td>\n<\/tr>\n<tr>\n<td>Dron<\/td>\n<td><span style=\"color: #ff0000;\">maksimalna te\u017eina pri poletanju: 249 g<\/span><br \/>\nmaksimalni ugao leta: 50\u00b0<span style=\"color: #ff0000;\">maksimalna visina leta: 4500m<\/span><br \/>\nmaksimalna brzina vjetra: 18m\/s<span style=\"color: #ff0000;\">Vrijeme leta: 30 minuta<\/span> (bez vjetra, automatski let 3m\/s)<br \/>\nradna temperatura: -10\u2103 do +45\u2103<\/p>\n<p>Ta\u010dnost lebdenja: horizontalno: \u00b10,5 m; vertikalno: \u00b11,5 m (GPS radi)<\/td>\n<\/tr>\n<tr>\n<td>4K kamera<\/td>\n<td>Senzor slike: 1\/2,3-in\u010dni CMOS, efektivni pikseli: 48 miliona<br \/>\nobjektiv: FOV83\u00b0; 4,49 mm; otvor blende f\/2,6<span style=\"color: #ff0000;\"><br \/>\nISO raspon: 100-1600<\/span><br \/>\n<span style=\"color: #ff0000;\">otvor blende: 1\/2-1\/4000<\/span><br \/>\n<span style=\"color: #ff0000;\">Rezolucija slike: <\/span><span style=\"color: #ff0000;\">8192*4608\/3840*2160<\/span><br \/>\n<span style=\"color: #ff0000;\">Video rezolucija: UHD: 3840*2160 (4K) 30fps FHD: 1920*1080 60fps<br \/>\n<\/span>maksimalni prijenos videa: 100 Mbps<br \/>\nPodr\u017eani formati kartica: Fat32; exFat<br \/>\nFormati slika: JPEG i RAW<br \/>\nvideo formati: MP4<br \/>\nSD kartica: Maksimalno 128 GB Micro SD kartica, formatirana u fat32 sistemu.<\/td>\n<\/tr>\n<tr>\n<td>Gimbal<\/td>\n<td><span style=\"color: #ff0000;\">Stabilizacija: 3-osna\u00a0<\/span><br \/>\npostavke ugla kamere: -90\u00b0 do 30\u00b0<br \/>\nMaksimalna brzina rotacije: Nagib: PIT: 5\u00b0\/s~100\u00b0\/s<br \/>\nPreciznost pode\u0161avanja ugla: stati\u010dko: \u00b10,01\u00b0\uff1bdinami\u010dko: \u00b10,02\u00b0\uff1bantivibracijsko: \u00b10,01\u00b0<\/td>\n<\/tr>\n<tr>\n<td>Obaranje<\/td>\n<td>Ta\u010dnost mjerenja: 0,25 m - 5 m<br \/>\nVizuelna ta\u010dnost: 0,25 m ~ 10 m<\/td>\n<\/tr>\n<tr>\n<td>P2 Daljinski upravlja\u010d<\/td>\n<td>Frekvencijski opseg: od 2,400 GHz do 2,4835 GHz<br \/>\n<span style=\"color: #ff0000;\">Maksimalni domet: 4 KM<\/span> (napolju bez ometanja)<br \/>\nBaterija: 3.7V 3900mAh LiPo<br \/>\nDr\u017ea\u010d za mobilni telefon: dimenzije telefona (dx\u0161xv): 152,5x47x82mm<\/td>\n<\/tr>\n<tr>\n<td>WK-V8 Pametno glasovno upravljanje<\/td>\n<td>Radna frekvencija: 2400MHz do 2483,5MHz<br \/>\n<span style=\"color: #ff0000;\">domet: 3~4 km <\/span>(bez prepreka i smetnji)<br \/>\n<span style=\"color: #ff0000;\">brzina pra\u0107enja: maks. 70 km\/h<br \/>\n<\/span>Ekran: 1,54 in\u010da, LCD rezolucija: 240*240<br \/>\nBaterija: 3.7V 5000mAh 21700 LiPo<br \/>\nTemperaturni raspon: -10\u2103 do 45\u2103<br \/>\nTemperatura punjenja: 5\u2103 do 40\u2103<\/td>\n<\/tr>\n<tr>\n<td>Lipo baterija<\/td>\n<td>Napon: 7,7 V<br \/>\nkapacitet: 2250mAh<br \/>\nbrzina pra\u017enjenja: 10C<br \/>\nTip baterije: LiPo 2S<br \/>\nRaspon temperature punjenja: 5\u2103 do 40\u2103<\/td>\n<\/tr>\n<\/tbody>\n<\/table>\n<p>&nbsp;<\/p>\n<p><strong>Paket:<\/strong><\/p>\n<p data-spm-anchor-id=\"a2g0o.detail.1000023.i5.4e315214JoDgPB\">1 x T210 MINI SE dron<\/p>\n<p data-spm-anchor-id=\"a2g0o.detail.1000023.i5.4e315214JoDgPB\">1 x WK-V8 glasovni kontroler<\/p>\n<p data-spm-anchor-id=\"a2g0o.detail.1000023.i5.4e315214JoDgPB\">1 baterija<\/p>\n<p data-spm-anchor-id=\"a2g0o.detail.1000023.i5.4e315214JoDgPB\">1 x USB kabel za punjenje<\/p>\n<p data-spm-anchor-id=\"a2g0o.detail.1000023.i5.4e315214JoDgPB\">4 x rezervni propeler<\/p>\n<p data-spm-anchor-id=\"a2g0o.detail.1000023.i5.4e315214JoDgPB\">1 x dr\u017ea\u010d za gimbal<\/p>\n<p data-spm-anchor-id=\"a2g0o.detail.1000023.i5.4e315214JoDgPB\">1 x SD kartica od 32 GB<\/p>\n<p data-spm-anchor-id=\"a2g0o.detail.1000023.i5.4e315214JoDgPB\">1 x odvija\u010d<\/p>\n<p data-spm-anchor-id=\"a2g0o.detail.1000023.i5.4e315214JoDgPB\">1 x transportna torba<b><\/b><\/p>\n<p data-spm-anchor-id=\"a2g0o.detail.1000023.i5.4e315214JoDgPB\">","protected":false},"excerpt":{"rendered":"<p><strong>Paket:<\/strong><\/p>\n<p data-spm-anchor-id=\"a2g0o.detail.1000023.i5.4e315214JoDgPB\">1 x T210 MINI SE dron<\/p>\n<p data-spm-anchor-id=\"a2g0o.detail.1000023.i5.4e315214JoDgPB\">1 x WK-V8 glasovni kontroler<\/p>\n<p data-spm-anchor-id=\"a2g0o.detail.1000023.i5.4e315214JoDgPB\">1 baterija<\/p>\n<p data-spm-anchor-id=\"a2g0o.detail.1000023.i5.4e315214JoDgPB\">1 x USB kabel za punjenje<\/p>\n<p data-spm-anchor-id=\"a2g0o.detail.1000023.i5.4e315214JoDgPB\">4 x rezervni propeler<\/p>\n<p data-spm-anchor-id=\"a2g0o.detail.1000023.i5.4e315214JoDgPB\">1 x dr\u017ea\u010d za gimbal<\/p>\n<p data-spm-anchor-id=\"a2g0o.detail.1000023.i5.4e315214JoDgPB\">1 x SD kartica od 32 GB<\/p>\n<p data-spm-anchor-id=\"a2g0o.detail.1000023.i5.4e315214JoDgPB\">1 x odvija\u010d<\/p>\n<p data-spm-anchor-id=\"a2g0o.detail.1000023.i5.4e315214JoDgPB\">1 x transportna torba<\/p>","protected":false},"featured_media":1279,"comment_status":"open","ping_status":"closed","template":"","meta":{"_gspb_post_css":"","_sitemap_exclude":false,"_sitemap_priority":"","_sitemap_frequency":""},"product_brand":[],"product_cat":[49,20],"product_tag":[],"class_list":{"0":"post-1231","1":"product","2":"type-product","3":"status-publish","4":"has-post-thumbnail","6":"product_cat-profi-rc-igrace-za-velike-in-male-po-dusi","7":"product_cat-rc-droni","8":"product_shipping_class-rc","9":"pa_barva-siva","10":"pa_kolicina-akumulatorjev-rc-190","11":"pa_skladisce-centralno-skladisce-slovenija","12":"pa_tip-drona-klasicni-dron","13":"pa_tip-motorja-rc-brezkrtacni","15":"first","16":"instock","17":"shipping-taxable","18":"purchasable","19":"product-type-simple"},"_links":{"self":[{"href":"https:\/\/piflarnakupuje.top\/bs\/wp-json\/wp\/v2\/product\/1231","targetHints":{"allow":["GET"]}}],"collection":[{"href":"https:\/\/piflarnakupuje.top\/bs\/wp-json\/wp\/v2\/product"}],"about":[{"href":"https:\/\/piflarnakupuje.top\/bs\/wp-json\/wp\/v2\/types\/product"}],"replies":[{"embeddable":true,"href":"https:\/\/piflarnakupuje.top\/bs\/wp-json\/wp\/v2\/comments?post=1231"}],"wp:featuredmedia":[{"embeddable":true,"href":"https:\/\/piflarnakupuje.top\/bs\/wp-json\/wp\/v2\/media\/1279"}],"wp:attachment":[{"href":"https:\/\/piflarnakupuje.top\/bs\/wp-json\/wp\/v2\/media?parent=1231"}],"wp:term":[{"taxonomy":"product_brand","embeddable":true,"href":"https:\/\/piflarnakupuje.top\/bs\/wp-json\/wp\/v2\/product_brand?post=1231"},{"taxonomy":"product_cat","embeddable":true,"href":"https:\/\/piflarnakupuje.top\/bs\/wp-json\/wp\/v2\/product_cat?post=1231"},{"taxonomy":"product_tag","embeddable":true,"href":"https:\/\/piflarnakupuje.top\/bs\/wp-json\/wp\/v2\/product_tag?post=1231"}],"curies":[{"name":"wp","href":"https:\/\/api.w.org\/{rel}","templated":true}]}}