{"id":2023,"date":"2024-07-08T09:38:58","date_gmt":"2024-07-08T09:38:58","guid":{"rendered":"https:\/\/piflarnakupuje.top\/?post_type=product&#038;p=2023"},"modified":"2025-07-01T07:53:45","modified_gmt":"2025-07-01T07:53:45","slug":"j1000plus-prenosna-soncna-elektrarna-z-100w-solar-panel-932wh-solar-generator","status":"publish","type":"product","link":"https:\/\/piflarnakupuje.top\/bs\/pp\/j1000plus-prenosna-soncna-elektrarna-z-100w-solar-panel-932wh-solar-generator\/","title":{"rendered":"J1000 plus prenosiva solarna elektrana sa solarnim panelom od 100 W"},"content":{"rendered":"<p style=\"font-weight: 400;\"><strong>Specifikacije:<\/strong><\/p>\n<table style=\"font-weight: 400;\">\n<tbody>\n<tr>\n<td><\/td>\n<td><\/td>\n<\/tr>\n<tr>\n<td>Ime<\/td>\n<td>Mobilna stanica<\/td>\n<\/tr>\n<tr>\n<td>Kapacitet<\/td>\n<td>932,4 Wh (252000 mAh\/3,7 V)<\/td>\n<\/tr>\n<tr>\n<td>AC izlaz<\/td>\n<td>1000W (maks. 2000W)<\/td>\n<\/tr>\n<tr>\n<td>USB<\/td>\n<td>2xQC3.0 (18W)<\/td>\n<\/tr>\n<tr>\n<td>USB C<\/td>\n<td>2xPD 60W<\/td>\n<\/tr>\n<tr>\n<td>Izlaz DC5525<\/td>\n<td>4x14V\/8A (maks.)<\/td>\n<\/tr>\n<tr>\n<td>Izlaz za automobil<\/td>\n<td>1x14V\/8A (maks.)<\/td>\n<\/tr>\n<tr>\n<td>Be\u017ei\u010dni punja\u010d<\/td>\n<td>15W<\/td>\n<\/tr>\n<tr>\n<td>DC ulaz (PV)<\/td>\n<td>18-23V\/10A, 150W (maks.)<\/td>\n<\/tr>\n<tr>\n<td>Baterija<\/td>\n<td>Litijum<\/td>\n<\/tr>\n<tr>\n<td>LED svjetlo<\/td>\n<td>3+3 na\u010dina rada<\/td>\n<\/tr>\n<tr>\n<td>veli\u010dina<\/td>\n<td>34,5*22,7*20,3 cm<\/td>\n<\/tr>\n<tr>\n<td>Te\u017eina<\/td>\n<td>8,7 kg<\/td>\n<\/tr>\n<\/tbody>\n<\/table>\n<p style=\"font-weight: 400;\"><strong>Specifikacije:<\/strong><\/p>\n<table style=\"font-weight: 400;\">\n<tbody>\n<tr>\n<td width=\"284\"><\/td>\n<td width=\"284\"><\/td>\n<\/tr>\n<tr>\n<td width=\"284\">Napojnica<\/td>\n<td width=\"284\">\u00a0Solarni panel<\/td>\n<\/tr>\n<tr>\n<td width=\"284\">Model<\/td>\n<td width=\"284\">\u00a0TSP18V<\/td>\n<\/tr>\n<tr>\n<td width=\"284\">Izlazna snaga<\/td>\n<td width=\"284\">\u00a0100W<\/td>\n<\/tr>\n<tr>\n<td width=\"284\">Izlazni jednosmjerni napon<\/td>\n<td width=\"284\">\u00a018V\/5.56A maks.<\/td>\n<\/tr>\n<tr>\n<td width=\"284\">USB A izlaz (QC3.0)<\/td>\n<td width=\"284\">\u00a018W maks.<\/td>\n<\/tr>\n<tr>\n<td width=\"284\">USB-C izlaz<\/td>\n<td width=\"284\">\u00a065W maks.<\/td>\n<\/tr>\n<tr>\n<td width=\"284\">Presavijeno<\/td>\n<td width=\"284\">\u00a016,34 \u00d7 15,83 boja<\/td>\n<\/tr>\n<tr>\n<td width=\"284\">Postavi<\/td>\n<td width=\"284\">\u00a061,50 \u00d7 15,83 boja<\/td>\n<\/tr>\n<tr>\n<td width=\"284\"><\/td>\n<td width=\"284\"><\/td>\n<\/tr>\n<tr>\n<td width=\"284\">Veli\u010dina paketa<\/td>\n<td width=\"284\">\u00a047x45x9cm<\/td>\n<\/tr>\n<tr>\n<td width=\"284\">Te\u017eina paketa<\/td>\n<td width=\"284\">\u00a02,8 kg<\/p>\n<p>&nbsp;<\/td>\n<\/tr>\n<\/tbody>\n<\/table>\n<p style=\"font-weight: 400;\"><strong>Paket:<\/strong><\/p>\n<p style=\"font-weight: 400;\">1x mobilna stanica<\/p>\n<p style=\"font-weight: 400;\">1x upute<\/p>\n<p style=\"font-weight: 400;\">1x AC adapter<\/p>\n<p style=\"font-weight: 400;\">1x solarni panel 18V\/100W<\/p>\n<p style=\"font-weight: 400;\">1x 18V DC kabel 5,5\u00d72,1 mm<\/p>\n<p style=\"font-weight: 400;\">1x 8mm konektor<\/p>\n<p style=\"font-weight: 400;\">1x 5,5\u00d72,5 mm konektor<\/p>\n<p style=\"font-weight: 400;\">1x 3,5\u00d71,35 mm konektor<\/p>\n<p style=\"font-weight: 400;\">1x 6,3\u00d73,0 mm konektor<\/p>\n<p style=\"font-weight: 400;\">1x Upute za upotrebu<\/p>","protected":false},"excerpt":{"rendered":"<p style=\"font-weight: 400;\"><strong>Paket:<\/strong><\/p>\n<p style=\"font-weight: 400;\">1x mobilna stanica<\/p>\n<p style=\"font-weight: 400;\">1x upute<\/p>\n<p style=\"font-weight: 400;\">1x AC adapter<\/p>\n<p style=\"font-weight: 400;\">1x solarni panel 18V\/100W<\/p>\n<p style=\"font-weight: 400;\">1x 18V DC kabel 5,5\u00d72,1 mm<\/p>\n<p style=\"font-weight: 400;\">1x 8mm konektor<\/p>\n<p style=\"font-weight: 400;\">1x 5,5\u00d72,5 mm konektor<\/p>\n<p style=\"font-weight: 400;\">1x 3,5\u00d71,35 mm konektor<\/p>\n<p style=\"font-weight: 400;\">1x 6,3\u00d73,0 mm konektor<\/p>\n<p style=\"font-weight: 400;\">1x Upute za upotrebu<\/p>","protected":false},"featured_media":2027,"comment_status":"open","ping_status":"closed","template":"","meta":{"_gspb_post_css":"","_sitemap_exclude":false,"_sitemap_priority":"","_sitemap_frequency":""},"product_brand":[],"product_cat":[155,65],"product_tag":[],"class_list":{"0":"post-2023","1":"product","2":"type-product","3":"status-publish","4":"has-post-thumbnail","6":"product_cat-kit-soncne-elektrarne","7":"product_cat-prenosne-soncne-elektrarne","8":"product_shipping_class-ostalo","9":"pa_barva-oranzna","10":"pa_kapaciteta-akumulatorja-od-0-do-1000w-h","11":"pa_kemija-baterije-litijion","12":"pa_moc-sistema-300-do-1500w","13":"pa_skladisce-centralno-skladisce-slovenija","15":"first","16":"instock","17":"shipping-taxable","18":"purchasable","19":"product-type-simple"},"_links":{"self":[{"href":"https:\/\/piflarnakupuje.top\/bs\/wp-json\/wp\/v2\/product\/2023","targetHints":{"allow":["GET"]}}],"collection":[{"href":"https:\/\/piflarnakupuje.top\/bs\/wp-json\/wp\/v2\/product"}],"about":[{"href":"https:\/\/piflarnakupuje.top\/bs\/wp-json\/wp\/v2\/types\/product"}],"replies":[{"embeddable":true,"href":"https:\/\/piflarnakupuje.top\/bs\/wp-json\/wp\/v2\/comments?post=2023"}],"wp:featuredmedia":[{"embeddable":true,"href":"https:\/\/piflarnakupuje.top\/bs\/wp-json\/wp\/v2\/media\/2027"}],"wp:attachment":[{"href":"https:\/\/piflarnakupuje.top\/bs\/wp-json\/wp\/v2\/media?parent=2023"}],"wp:term":[{"taxonomy":"product_brand","embeddable":true,"href":"https:\/\/piflarnakupuje.top\/bs\/wp-json\/wp\/v2\/product_brand?post=2023"},{"taxonomy":"product_cat","embeddable":true,"href":"https:\/\/piflarnakupuje.top\/bs\/wp-json\/wp\/v2\/product_cat?post=2023"},{"taxonomy":"product_tag","embeddable":true,"href":"https:\/\/piflarnakupuje.top\/bs\/wp-json\/wp\/v2\/product_tag?post=2023"}],"curies":[{"name":"wp","href":"https:\/\/api.w.org\/{rel}","templated":true}]}}