{"id":4243,"date":"2024-07-19T11:24:23","date_gmt":"2024-07-19T11:24:23","guid":{"rendered":"https:\/\/piflarnakupuje.top\/?post_type=product&#038;p=4243"},"modified":"2025-07-01T07:50:19","modified_gmt":"2025-07-01T07:50:19","slug":"sw-x4-pro-klipper-programska-oprema-500mm-s-3d-tiskalnik-visoke-hitrosti-240240260mm","status":"publish","type":"product","link":"https:\/\/piflarnakupuje.top\/bs\/pp\/sw-x4-pro-klipper-programska-oprema-500mm-s-3d-tiskalnik-visoke-hitrosti-240240260mm\/","title":{"rendered":"SW X4 Pro Klipper Software 500mm\/S 3D \u0161tampa\u010d velike brzine 240*240*260mm"},"content":{"rendered":"<p><strong>Specifikacija<\/strong><\/p>\n<p>\u00b7 Veli\u010dina \u0161tampe: 240*240*260 mm<br \/>\n\u00b7 Brzina \u0161tampanja: 500 mm\/s<br \/>\n\u00b7 Softver: Klipper Firmware Pressure Advance &amp; Input Shaping<br \/>\n\u00b7 Dodatno oja\u010dano ku\u0107i\u0161te protiv vibracija<br \/>\n\u00b7 9\u00d79(81) bodova <a href=\"https:\/\/piflarnakupuje.top\/bs\/piflar-test-mn-128-1-12-2-4g-4wd-rc-crawler\/\">automobil<\/a> niveliranje<br \/>\n\u00b7 Temperatura mlaznice za \u0161tampanje do 300\u00b0C<br \/>\n\u00b7 Wifi\/USB-C povezivost<br \/>\n\u00b7 Funkcija nastavka \u0161tampanja<br \/>\n\u00b7 Vi\u0161e u galeriji proizvoda<\/p>\n<p>&nbsp;<\/p>\n<p><strong>Paket<\/strong><\/p>\n<p>1 x SW x4 <a href=\"https:\/\/piflarnakupuje.top\/bs\/piflar-testira-in-preizkusa-tokrat-pod-lupo-ttronxy-xy%e2%80%912-pro-2e-3d-tiskalnik-zmogljiv-2%e2%80%91v%e2%80%911-dizajn-za-barvne-kreacije\/\">3D \u0161tampa\u010d<\/a><\/p>\n<p>1 x Upute za upotrebu<\/p>","protected":false},"excerpt":{"rendered":"<p><strong>Paket<\/strong><\/p>\n<p>1 x SW x4 3D \u0161tampa\u010d<\/p>\n<p>1 x Upute za upotrebu<\/p>","protected":false},"featured_media":4251,"comment_status":"open","ping_status":"closed","template":"","meta":{"_gspb_post_css":"","_sitemap_exclude":false,"_sitemap_priority":"","_sitemap_frequency":""},"product_brand":[],"product_cat":[86,71],"product_tag":[],"class_list":{"0":"post-4243","1":"product","2":"type-product","3":"status-publish","4":"has-post-thumbnail","6":"product_cat-3d-tiskalniki","7":"product_cat-piflarjev-raziskovalni-laboratorij","8":"pa_barva-crna","9":"pa_povezljivost-naprave-usb","10":"pa_povezljivost-naprave-wifi","11":"pa_prostor-uporabe-odznotraj","12":"pa_skladisce-brezcarinsko-skladisce-slovenija","13":"pa_velikost-obdelovanca-od-300-do-320mm","15":"first","16":"instock","17":"shipping-taxable","18":"purchasable","19":"product-type-simple"},"_links":{"self":[{"href":"https:\/\/piflarnakupuje.top\/bs\/wp-json\/wp\/v2\/product\/4243","targetHints":{"allow":["GET"]}}],"collection":[{"href":"https:\/\/piflarnakupuje.top\/bs\/wp-json\/wp\/v2\/product"}],"about":[{"href":"https:\/\/piflarnakupuje.top\/bs\/wp-json\/wp\/v2\/types\/product"}],"replies":[{"embeddable":true,"href":"https:\/\/piflarnakupuje.top\/bs\/wp-json\/wp\/v2\/comments?post=4243"}],"wp:featuredmedia":[{"embeddable":true,"href":"https:\/\/piflarnakupuje.top\/bs\/wp-json\/wp\/v2\/media\/4251"}],"wp:attachment":[{"href":"https:\/\/piflarnakupuje.top\/bs\/wp-json\/wp\/v2\/media?parent=4243"}],"wp:term":[{"taxonomy":"product_brand","embeddable":true,"href":"https:\/\/piflarnakupuje.top\/bs\/wp-json\/wp\/v2\/product_brand?post=4243"},{"taxonomy":"product_cat","embeddable":true,"href":"https:\/\/piflarnakupuje.top\/bs\/wp-json\/wp\/v2\/product_cat?post=4243"},{"taxonomy":"product_tag","embeddable":true,"href":"https:\/\/piflarnakupuje.top\/bs\/wp-json\/wp\/v2\/product_tag?post=4243"}],"curies":[{"name":"wp","href":"https:\/\/api.w.org\/{rel}","templated":true}]}}