{"id":4266,"date":"2024-07-19T11:52:57","date_gmt":"2024-07-19T11:52:57","guid":{"rendered":"https:\/\/piflarnakupuje.top\/?post_type=product&#038;p=4266"},"modified":"2025-07-01T07:49:58","modified_gmt":"2025-07-01T07:49:58","slug":"xy-2-pro-2e-3d-tiskalnik-velikost-tiskanja-255x255x245mm-2-v-1-dvojna-soba","status":"publish","type":"product","link":"https:\/\/piflarnakupuje.top\/bs\/pp\/xy-2-pro-2e-3d-tiskalnik-velikost-tiskanja-255x255x245mm-2-v-1-dvojna-soba\/","title":{"rendered":"XY-2 PRO 2E 3D \u0161tampa\u010d Veli\u010dina \u0161tampanja 255x255x245mm 2 u 1 dvostruka mlaznica"},"content":{"rendered":"<p><strong>Specifikacije:<\/strong><\/p>\n<p>Model: XY2 PRO 2E<br \/>\nNapajanje: DC24V 15A<br \/>\nPriklju\u010dak za napajanje: 220V, 50\/60Hz<br \/>\nVeli\u010dina \u0161tampe: 255*255*245 mm<br \/>\ndebljina \u0161tampe: 0,1-0,3 mm<br \/>\nBrzina \u0161tampanja: 20mm-100mm\/s<br \/>\n\u0160tampanje u dvije boje<br \/>\nPre\u010dnik mlaznice: 0,4 mm<br \/>\nPodr\u017eava materijale: 1,75 mm PLA, ABS, PETG, TPU, DRVO<br \/>\nTa\u010dnost pozicioniranja: X\/Y: 0,00625 mm, Z: 0,00125 mm<br \/>\nSoftver: Tronxy Slicer<br \/>\nFormati datoteka: STL.OBJ.DAE.AMF.G KOD<br \/>\nOperativni sistem: Repetier-Host \/ Cura<br \/>\nPodr\u017eava: sve Windowse<br \/>\nPovezivanje: USB, TF kartica<br \/>\nRadna temperatura: 8\u2103-40\u2103<br \/>\nTemperatura mlaznice: Maks. 275\u2103<br \/>\nMinimalna temperatura: Maks. 100 \u2103<br \/>\nOperativni sistem: za Win\/MAC OS<br \/>\nVeli\u010dina ure\u0111aja: 44,5 x 46 x 63 cm<br \/>\nTe\u017eina ure\u0111aja: 9,5 kg<br \/>\nPakovanje: 51 x 48 x 23 cm<br \/>\nTe\u017eina paketa: 13 kg \/ 28,7 lbs<\/p>\n<p><strong>Paket:<\/strong><br \/>\n1 x <a href=\"https:\/\/piflarnakupuje.top\/bs\/piflar-testira-in-preizkusa-tokrat-pod-lupo-ttronxy-xy%e2%80%912-pro-2e-3d-tiskalnik-zmogljiv-2%e2%80%91v%e2%80%911-dizajn-za-barvne-kreacije\/\">3D Printer<\/a><\/p>\n<p>1 x 250g filamenta<\/p>\n<p>1 x Uputstvo za upotrebu<\/p>","protected":false},"excerpt":{"rendered":"<p><strong>Paket:<\/strong><br \/>\n1 x 3D \u0161tampa\u010d<\/p>\n<p>1 x 250g filamenta<\/p>\n<p>1 x Uputstvo za upotrebu<\/p>","protected":false},"featured_media":4274,"comment_status":"open","ping_status":"closed","template":"","meta":{"_gspb_post_css":"","_sitemap_exclude":false,"_sitemap_priority":"","_sitemap_frequency":""},"product_brand":[],"product_cat":[86,71],"product_tag":[],"class_list":{"0":"post-4266","1":"product","2":"type-product","3":"status-publish","4":"has-post-thumbnail","6":"product_cat-3d-tiskalniki","7":"product_cat-piflarjev-raziskovalni-laboratorij","8":"product_shipping_class-3d-tiskalniki","9":"pa_barva-crna","10":"pa_povezljivost-naprave-sd-kartica","11":"pa_povezljivost-naprave-usb","12":"pa_prostor-uporabe-odznotraj","13":"pa_skladisce-brezcarinsko-skladisce-slovenija","14":"pa_velikost-obdelovanca-od-300-do-320mm","16":"first","17":"instock","18":"shipping-taxable","19":"purchasable","20":"product-type-simple"},"_links":{"self":[{"href":"https:\/\/piflarnakupuje.top\/bs\/wp-json\/wp\/v2\/product\/4266","targetHints":{"allow":["GET"]}}],"collection":[{"href":"https:\/\/piflarnakupuje.top\/bs\/wp-json\/wp\/v2\/product"}],"about":[{"href":"https:\/\/piflarnakupuje.top\/bs\/wp-json\/wp\/v2\/types\/product"}],"replies":[{"embeddable":true,"href":"https:\/\/piflarnakupuje.top\/bs\/wp-json\/wp\/v2\/comments?post=4266"}],"wp:featuredmedia":[{"embeddable":true,"href":"https:\/\/piflarnakupuje.top\/bs\/wp-json\/wp\/v2\/media\/4274"}],"wp:attachment":[{"href":"https:\/\/piflarnakupuje.top\/bs\/wp-json\/wp\/v2\/media?parent=4266"}],"wp:term":[{"taxonomy":"product_brand","embeddable":true,"href":"https:\/\/piflarnakupuje.top\/bs\/wp-json\/wp\/v2\/product_brand?post=4266"},{"taxonomy":"product_cat","embeddable":true,"href":"https:\/\/piflarnakupuje.top\/bs\/wp-json\/wp\/v2\/product_cat?post=4266"},{"taxonomy":"product_tag","embeddable":true,"href":"https:\/\/piflarnakupuje.top\/bs\/wp-json\/wp\/v2\/product_tag?post=4266"}],"curies":[{"name":"wp","href":"https:\/\/api.w.org\/{rel}","templated":true}]}}