{"id":4276,"date":"2024-07-19T12:10:40","date_gmt":"2024-07-19T12:10:40","guid":{"rendered":"https:\/\/piflarnakupuje.top\/?post_type=product&#038;p=4276"},"modified":"2025-07-01T07:49:54","modified_gmt":"2025-07-01T07:49:54","slug":"s10-10w-laserski-gravirni-rezalni-stroj-0-08mm-visoke-natancnosti-400-x-410-velikost-obdelave","status":"publish","type":"product","link":"https:\/\/piflarnakupuje.top\/bs\/pp\/s10-10w-laserski-gravirni-rezalni-stroj-0-08mm-visoke-natancnosti-400-x-410-velikost-obdelave\/","title":{"rendered":"S10 10W laserska gravura i rezna ma\u0161ina 0,08 mm visoka preciznost 400 x 410 veli\u010dina obrade"},"content":{"rendered":"<div>\n<div><b>Karakteristike:<\/b><\/div>\n<div><\/div>\n<div>1. Specijalna mlaznica za dovod zraka, protok do 30l\/min<\/div>\n<div><\/div>\n<div>2. Ultra-uski laser od 10 W za visoku ta\u010dkastu energiju<\/div>\n<div><\/div>\n<div>3. Kombinacija zra\u010dne mlaznice i lasera \u010dini ovaj ure\u0111aj usporedivim s industrijskim<\/div>\n<div><\/div>\n<div>4. Visoka preciznost rezanja<\/div>\n<div><\/div>\n<div>5. 32-bitna mati\u010dna plo\u010da: Za br\u017ee kretanje i izra\u010dunavanje.<\/div>\n<div><\/div>\n<div>6. Pro\u0161irivo podru\u010dje za rezanje i graviranje do 950 mm x 450 mm.<\/div>\n<div><\/div>\n<div>7. Podesivi \u0161tit od laserske refleksije za za\u0161titu tokom nastave.<\/div>\n<div><\/div>\n<div>9. \u017deljezna baza A$ \u0161titi povr\u0161inu za \u0161tampanje od o\u0161te\u0107enja.<\/div>\n<div><\/div>\n<div>10. Osnovna veli\u010dina \u0161tampe 410*400mm.<\/div>\n<\/div>\n<div><\/div>\n<div><b>Paket:<\/b><\/div>\n<div><b>\u00a0<\/b><\/div>\n<div>1x Ma\u0161ina za graviranje i rezanje<\/div>\n<div>3\u00d7 Torba za alat<\/div>\n<div>1\u00d7 za\u0161titne nao\u010dale<\/div>\n<div>1\u00d7 drvena podloga za testiranje<\/div>\n<div>1 x metalna podloga veli\u010dine A4<\/div>\n<div>1x Upute za sastavljanjeUpute za upotrebu<\/div>","protected":false},"excerpt":{"rendered":"<div><b>Paket:<\/b><\/div>\n<div><b>\u00a0<\/b><\/div>\n<div>1x Ma\u0161ina za graviranje i rezanje<\/div>\n<div>3\u00d7 Torba za alat<\/div>\n<div>1\u00d7 za\u0161titne nao\u010dale<\/div>\n<div>1\u00d7 drvena podloga za testiranje<\/div>\n<div>1 x metalna podloga veli\u010dine A4<\/div>\n<div>1x Upute za sastavljanjeUpute za upotrebu<\/div>","protected":false},"featured_media":4286,"comment_status":"open","ping_status":"closed","template":"","meta":{"_gspb_post_css":"","_sitemap_exclude":false,"_sitemap_priority":"","_sitemap_frequency":""},"product_brand":[],"product_cat":[85,71],"product_tag":[],"class_list":{"0":"post-4276","1":"product","2":"type-product","3":"status-publish","4":"has-post-thumbnail","6":"product_cat-laserski-rezalniki-in-graverji","7":"product_cat-piflarjev-raziskovalni-laboratorij","8":"product_shipping_class-3d-tiskalniki","9":"pa_barva-modra","10":"pa_povezljivost-naprave-usb","11":"pa_prostor-uporabe-odznotraj","12":"pa_skladisce-centralno-skladisce-slovenija","13":"pa_velikost-obdelovanca-nad-400mm","15":"first","16":"instock","17":"shipping-taxable","18":"purchasable","19":"product-type-simple"},"_links":{"self":[{"href":"https:\/\/piflarnakupuje.top\/bs\/wp-json\/wp\/v2\/product\/4276","targetHints":{"allow":["GET"]}}],"collection":[{"href":"https:\/\/piflarnakupuje.top\/bs\/wp-json\/wp\/v2\/product"}],"about":[{"href":"https:\/\/piflarnakupuje.top\/bs\/wp-json\/wp\/v2\/types\/product"}],"replies":[{"embeddable":true,"href":"https:\/\/piflarnakupuje.top\/bs\/wp-json\/wp\/v2\/comments?post=4276"}],"wp:featuredmedia":[{"embeddable":true,"href":"https:\/\/piflarnakupuje.top\/bs\/wp-json\/wp\/v2\/media\/4286"}],"wp:attachment":[{"href":"https:\/\/piflarnakupuje.top\/bs\/wp-json\/wp\/v2\/media?parent=4276"}],"wp:term":[{"taxonomy":"product_brand","embeddable":true,"href":"https:\/\/piflarnakupuje.top\/bs\/wp-json\/wp\/v2\/product_brand?post=4276"},{"taxonomy":"product_cat","embeddable":true,"href":"https:\/\/piflarnakupuje.top\/bs\/wp-json\/wp\/v2\/product_cat?post=4276"},{"taxonomy":"product_tag","embeddable":true,"href":"https:\/\/piflarnakupuje.top\/bs\/wp-json\/wp\/v2\/product_tag?post=4276"}],"curies":[{"name":"wp","href":"https:\/\/api.w.org\/{rel}","templated":true}]}} 