{"id":4289,"date":"2024-07-19T12:29:20","date_gmt":"2024-07-19T12:29:20","guid":{"rendered":"https:\/\/piflarnakupuje.top\/?post_type=product&#038;p=4289"},"modified":"2025-07-01T07:49:50","modified_gmt":"2025-07-01T07:49:50","slug":"neptune-4-max-fdm-3d-tiskalnik-visoke-hitrosti-do-500mm-s-velikost-tiskanja-420x420x480mm","status":"publish","type":"product","link":"https:\/\/piflarnakupuje.top\/bs\/pp\/neptune-4-max-fdm-3d-tiskalnik-visoke-hitrosti-do-500mm-s-velikost-tiskanja-420x420x480mm\/","title":{"rendered":"Neptune 4 MAX FDM 3D \u0161tampa\u010d Velika brzina do 500 mm\/s Veli\u010dina \u0161tampe 420x420x480 mm"},"content":{"rendered":"<p><strong>Specifikacije<\/strong><\/p>\n<p>Izuzetna veli\u010dina radnog komada 420 x 420 x 480 mm<\/p>\n<p>Unaprijed napunjeni Klipper sa standardnom brzinom od 250 mm\/s, maksimalnom brzinom od 500 mm\/s i maksimalnim ubrzanjem od 8.000 mm\/s\u00b2,<\/p>\n<p>Podesivi pritisak i oblik glave za bolji oblik radnog komada,<\/p>\n<p>Inovativni senzori ubrzanja na x i y osama,<\/p>\n<p>Mati\u010dna plo\u010da ARM 64-bitni \u010detverojezgreni procesor s brzinom od 1,5 GHz,<\/p>\n<p>Direktni ekstruder sa prenosnim odnosom zup\u010danika 5,2:1,<\/p>\n<p>Temperatura mlaznice do 300 \u00b0C,<\/p>\n<p>Kerami\u010dki grija\u010d od 60 W,<\/p>\n<p>Efikasan sistem hla\u0111enja sa ventilatorom do 9600 obrtaja u minuti.<\/p>\n<p>&nbsp;<\/p>\n<p><strong>Paket<\/strong><\/p>\n<p>1 x <a href=\"https:\/\/piflarnakupuje.top\/bs\/piflar-testira-in-preizkusa-tokrat-pod-lupo-ttronxy-xy%e2%80%912-pro-2e-3d-tiskalnik-zmogljiv-2%e2%80%91v%e2%80%911-dizajn-za-barvne-kreacije\/\">3D \u0161tampa\u010d<\/a><\/p>\n<p>1 x Uputstvo za upotrebu<\/p>\n<p>&nbsp;<\/p>\n<p>&nbsp;<\/p>","protected":false},"excerpt":{"rendered":"<p><strong>Paket<\/strong><\/p>\n<p>1 x 3D \u0161tampa\u010d<\/p>\n<p>1 x Uputstvo za upotrebu<\/p>","protected":false},"featured_media":4290,"comment_status":"open","ping_status":"closed","template":"","meta":{"_gspb_post_css":"","_sitemap_exclude":false,"_sitemap_priority":"","_sitemap_frequency":""},"product_brand":[],"product_cat":[86,71],"product_tag":[],"class_list":{"0":"post-4289","1":"product","2":"type-product","3":"status-publish","4":"has-post-thumbnail","6":"product_cat-3d-tiskalniki","7":"product_cat-piflarjev-raziskovalni-laboratorij","8":"product_shipping_class-3d-tiskalniki","9":"pa_barva-siva","10":"pa_povezljivost-naprave-usb","11":"pa_prostor-uporabe-odznotraj","12":"pa_skladisce-brezcarinsko-skladisce-slovenija","13":"pa_velikost-obdelovanca-nad-400mm","15":"first","16":"instock","17":"shipping-taxable","18":"purchasable","19":"product-type-simple"},"_links":{"self":[{"href":"https:\/\/piflarnakupuje.top\/bs\/wp-json\/wp\/v2\/product\/4289","targetHints":{"allow":["GET"]}}],"collection":[{"href":"https:\/\/piflarnakupuje.top\/bs\/wp-json\/wp\/v2\/product"}],"about":[{"href":"https:\/\/piflarnakupuje.top\/bs\/wp-json\/wp\/v2\/types\/product"}],"replies":[{"embeddable":true,"href":"https:\/\/piflarnakupuje.top\/bs\/wp-json\/wp\/v2\/comments?post=4289"}],"wp:featuredmedia":[{"embeddable":true,"href":"https:\/\/piflarnakupuje.top\/bs\/wp-json\/wp\/v2\/media\/4290"}],"wp:attachment":[{"href":"https:\/\/piflarnakupuje.top\/bs\/wp-json\/wp\/v2\/media?parent=4289"}],"wp:term":[{"taxonomy":"product_brand","embeddable":true,"href":"https:\/\/piflarnakupuje.top\/bs\/wp-json\/wp\/v2\/product_brand?post=4289"},{"taxonomy":"product_cat","embeddable":true,"href":"https:\/\/piflarnakupuje.top\/bs\/wp-json\/wp\/v2\/product_cat?post=4289"},{"taxonomy":"product_tag","embeddable":true,"href":"https:\/\/piflarnakupuje.top\/bs\/wp-json\/wp\/v2\/product_tag?post=4289"}],"curies":[{"name":"wp","href":"https:\/\/api.w.org\/{rel}","templated":true}]}}