{"id":4312,"date":"2024-07-19T13:12:39","date_gmt":"2024-07-19T13:12:39","guid":{"rendered":"https:\/\/piflarnakupuje.top\/?post_type=product&#038;p=4312"},"modified":"2025-07-01T07:49:43","modified_gmt":"2025-07-01T07:49:43","slug":"magician-x-3d-tiskalnik-velikost-tiskanja-230x230x260mm-pametna-samo-izravnalna-miza-z-tmc-silent-maticno-plosco","status":"publish","type":"product","link":"https:\/\/piflarnakupuje.top\/bs\/pp\/magician-x-3d-tiskalnik-velikost-tiskanja-230x230x260mm-pametna-samo-izravnalna-miza-z-tmc-silent-maticno-plosco\/","title":{"rendered":"Magician X 3D \u0161tampa\u010d Veli\u010dina ispisa 230x230x260mm Pametni samoniveliraju\u0107i sto sa TMC tihom mati\u010dnom plo\u010dom"},"content":{"rendered":"<p><strong>Specifikacije<\/strong><\/p>\n<p>\u25cf Tehnologija tiskanja: FDM<br \/>\n\u25cf Volumen tiskanja: 230(L)*230(W)*260(H)mm<br \/>\n\u25cf Resolucija tiskanja: \u00b1 0.1mm<br \/>\n\u25cf To\u010dnost pozicioniranja: X\/Y 0.0125mm, Z 0.002mm<br \/>\n\u25cf \u0160tevilo \u0161ob: enojna<br \/>\n\u25cf Premer \u0161obe: 0.4mm<br \/>\n\u25cf Hitrost tiskanja: &lt;200mm\/s (priporo\u010dljiva 60 &#8211; 80mm\/s)<br \/>\n\u25cf Podpira filamente: PLA, TPU, ABS<br \/>\n\u25cf Programska oprema za razrez: Cura<br \/>\n\u25cf Formati datotek: .STL, .OBJ, .AMF<br \/>\n\u25cf Izhodni format: GCODE<br \/>\n\u25cf Povezljivost: SD kartica, U Disk, USB-C<br \/>\n\u25cf Delovna napetost: 240 V AC, 50\/60Hz<br \/>\n\u25cf Izhodna napetost: 24V (350W)<br \/>\n\u25cf Delovno okolje: 5\u2103 &#8211; 40\u2103<br \/>\n\u25cf Temperatura \u0161obe: max. \u2264260\u2103<br \/>\n\u25cf Maksimalna temperatura mize: max. \u2264110\u2103<br \/>\n\u25cf Velikost naprave: 460mm*415mm*546mm<br \/>\n\u25cf Te\u017ea naprave: ~7.4kg<\/p>\n<p><b>Paket:<\/b><\/p>\n<p>1 x 3D \u0161tampa\u010d<\/p>\n<p>1 x Uputstvo za upotrebu<\/p>","protected":false},"excerpt":{"rendered":"<p><b>Paket:<\/b><\/p>\n<p>1 x 3D \u0161tampa\u010d<\/p>\n<p>1 x Uputstvo za upotrebu<\/p>","protected":false},"featured_media":4329,"comment_status":"open","ping_status":"closed","template":"","meta":{"_gspb_post_css":"","_sitemap_exclude":false,"_sitemap_priority":"","_sitemap_frequency":""},"product_brand":[],"product_cat":[86,71],"product_tag":[],"class_list":{"0":"post-4312","1":"product","2":"type-product","3":"status-publish","4":"has-post-thumbnail","6":"product_cat-3d-tiskalniki","7":"product_cat-piflarjev-raziskovalni-laboratorij","8":"product_shipping_class-3d-tiskalniki","9":"pa_barva-crna","10":"pa_povezljivost-naprave-sd-kartica","11":"pa_povezljivost-naprave-usb","12":"pa_prostor-uporabe-odznotraj","13":"pa_skladisce-brezcarinsko-skladisce-slovenija","14":"pa_velikost-obdelovanca-od-320-do-350mm","16":"first","17":"instock","18":"shipping-taxable","19":"purchasable","20":"product-type-simple"},"_links":{"self":[{"href":"https:\/\/piflarnakupuje.top\/bs\/wp-json\/wp\/v2\/product\/4312","targetHints":{"allow":["GET"]}}],"collection":[{"href":"https:\/\/piflarnakupuje.top\/bs\/wp-json\/wp\/v2\/product"}],"about":[{"href":"https:\/\/piflarnakupuje.top\/bs\/wp-json\/wp\/v2\/types\/product"}],"replies":[{"embeddable":true,"href":"https:\/\/piflarnakupuje.top\/bs\/wp-json\/wp\/v2\/comments?post=4312"}],"wp:featuredmedia":[{"embeddable":true,"href":"https:\/\/piflarnakupuje.top\/bs\/wp-json\/wp\/v2\/media\/4329"}],"wp:attachment":[{"href":"https:\/\/piflarnakupuje.top\/bs\/wp-json\/wp\/v2\/media?parent=4312"}],"wp:term":[{"taxonomy":"product_brand","embeddable":true,"href":"https:\/\/piflarnakupuje.top\/bs\/wp-json\/wp\/v2\/product_brand?post=4312"},{"taxonomy":"product_cat","embeddable":true,"href":"https:\/\/piflarnakupuje.top\/bs\/wp-json\/wp\/v2\/product_cat?post=4312"},{"taxonomy":"product_tag","embeddable":true,"href":"https:\/\/piflarnakupuje.top\/bs\/wp-json\/wp\/v2\/product_tag?post=4312"}],"curies":[{"name":"wp","href":"https:\/\/api.w.org\/{rel}","templated":true}]}}