{"id":5147,"date":"2024-07-23T08:39:47","date_gmt":"2024-07-23T08:39:47","guid":{"rendered":"https:\/\/piflarnakupuje.top\/?post_type=product&#038;p=5147"},"modified":"2025-07-01T07:49:26","modified_gmt":"2025-07-01T07:49:26","slug":"x5sa-diy-aluminijast-3d-tiskalnik-330330400mm-velikost-tiskanja-z-zaslonom-na-dotik","status":"publish","type":"product","link":"https:\/\/piflarnakupuje.top\/bs\/pp\/x5sa-diy-aluminijast-3d-tiskalnik-330330400mm-velikost-tiskanja-z-zaslonom-na-dotik\/","title":{"rendered":"X5SA DIY aluminijski 3D \u0161tampa\u010d 330*330*400 mm veli\u010dina \u0161tampanja sa ekranom osjetljivim na dodir"},"content":{"rendered":"<p><b>Funkcije: <\/b><\/p>\n<p>1. Maksimalna veli\u010dina ispisa: 330*330*400 mm<\/p>\n<p>2. Radi izdr\u017eljivosti, kompletna konstrukcija je od aluminija<\/p>\n<p>3. A\u017eurirani ekran osjetljiv na dodir za ve\u0107u funkcionalnost<\/p>\n<p>4. Podloga za \u0161tampanje koja se ne uvija<\/p>\n<p>5. <a href=\"https:\/\/piflarnakupuje.top\/bs\/piflar-test-mn-128-1-12-2-4g-4wd-rc-crawler\/\">Auto<\/a> niveliranje<\/p>\n<p>6. Sa za\u0161titom od prekida i nastavite tamo gdje je \u0161tampanje zavr\u0161eno<\/p>\n<p>7. Ne uklju\u010duje senzor za kvar filamenta, opciono<\/p>\n<p>8. Dvostruka stabilizacija x-ose, za ve\u0107u preciznost \u0161tampanja<\/p>\n<p>9. Potro\u0161nja energije pri radu 360 W. Radni napon 24 V.<\/p>\n<p>10. Jednostavna i brza monta\u017ea<\/p>","protected":false},"excerpt":{"rendered":"<p><strong>Paket:<\/strong><\/p>\n<p>1 x 3D \u0161tampa\u010d<\/p>\n<p>1 x upute za sastavljanje<\/p>\n<p>1 x uputstvo za upotrebu<\/p>","protected":false},"featured_media":5148,"comment_status":"open","ping_status":"closed","template":"","meta":{"_gspb_post_css":"","_sitemap_exclude":false,"_sitemap_priority":"","_sitemap_frequency":""},"product_brand":[],"product_cat":[86,71],"product_tag":[],"class_list":{"0":"post-5147","1":"product","2":"type-product","3":"status-publish","4":"has-post-thumbnail","6":"product_cat-3d-tiskalniki","7":"product_cat-piflarjev-raziskovalni-laboratorij","8":"product_shipping_class-3d-tiskalniki","9":"pa_barva-crna","10":"pa_povezljivost-naprave-usb","11":"pa_prostor-uporabe-odznotraj","12":"pa_skladisce-brezcarinsko-skladisce-slovenija","13":"pa_velikost-obdelovanca-od-320-do-350mm","15":"first","16":"instock","17":"shipping-taxable","18":"purchasable","19":"product-type-simple"},"_links":{"self":[{"href":"https:\/\/piflarnakupuje.top\/bs\/wp-json\/wp\/v2\/product\/5147","targetHints":{"allow":["GET"]}}],"collection":[{"href":"https:\/\/piflarnakupuje.top\/bs\/wp-json\/wp\/v2\/product"}],"about":[{"href":"https:\/\/piflarnakupuje.top\/bs\/wp-json\/wp\/v2\/types\/product"}],"replies":[{"embeddable":true,"href":"https:\/\/piflarnakupuje.top\/bs\/wp-json\/wp\/v2\/comments?post=5147"}],"wp:featuredmedia":[{"embeddable":true,"href":"https:\/\/piflarnakupuje.top\/bs\/wp-json\/wp\/v2\/media\/5148"}],"wp:attachment":[{"href":"https:\/\/piflarnakupuje.top\/bs\/wp-json\/wp\/v2\/media?parent=5147"}],"wp:term":[{"taxonomy":"product_brand","embeddable":true,"href":"https:\/\/piflarnakupuje.top\/bs\/wp-json\/wp\/v2\/product_brand?post=5147"},{"taxonomy":"product_cat","embeddable":true,"href":"https:\/\/piflarnakupuje.top\/bs\/wp-json\/wp\/v2\/product_cat?post=5147"},{"taxonomy":"product_tag","embeddable":true,"href":"https:\/\/piflarnakupuje.top\/bs\/wp-json\/wp\/v2\/product_tag?post=5147"}],"curies":[{"name":"wp","href":"https:\/\/api.w.org\/{rel}","templated":true}]}}