{"id":5158,"date":"2024-07-23T08:53:00","date_gmt":"2024-07-23T08:53:00","guid":{"rendered":"https:\/\/piflarnakupuje.top\/?post_type=product&#038;p=5158"},"modified":"2025-07-01T07:49:23","modified_gmt":"2025-07-01T07:49:23","slug":"x5sa-400-diy-3d-tiskalnik-400400400mm-velikost-tiskanja-avto-izravnalna-miza-zaslon-na-dotik","status":"publish","type":"product","link":"https:\/\/piflarnakupuje.top\/bs\/pp\/x5sa-400-diy-3d-tiskalnik-400400400mm-velikost-tiskanja-avto-izravnalna-miza-zaslon-na-dotik\/","title":{"rendered":"X5SA-400 DIY 3D \u0161tampa\u010d 400*400*400 mm Veli\u010dina \u0161tampanja Automatsko nivelisanje stola Ekran osetljiv na dodir"},"content":{"rendered":"<p>&nbsp;<\/p>\n<table border=\"1\" cellspacing=\"1\">\n<tbody>\n<tr>\n<td colspan=\"2\">Specifikacije<\/td>\n<\/tr>\n<tr>\n<td><\/td>\n<td><\/td>\n<\/tr>\n<tr>\n<td>Smje\u0161taj<\/td>\n<td>Aluminijski profil<\/td>\n<\/tr>\n<tr>\n<td>Veli\u010dina ispisa<\/td>\n<td>400*400*400mm<\/td>\n<\/tr>\n<tr>\n<td>Debljina sloja<\/td>\n<td>0,1-0,4 mm<\/td>\n<\/tr>\n<tr>\n<td>Ekran osjetljiv na dodir<\/td>\n<td>i<\/td>\n<\/tr>\n<tr>\n<td>\u0160tampanje<\/td>\n<td>TF\/USB<\/td>\n<\/tr>\n<tr>\n<td>Brzina \u0161tampanja<\/td>\n<td>20 \u2013 100 mm\/s<\/td>\n<\/tr>\n<tr>\n<td>Ta\u010dnost x, y ose<\/td>\n<td>0,0125 mm<\/td>\n<\/tr>\n<tr>\n<td>Ta\u010dnost Z-ose<\/td>\n<td>0,02 mm<\/td>\n<\/tr>\n<tr>\n<td>Veli\u010dina mlaznice<\/td>\n<td>0,4 mm<\/td>\n<\/tr>\n<tr>\n<td>Temperatura mlaznice<\/td>\n<td>170-275\u2103<\/td>\n<\/tr>\n<tr>\n<td>Vrste filamenata<\/td>\n<td>PLA, ABS, HIPS, DRVO, PC, PVC\u2026<\/td>\n<\/tr>\n<tr>\n<td>Pre\u010dnik materijala<\/td>\n<td>1,75 mm<\/td>\n<\/tr>\n<tr>\n<td><\/td>\n<td><\/td>\n<\/tr>\n<tr>\n<td>Formati za \u0161tampu<\/td>\n<td>STL, G-kod, OBJ<\/td>\n<\/tr>\n<tr>\n<td>Veli\u010dina \u0161tampa\u010da<\/td>\n<td>710*635*640 mm<\/td>\n<\/tr>\n<tr>\n<td>Veli\u010dina paketa<\/td>\n<td>670*480*190 mm<\/td>\n<\/tr>\n<tr>\n<td>Napajanje<\/td>\n<td>220V 360W 24V<\/td>\n<\/tr>\n<tr>\n<td>Operativni sistem<\/td>\n<td>Windows, Linux<\/td>\n<\/tr>\n<tr>\n<td>Softver<\/td>\n<td>TRONXY Reza\u010d, Cura, Simplify3D<\/td>\n<\/tr>\n<tr>\n<td>Radna temperatura<\/td>\n<td>-5-40\u2103, vla\u017enost: 20-80%<\/td>\n<\/tr>\n<tr>\n<td>Te\u017eina paketa<\/td>\n<td>16 kg<\/td>\n<\/tr>\n<\/tbody>\n<\/table>\n<p>&nbsp;<\/p>\n<p><strong>Paket:<\/strong><\/p>\n<p>1 x <a href=\"https:\/\/piflarnakupuje.top\/bs\/piflar-testira-in-preizkusa-tokrat-pod-lupo-ttronxy-xy%e2%80%912-pro-2e-3d-tiskalnik-zmogljiv-2%e2%80%91v%e2%80%911-dizajn-za-barvne-kreacije\/\">3D \u0161tampa\u010d<\/a><\/p>\n<p>1 x uputstvo za upotrebu<\/p>\n<p>1 x upute za sastavljanje<\/p>","protected":false},"excerpt":{"rendered":"<p><strong>Paket:<\/strong><\/p>\n<p>1 x 3D \u0161tampa\u010d<\/p>\n<p>1 x uputstvo za upotrebu<\/p>\n<p>1 x upute za sastavljanje<\/p>","protected":false},"featured_media":5167,"comment_status":"open","ping_status":"closed","template":"","meta":{"_gspb_post_css":"","_sitemap_exclude":false,"_sitemap_priority":"","_sitemap_frequency":""},"product_brand":[],"product_cat":[86,71],"product_tag":[],"class_list":{"0":"post-5158","1":"product","2":"type-product","3":"status-publish","4":"has-post-thumbnail","6":"product_cat-3d-tiskalniki","7":"product_cat-piflarjev-raziskovalni-laboratorij","8":"product_shipping_class-3d-tiskalniki","9":"pa_barva-crna","10":"pa_povezljivost-naprave-sd-kartica","11":"pa_povezljivost-naprave-usb","12":"pa_prostor-uporabe-odznotraj","13":"pa_skladisce-centralno-skladisce-slovenija","14":"pa_velikost-obdelovanca-od-370-do-400mm","16":"first","17":"instock","18":"sale","19":"shipping-taxable","20":"purchasable","21":"product-type-simple"},"_links":{"self":[{"href":"https:\/\/piflarnakupuje.top\/bs\/wp-json\/wp\/v2\/product\/5158","targetHints":{"allow":["GET"]}}],"collection":[{"href":"https:\/\/piflarnakupuje.top\/bs\/wp-json\/wp\/v2\/product"}],"about":[{"href":"https:\/\/piflarnakupuje.top\/bs\/wp-json\/wp\/v2\/types\/product"}],"replies":[{"embeddable":true,"href":"https:\/\/piflarnakupuje.top\/bs\/wp-json\/wp\/v2\/comments?post=5158"}],"wp:featuredmedia":[{"embeddable":true,"href":"https:\/\/piflarnakupuje.top\/bs\/wp-json\/wp\/v2\/media\/5167"}],"wp:attachment":[{"href":"https:\/\/piflarnakupuje.top\/bs\/wp-json\/wp\/v2\/media?parent=5158"}],"wp:term":[{"taxonomy":"product_brand","embeddable":true,"href":"https:\/\/piflarnakupuje.top\/bs\/wp-json\/wp\/v2\/product_brand?post=5158"},{"taxonomy":"product_cat","embeddable":true,"href":"https:\/\/piflarnakupuje.top\/bs\/wp-json\/wp\/v2\/product_cat?post=5158"},{"taxonomy":"product_tag","embeddable":true,"href":"https:\/\/piflarnakupuje.top\/bs\/wp-json\/wp\/v2\/product_tag?post=5158"}],"curies":[{"name":"wp","href":"https:\/\/api.w.org\/{rel}","templated":true}]}} 