{"id":5390,"date":"2024-07-24T06:43:51","date_gmt":"2024-07-24T06:43:51","guid":{"rendered":"https:\/\/piflarnakupuje.top\/?post_type=product&#038;p=5390"},"modified":"2025-07-01T07:48:29","modified_gmt":"2025-07-01T07:48:29","slug":"cityrun-26-elektricno-kolo-36v-10ah-akumulator-250w-motor-26-col-kolesa","status":"publish","type":"product","link":"https:\/\/piflarnakupuje.top\/bs\/pp\/cityrun-26-elektricno-kolo-36v-10ah-akumulator-250w-motor-26-col-kolesa\/","title":{"rendered":"Cityrun-26 Elektri\u010dni bicikl 36V 10AH Baterija 250W Motor 26-in\u010dni kota\u010di"},"content":{"rendered":"<p><b>Specifikacije:<\/b><\/p>\n<table>\n<colgroup>\n<col width=\"179\" \/>\n<col width=\"231\" \/>\n<col width=\"179\" \/>\n<col width=\"234\" \/><\/colgroup>\n<tbody>\n<tr>\n<td width=\"179\"><\/td>\n<td width=\"231\"><\/td>\n<td width=\"179\">Model<\/td>\n<td width=\"234\">Cityrun-26<\/td>\n<\/tr>\n<tr>\n<td width=\"179\">Materijal<\/td>\n<td width=\"231\">\u017eeljezo<\/td>\n<td width=\"179\">To\u010dkovi<\/td>\n<td width=\"234\">26*1,95 boja<\/td>\n<\/tr>\n<tr>\n<td width=\"179\"><b>Ko\u010dnice<\/b><\/td>\n<td width=\"231\"><b>Disk<\/b><\/td>\n<td width=\"179\"><b>Motor<\/b><\/td>\n<td width=\"234\"><b>36V 250W<\/b><\/td>\n<\/tr>\n<tr>\n<td width=\"179\">Zup\u010danici<\/td>\n<td width=\"231\"><b>SHIMAN0 7-brzinski<\/b><\/td>\n<td width=\"179\">obrtni moment<\/td>\n<td width=\"234\">40 Nm<\/td>\n<\/tr>\n<tr>\n<td width=\"179\">Ekran<\/td>\n<td width=\"231\">LCD<\/td>\n<td width=\"179\">Brzina<\/td>\n<td width=\"234\">25 km\/h<\/td>\n<\/tr>\n<tr>\n<td width=\"179\">Svjetla<\/td>\n<td width=\"231\">Od naprijed do nazad<\/td>\n<td width=\"179\">Doseg<\/td>\n<td width=\"234\">30-50 KM<\/td>\n<\/tr>\n<tr>\n<td width=\"179\">Paket<\/td>\n<td width=\"231\">135 x 30 x 65 cm<\/td>\n<td width=\"179\"><b>Baterija<\/b><\/td>\n<td width=\"234\"><b>36V 10AH<\/b><\/td>\n<\/tr>\n<tr>\n<td width=\"179\">U\u010ditaj<\/td>\n<td width=\"231\">150 kg<\/td>\n<td width=\"179\">Punjenje<\/td>\n<td width=\"234\">4-6 sati<\/td>\n<\/tr>\n<tr>\n<td width=\"179\">Te\u017eina<\/td>\n<td width=\"231\">24 kg<\/td>\n<td width=\"179\">Boja<\/td>\n<td width=\"234\">bijela, zelena<\/td>\n<\/tr>\n<tr>\n<td width=\"179\">Te\u017eina paketa<\/td>\n<td width=\"231\">27 kg<\/td>\n<td width=\"179\">Certifikat<\/td>\n<td width=\"234\">OVO<\/td>\n<\/tr>\n<\/tbody>\n<\/table>\n<p><b>Paket:<\/b><\/p>\n<p>1 x elektri\u010dni bicikl<\/p>\n<p>1 x punja\u010d<\/p>\n<p>1 x upute<\/p>\n<p>1 x alat<\/p>","protected":false},"excerpt":{"rendered":"<p><b>Paket:<\/b><\/p>\n<p>1 x elektri\u010dni bicikl<\/p>\n<p>1 x punja\u010d<\/p>\n<p>1 x upute<\/p>\n<p>1 x alat<\/p>","protected":false},"featured_media":5397,"comment_status":"open","ping_status":"closed","template":"","meta":{"_gspb_post_css":"","_sitemap_exclude":false,"_sitemap_priority":"","_sitemap_frequency":""},"product_brand":[],"product_cat":[17,99],"product_tag":[],"class_list":{"0":"post-5390","1":"product","2":"type-product","3":"status-publish","4":"has-post-thumbnail","6":"product_cat-elektricni-skiroji","7":"product_cat-elektricno-kolo-z-dvojnim-motorjem","8":"product_shipping_class-skiroji","9":"pa_barva-bela","10":"pa_barva-zelena","11":"pa_kapaciteta-baterije-vozila-od-5-do-10-ah","12":"pa_maksimalna-obremenitev-140-do-160kg","13":"pa_moc-pogona-0-do-500w","14":"pa_namen-uporabe-tip-gume-cestni","15":"pa_skladisce-centralno-skladisce-slovenija","16":"pa_stevilo-motorjev-163","17":"pa_velikost-kolesa-26-col","19":"first","20":"instock","21":"shipping-taxable","22":"purchasable","23":"product-type-variable"},"_links":{"self":[{"href":"https:\/\/piflarnakupuje.top\/bs\/wp-json\/wp\/v2\/product\/5390","targetHints":{"allow":["GET"]}}],"collection":[{"href":"https:\/\/piflarnakupuje.top\/bs\/wp-json\/wp\/v2\/product"}],"about":[{"href":"https:\/\/piflarnakupuje.top\/bs\/wp-json\/wp\/v2\/types\/product"}],"replies":[{"embeddable":true,"href":"https:\/\/piflarnakupuje.top\/bs\/wp-json\/wp\/v2\/comments?post=5390"}],"wp:featuredmedia":[{"embeddable":true,"href":"https:\/\/piflarnakupuje.top\/bs\/wp-json\/wp\/v2\/media\/5397"}],"wp:attachment":[{"href":"https:\/\/piflarnakupuje.top\/bs\/wp-json\/wp\/v2\/media?parent=5390"}],"wp:term":[{"taxonomy":"product_brand","embeddable":true,"href":"https:\/\/piflarnakupuje.top\/bs\/wp-json\/wp\/v2\/product_brand?post=5390"},{"taxonomy":"product_cat","embeddable":true,"href":"https:\/\/piflarnakupuje.top\/bs\/wp-json\/wp\/v2\/product_cat?post=5390"},{"taxonomy":"product_tag","embeddable":true,"href":"https:\/\/piflarnakupuje.top\/bs\/wp-json\/wp\/v2\/product_tag?post=5390"}],"curies":[{"name":"wp","href":"https:\/\/api.w.org\/{rel}","templated":true}]}}