{"id":5457,"date":"2024-07-24T07:41:50","date_gmt":"2024-07-24T07:41:50","guid":{"rendered":"https:\/\/piflarnakupuje.top\/?post_type=product&#038;p=5457"},"modified":"2026-04-16T13:10:29","modified_gmt":"2026-04-16T13:10:29","slug":"im-j1-electric-bike-48v-15-6ah-500w-204-0-inch-fat-tire-electric-bike","status":"publish","type":"product","link":"https:\/\/piflarnakupuje.top\/bs\/pp\/im-j1-electric-bike-48v-15-6ah-500w-204-0-inch-fat-tire-electric-bike\/","title":{"rendered":"IM-J1 Elektri\u010dni bicikl 48V 15.6AH 500W 20*4.0 in\u010dni to\u010dak"},"content":{"rendered":"<p style=\"font-weight: 400;\"><b>Specifikacije:<\/b><\/p>\n<table style=\"font-weight: 400;\">\n<tbody>\n<tr>\n<td width=\"125\"><\/td>\n<td width=\"178\"><\/td>\n<td width=\"131\">Model<\/td>\n<td width=\"201\">IM-J1<\/td>\n<\/tr>\n<tr>\n<td width=\"125\">Motor<\/td>\n<td width=\"178\">48V 500W Brezkrta\u010dni<\/td>\n<td width=\"131\"><a href=\"https:\/\/piflarnakupuje.top\/bs\/pp\/gf700-elektricno-kolo-17-5ah-48v-500w2-motorja-26-col\/\">To\u010dkovi<\/a><\/td>\n<td width=\"201\">20 col\u201d x 4.0 cole\u201d<\/td>\n<\/tr>\n<tr>\n<td width=\"125\"><a href=\"https:\/\/piflarnakupuje.top\/bs\/pp\/jump-1500-dodatni-akumulator-1548wh-lifepo4-tipa\/\">Baterija<\/a><\/td>\n<td width=\"178\">48V 15.6Ah Lithium Battery<\/td>\n<td width=\"131\">Brzina<\/td>\n<td width=\"201\">35-45 KM\/H<\/td>\n<\/tr>\n<tr>\n<td width=\"125\"><a href=\"https:\/\/piflarnakupuje.top\/bs\/pp\/4-in-1-qi-brezzicni-polnilec-za-vse-naprave-z-qi-standardom\/\">Punja\u010d<\/a><\/td>\n<td width=\"178\">54.6V 2ah AC 100V-240V<\/td>\n<td rowspan=\"2\" width=\"131\">Doseg<\/td>\n<td width=\"201\">elektrika: 30-60KM<\/td>\n<\/tr>\n<tr>\n<td width=\"125\">Vrijeme punjenja<\/td>\n<td width=\"178\">6-8 Hours<\/td>\n<td width=\"201\">asistenca:70-100KM<\/td>\n<\/tr>\n<tr>\n<td width=\"125\">Ekran<\/td>\n<td width=\"178\">LCD<\/td>\n<td width=\"131\">Visina<\/td>\n<td width=\"201\">165-200CM<\/td>\n<\/tr>\n<tr>\n<td width=\"125\">Zup\u010danici<\/td>\n<td width=\"178\">SHIMAN0 7 pretav<\/td>\n<td width=\"131\">Modi vo\u017enje<\/td>\n<td width=\"201\">Plin na palec in PAS<\/td>\n<\/tr>\n<tr>\n<td width=\"125\">LED Lu\u010d<\/td>\n<td width=\"178\">naprijed i nazad<\/td>\n<td width=\"131\">Asistenca poganjanju<\/td>\n<td width=\"201\">5 nivojev<\/td>\n<\/tr>\n<tr>\n<td width=\"125\">Ko\u010dnice<\/td>\n<td width=\"178\">mehanski disk spredaj in zadaj<\/td>\n<td width=\"131\">Nagib<\/td>\n<td width=\"201\">15-30 stopinj<\/td>\n<\/tr>\n<tr>\n<td width=\"125\">Prednja vilju\u0161ka<\/td>\n<td width=\"178\">Aluminij olje<\/td>\n<td width=\"131\">vodna odpornot<\/td>\n<td width=\"201\">IP34<\/td>\n<\/tr>\n<tr>\n<td width=\"125\">Zadnji amortizerji<\/td>\n<td width=\"178\">dvojni<\/td>\n<td width=\"131\">U\u010ditaj<\/td>\n<td width=\"201\">150 KG<\/td>\n<\/tr>\n<tr>\n<td width=\"125\">Dimenzije<\/td>\n<td width=\"178\">162*76CM<\/td>\n<td width=\"131\">Te\u017eina<\/td>\n<td width=\"201\">35.5KG<\/td>\n<\/tr>\n<tr>\n<td width=\"125\">Paket<\/td>\n<td width=\"178\">142*28.5*86CM<\/td>\n<td width=\"131\">Te\u017eina paketa<\/td>\n<td width=\"201\">43.5KG<\/td>\n<\/tr>\n<\/tbody>\n<\/table>\n<p style=\"font-weight: 400;\"><b><br \/>\n<\/b><b>Paket:<\/b><br \/>\n1 x <a href=\"https:\/\/piflarnakupuje.top\/bs\/pp\/gf700-elektricno-kolo-17-5ah-48v-500w2-motorja-26-col\/\">Elektri\u010dni bicikl<\/a><br \/>\n1 x <a href=\"https:\/\/piflarnakupuje.top\/bs\/pp\/4-in-1-qi-brezzicni-polnilec-za-vse-naprave-z-qi-standardom\/\">Punja\u010d<\/a><br \/>\n1 x Upute<br \/>\n1 x Alat<\/p>","protected":false},"excerpt":{"rendered":"<p><b>Paket:<\/b><br \/>\n1 x Elektri\u010dni bicikl<br \/>\n1 x Punja\u010d<br \/>\n1 x Upute<br \/>\n1 x Alat<\/p>","protected":false},"featured_media":5463,"comment_status":"open","ping_status":"closed","template":"","meta":{"_gspb_post_css":"","_sitemap_exclude":false,"_sitemap_priority":"","_sitemap_frequency":""},"product_brand":[],"product_cat":[17,99],"product_tag":[],"class_list":{"0":"post-5457","1":"product","2":"type-product","3":"status-publish","4":"has-post-thumbnail","6":"product_cat-elektricni-skiroji","7":"product_cat-elektricno-kolo-z-dvojnim-motorjem","8":"product_shipping_class-skiroji","9":"pa_barva-crna","10":"pa_kapaciteta-baterije-vozila-od-10-do-20-ah","11":"pa_moc-pogona-500-do-1000w","12":"pa_namen-uporabe-tip-gume-cestni","13":"pa_namen-uporabe-tip-gume-debela-guma","14":"pa_skladisce-centralno-skladisce-slovenija","15":"pa_stevilo-motorjev-163","16":"pa_velikost-kolesa-20-col","18":"first","19":"instock","20":"sale","21":"shipping-taxable","22":"purchasable","23":"product-type-simple"},"_links":{"self":[{"href":"https:\/\/piflarnakupuje.top\/bs\/wp-json\/wp\/v2\/product\/5457","targetHints":{"allow":["GET"]}}],"collection":[{"href":"https:\/\/piflarnakupuje.top\/bs\/wp-json\/wp\/v2\/product"}],"about":[{"href":"https:\/\/piflarnakupuje.top\/bs\/wp-json\/wp\/v2\/types\/product"}],"replies":[{"embeddable":true,"href":"https:\/\/piflarnakupuje.top\/bs\/wp-json\/wp\/v2\/comments?post=5457"}],"wp:featuredmedia":[{"embeddable":true,"href":"https:\/\/piflarnakupuje.top\/bs\/wp-json\/wp\/v2\/media\/5463"}],"wp:attachment":[{"href":"https:\/\/piflarnakupuje.top\/bs\/wp-json\/wp\/v2\/media?parent=5457"}],"wp:term":[{"taxonomy":"product_brand","embeddable":true,"href":"https:\/\/piflarnakupuje.top\/bs\/wp-json\/wp\/v2\/product_brand?post=5457"},{"taxonomy":"product_cat","embeddable":true,"href":"https:\/\/piflarnakupuje.top\/bs\/wp-json\/wp\/v2\/product_cat?post=5457"},{"taxonomy":"product_tag","embeddable":true,"href":"https:\/\/piflarnakupuje.top\/bs\/wp-json\/wp\/v2\/product_tag?post=5457"}],"curies":[{"name":"wp","href":"https:\/\/api.w.org\/{rel}","templated":true}]}}