{"id":6129,"date":"2024-07-27T07:13:34","date_gmt":"2024-07-27T07:13:34","guid":{"rendered":"https:\/\/piflarnakupuje.top\/?post_type=product&#038;p=6129"},"modified":"2025-07-10T11:19:07","modified_gmt":"2025-07-10T11:19:07","slug":"technic-motorno-kolo-trike-1228-kosov","status":"publish","type":"product","link":"https:\/\/piflarnakupuje.top\/bs\/pp\/technic-motorno-kolo-trike-1228-kosov\/","title":{"rendered":"Technic motorno kolo trike 1228 kosov"},"content":{"rendered":"<p>U paketu \u0107ete dobiti jasne upute za monta\u017eu, elektri\u010dni pogon i kvalitet kocki uporediv sa <a href=\"https:\/\/piflarnakupuje.top\/bs\/pp\/technics-sibrovka-benelli-m4-super-90-1061-kosov\/\">lego<\/a>Sve <a href=\"https:\/\/piflarnakupuje.top\/bs\/piflarjev-test-rc-jcb-multifunkcijski-bager-2-239-kosov-z-elektro-pogonom-in-daljincem\/\">kockicama<\/a> su kompatibilni sa <a href=\"https:\/\/piflarnakupuje.top\/bs\/pp\/technics-sibrovka-benelli-m4-super-90-1061-kosov\/\">lego<\/a> tehnika.<\/p>\n<p><strong>Paket:<\/strong><\/p>\n<p>1 x \u0161katla sa 1228 kockica<\/p>\n<p>1 x Upute za sastavljanje<\/p>\n<p>1 x Prijemnik<\/p>\n<p>2 x Motor<\/p>\n<p>1 x Daljinski upravlja\u010d<\/p>","protected":false},"excerpt":{"rendered":"<p><strong>Paket:<\/strong><\/p>\n<p>1 k komplet 1228 kockica<\/p>\n<p>1 x Upute za sastavljanje<\/p>\n<p>1 x Prijemnik<\/p>\n<p>4 x Motor<\/p>\n<p>1 x Daljinski upravlja\u010d<\/p>","protected":false},"featured_media":6130,"comment_status":"open","ping_status":"closed","template":"","meta":{"_gspb_post_css":"","_sitemap_exclude":false,"_sitemap_priority":"","_sitemap_frequency":""},"product_brand":[],"product_cat":[44,16],"product_tag":[],"class_list":{"0":"post-6129","1":"product","2":"type-product","3":"status-publish","4":"has-post-thumbnail","6":"product_cat-technic-kocke","7":"product_cat-technic-kocke-in-sestavljanke","8":"product_shipping_class-kocke","9":"pa_barva-siva","10":"pa_pogon-funkcij-kocke-elektro-motor","11":"pa_pogon-funkcij-kocke-rocno","12":"pa_skladisce-brezcarinsko-skladisce-slovenija","13":"pa_tema-kock-motorna-kolesa","15":"first","16":"instock","17":"shipping-taxable","18":"purchasable","19":"product-type-variable"},"_links":{"self":[{"href":"https:\/\/piflarnakupuje.top\/bs\/wp-json\/wp\/v2\/product\/6129","targetHints":{"allow":["GET"]}}],"collection":[{"href":"https:\/\/piflarnakupuje.top\/bs\/wp-json\/wp\/v2\/product"}],"about":[{"href":"https:\/\/piflarnakupuje.top\/bs\/wp-json\/wp\/v2\/types\/product"}],"replies":[{"embeddable":true,"href":"https:\/\/piflarnakupuje.top\/bs\/wp-json\/wp\/v2\/comments?post=6129"}],"wp:featuredmedia":[{"embeddable":true,"href":"https:\/\/piflarnakupuje.top\/bs\/wp-json\/wp\/v2\/media\/6130"}],"wp:attachment":[{"href":"https:\/\/piflarnakupuje.top\/bs\/wp-json\/wp\/v2\/media?parent=6129"}],"wp:term":[{"taxonomy":"product_brand","embeddable":true,"href":"https:\/\/piflarnakupuje.top\/bs\/wp-json\/wp\/v2\/product_brand?post=6129"},{"taxonomy":"product_cat","embeddable":true,"href":"https:\/\/piflarnakupuje.top\/bs\/wp-json\/wp\/v2\/product_cat?post=6129"},{"taxonomy":"product_tag","embeddable":true,"href":"https:\/\/piflarnakupuje.top\/bs\/wp-json\/wp\/v2\/product_tag?post=6129"}],"curies":[{"name":"wp","href":"https:\/\/api.w.org\/{rel}","templated":true}]}}