{"id":6632,"date":"2024-07-29T11:17:02","date_gmt":"2024-07-29T11:17:02","guid":{"rendered":"https:\/\/piflarnakupuje.top\/?post_type=product&#038;p=6632"},"modified":"2025-07-01T07:44:45","modified_gmt":"2025-07-01T07:44:45","slug":"power-e-dodatni-akumulator-razsiri-3-5kwh-na-7kwh-in-dodatne-3kw-porabe","status":"publish","type":"product","link":"https:\/\/piflarnakupuje.top\/bs\/pp\/power-e-dodatni-akumulator-razsiri-3-5kwh-na-7kwh-in-dodatne-3kw-porabe\/","title":{"rendered":"Dodatna baterija pro\u0161iruje kapacitet sa 3,5 kWh na 7 kWh i pove\u0107ava potro\u0161nju za dodatnih 3 kW"},"content":{"rendered":"<p><b>Specifikacije:<\/b><\/p>\n<table>\n<colgroup>\n<col width=\"237\" \/>\n<col width=\"405\" \/><\/colgroup>\n<tbody>\n<tr>\n<td><\/td>\n<td><\/td>\n<\/tr>\n<tr>\n<td><\/td>\n<td><\/td>\n<\/tr>\n<tr>\n<td colspan=\"2\" rowspan=\"1\"><\/td>\n<\/tr>\n<tr>\n<td>Te\u017eina<\/td>\n<td>33,18 kg<\/td>\n<\/tr>\n<tr>\n<td>Veli\u010dina<\/td>\n<td>452x345x318mm<\/td>\n<\/tr>\n<tr>\n<td>Temperatura<\/td>\n<td>Punjenje: -10\u00b0C~45\u00b0C<\/p>\n<p>Pra\u017enjenje: -20\u00b0C~45\u00b0C<\/td>\n<\/tr>\n<tr>\n<td><\/td>\n<td><\/td>\n<\/tr>\n<tr>\n<td>1P nivo<\/td>\n<td>IP21<\/td>\n<\/tr>\n<tr>\n<td colspan=\"2\" rowspan=\"1\"><a href=\"https:\/\/piflarnakupuje.top\/bs\/pp\/jump-1500-dodatni-akumulator-1548wh-lifepo4-tipa\/\">Baterija<\/a><\/td>\n<\/tr>\n<tr>\n<td>Kapacitet<\/td>\n<td>3533 Wh<\/td>\n<\/tr>\n<tr>\n<td><\/td>\n<td><\/td>\n<\/tr>\n<tr>\n<td>Bicikl<\/td>\n<td>\u00a0&gt;70% nakon 6000 ciklusa<\/td>\n<\/tr>\n<tr>\n<td><\/td>\n<td><\/td>\n<\/tr>\n<tr>\n<td><\/td>\n<td><\/td>\n<\/tr>\n<tr>\n<td colspan=\"2\" rowspan=\"1\">Ulaz<\/td>\n<\/tr>\n<tr>\n<td>Punjenje<\/td>\n<td>AC uti\u010dnica, AC adapter<\/td>\n<\/tr>\n<tr>\n<td>Punjenje izmjeni\u010dnom strujom<\/td>\n<td>Max 3000W (preko povezanege power e postaje)<\/td>\n<\/tr>\n<tr>\n<td colspan=\"2\" rowspan=\"1\">Izlaz<\/td>\n<\/tr>\n<tr>\n<td>Izlazi<\/td>\n<td>3<\/td>\n<\/tr>\n<tr>\n<td>USB-A<\/td>\n<td>1* QC3.024W<\/td>\n<\/tr>\n<tr>\n<td>USB-C<\/td>\n<td>1* PD 100W<\/td>\n<\/tr>\n<tr>\n<td><a href=\"https:\/\/piflarnakupuje.top\/bs\/piflar-test-mn-128-1-12-2-4g-4wd-rc-crawler\/\">Auto<\/a> izhod<\/td>\n<td>1* 12V\/10A<\/td>\n<\/tr>\n<\/tbody>\n<\/table>\n<p><b>Paket:<\/b><\/p>\n<p>1 x Power E <span style=\"color: #ff0000;\"><b><a href=\"https:\/\/piflarnakupuje.top\/bs\/pp\/jump-1500-dodatni-akumulator-1548wh-lifepo4-tipa\/\">baterija<\/a><\/b><\/span><\/p>\n<p>1 x E+ kabel<\/p>\n<p>1 x upute<\/p>\n<p>&nbsp;<\/p>","protected":false},"excerpt":{"rendered":"<p><b>Paket:<\/b><\/p>\n<p>1 x Power E <span style=\"color: #ff0000;\"><b>baterija<\/b><\/span><\/p>\n<p>1 x E+ kabel<\/p>\n<p>1 x upute<\/p>\n<p>&nbsp;<\/p>","protected":false},"featured_media":6606,"comment_status":"open","ping_status":"closed","template":"","meta":{"_gspb_post_css":"","_sitemap_exclude":false,"_sitemap_priority":"","_sitemap_frequency":""},"product_brand":[],"product_cat":[167,65],"product_tag":[],"class_list":{"0":"post-6632","1":"product","2":"type-product","3":"status-publish","4":"has-post-thumbnail","6":"product_cat-dodatni-akumulatorji","7":"product_cat-prenosne-soncne-elektrarne","8":"product_shipping_class-ostalo","9":"pa_barva-siva","10":"pa_kapaciteta-akumulatorja-nad-3000wh","11":"pa_kemija-baterije-litijion","12":"pa_moc-sistema-od-3000w-naprej","13":"pa_skladisce-centralno-skladisce-slovenija","15":"first","16":"instock","17":"shipping-taxable","18":"purchasable","19":"product-type-simple"},"_links":{"self":[{"href":"https:\/\/piflarnakupuje.top\/bs\/wp-json\/wp\/v2\/product\/6632","targetHints":{"allow":["GET"]}}],"collection":[{"href":"https:\/\/piflarnakupuje.top\/bs\/wp-json\/wp\/v2\/product"}],"about":[{"href":"https:\/\/piflarnakupuje.top\/bs\/wp-json\/wp\/v2\/types\/product"}],"replies":[{"embeddable":true,"href":"https:\/\/piflarnakupuje.top\/bs\/wp-json\/wp\/v2\/comments?post=6632"}],"wp:featuredmedia":[{"embeddable":true,"href":"https:\/\/piflarnakupuje.top\/bs\/wp-json\/wp\/v2\/media\/6606"}],"wp:attachment":[{"href":"https:\/\/piflarnakupuje.top\/bs\/wp-json\/wp\/v2\/media?parent=6632"}],"wp:term":[{"taxonomy":"product_brand","embeddable":true,"href":"https:\/\/piflarnakupuje.top\/bs\/wp-json\/wp\/v2\/product_brand?post=6632"},{"taxonomy":"product_cat","embeddable":true,"href":"https:\/\/piflarnakupuje.top\/bs\/wp-json\/wp\/v2\/product_cat?post=6632"},{"taxonomy":"product_tag","embeddable":true,"href":"https:\/\/piflarnakupuje.top\/bs\/wp-json\/wp\/v2\/product_tag?post=6632"}],"curies":[{"name":"wp","href":"https:\/\/api.w.org\/{rel}","templated":true}]}}