{"id":6776,"date":"2024-07-30T07:16:14","date_gmt":"2024-07-30T07:16:14","guid":{"rendered":"https:\/\/piflarnakupuje.top\/?post_type=product&#038;p=6776"},"modified":"2025-07-01T07:44:10","modified_gmt":"2025-07-01T07:44:10","slug":"alpha-elektricni-skiro-9-9col-max-650w-36v-10ah-akumulator","status":"publish","type":"product","link":"https:\/\/piflarnakupuje.top\/bs\/pp\/alpha-elektricni-skiro-9-9col-max-650w-36v-10ah-akumulator\/","title":{"rendered":"Alpha elektri\u010dni skuter 9, 9 in\u010da, maksimalno 650 W, 36 V, 10 Ah, baterija"},"content":{"rendered":"<p>Specifikacije<\/p>\n<table class=\"jbEidtTable\" border=\"1\" cellspacing=\"0\" cellpadding=\"5\">\n<tbody>\n<tr>\n<td>Op\u0107enito<\/td>\n<td>Model: Alfa<\/td>\n<\/tr>\n<tr>\n<td>Specifikacije<\/td>\n<td>Baterija: 36V 10Ah<br \/>\nMotor: do 650W, snaga: 9 boja<br \/>\nBrzine: 3 (6\/18\/25 km\/h)<br \/>\nDomet: 40 km<br \/>\nStandardni domet: 30 km<br \/>\nPunjenje: 6 sati<br \/>\nPunja\u010d: 2A<br \/>\nNagib: 20\u00b0<br \/>\nVodootpornost: IP65<br \/>\nKo\u010dnice: elektri\u010dne, dobo\u0161<br \/>\nAmortizeri: zadnji<br \/>\nEkran: LCD<br \/>\nNosivost: 80 kg<br \/>\nVisina: 1,5 m-2,1 m<br \/>\nPrimjena: da<br \/>\nMaterijal: Aluminij<br \/>\nZaklju\u010davanje: Ugra\u0111eno fizi\u010dko + zaklju\u010davanje aplikacije<br \/>\nSvjetla: Prednja, zadnja, bo\u010dna, LED i reflektori.<\/td>\n<\/tr>\n<tr>\n<td>Veli\u010dina i te\u017eina<\/td>\n<td>Te\u017eina: 16,4 kg<br \/>\nPakovanje: 19,96 kg<br \/>\nVeli\u010dina: 113,5*55,5*119 cm<br \/>\nPakovanje: 122*17,5*56 cm<\/td>\n<\/tr>\n<tr>\n<td>Paket<\/td>\n<td>1 x Elektri\u010dni skuter<br \/>\n1 x Klju\u010d<br \/>\n1 x Upute<br \/>\n1 x Punja\u010d<br \/>\n2 x Vijci<\/td>\n<\/tr>\n<\/tbody>\n<\/table>\n<p>&nbsp;<\/p>","protected":false},"excerpt":{"rendered":"<p>Paket<\/p>\n<p>1 x Elektri\u010dni skuter<br \/>\n1 x Klju\u010d<br \/>\n1 x Upute<br \/>\n1 x Punja\u010d<br \/>\n2 x Vijci<\/p>","protected":false},"featured_media":6783,"comment_status":"open","ping_status":"closed","template":"","meta":{"_gspb_post_css":"","_sitemap_exclude":false,"_sitemap_priority":"","_sitemap_frequency":""},"product_brand":[],"product_cat":[48,17],"product_tag":[],"class_list":{"0":"post-6776","1":"product","2":"type-product","3":"status-publish","4":"has-post-thumbnail","6":"product_cat-elektricni-skiro","7":"product_cat-elektricni-skiroji","8":"product_shipping_class-skiroji","9":"pa_barva-bela","10":"pa_barva-crna","11":"pa_kapaciteta-baterije-vozila-od-5-do-10-ah","12":"pa_maksimalna-obremenitev-60-do-80kg","13":"pa_moc-pogona-500-do-1000w","14":"pa_namen-uporabe-tip-gume-cestni","15":"pa_skladisce-centralno-skladisce-slovenija","16":"pa_stevilo-motorjev-163","17":"pa_velikost-kolesa-10-col","19":"first","20":"instock","21":"shipping-taxable","22":"purchasable","23":"product-type-variable"},"_links":{"self":[{"href":"https:\/\/piflarnakupuje.top\/bs\/wp-json\/wp\/v2\/product\/6776","targetHints":{"allow":["GET"]}}],"collection":[{"href":"https:\/\/piflarnakupuje.top\/bs\/wp-json\/wp\/v2\/product"}],"about":[{"href":"https:\/\/piflarnakupuje.top\/bs\/wp-json\/wp\/v2\/types\/product"}],"replies":[{"embeddable":true,"href":"https:\/\/piflarnakupuje.top\/bs\/wp-json\/wp\/v2\/comments?post=6776"}],"wp:featuredmedia":[{"embeddable":true,"href":"https:\/\/piflarnakupuje.top\/bs\/wp-json\/wp\/v2\/media\/6783"}],"wp:attachment":[{"href":"https:\/\/piflarnakupuje.top\/bs\/wp-json\/wp\/v2\/media?parent=6776"}],"wp:term":[{"taxonomy":"product_brand","embeddable":true,"href":"https:\/\/piflarnakupuje.top\/bs\/wp-json\/wp\/v2\/product_brand?post=6776"},{"taxonomy":"product_cat","embeddable":true,"href":"https:\/\/piflarnakupuje.top\/bs\/wp-json\/wp\/v2\/product_cat?post=6776"},{"taxonomy":"product_tag","embeddable":true,"href":"https:\/\/piflarnakupuje.top\/bs\/wp-json\/wp\/v2\/product_tag?post=6776"}],"curies":[{"name":"wp","href":"https:\/\/api.w.org\/{rel}","templated":true}]}}