{"id":7202,"date":"2024-08-01T12:52:41","date_gmt":"2024-08-01T12:52:41","guid":{"rendered":"https:\/\/piflarnakupuje.top\/?post_type=product&#038;p=7202"},"modified":"2025-07-01T07:43:11","modified_gmt":"2025-07-01T07:43:11","slug":"technics-mega-bager-rc-motoriziran-4342-kosov","status":"publish","type":"product","link":"https:\/\/piflarnakupuje.top\/bs\/pp\/technics-mega-bager-rc-motoriziran-4342-kosov\/","title":{"rendered":"Technics Mega bager na daljinsko upravljanje, 4342 dijela"},"content":{"rendered":"<p>U paketu \u0107ete dobiti jasne upute za monta\u017eu, elektri\u010dni pogon i kvalitet kocki uporediv sa <a href=\"https:\/\/piflarnakupuje.top\/bs\/pp\/technics-sibrovka-benelli-m4-super-90-1061-kosov\/\">lego<\/a>Sve <a href=\"https:\/\/piflarnakupuje.top\/bs\/piflarjev-test-rc-jcb-multifunkcijski-bager-2-239-kosov-z-elektro-pogonom-in-daljincem\/\">kockicama<\/a> su kompatibilni sa <a href=\"https:\/\/piflarnakupuje.top\/bs\/pp\/technics-sibrovka-benelli-m4-super-90-1061-kosov\/\">lego<\/a> tehnika.<\/p>\n<p>&nbsp;<\/p>\n<p><strong>Paket:<\/strong><\/p>\n<p>1 set kockica kao \u0161to je prikazano na slici<\/p>\n<p>1 x Upute za sastavljanje<\/p>\n<p>2 x Prijemnik<\/p>\n<p>7 x Motor<\/p>\n<p>1 x Daljinski upravlja\u010d<\/p>","protected":false},"excerpt":{"rendered":"<p><strong>Paket:<\/strong><\/p>\n<p>1 set kockica kao \u0161to je prikazano na slici<\/p>\n<p>1 x Upute za sastavljanje<\/p>\n<p>2 x Prijemnik<\/p>\n<p>7 x Motor<\/p>\n<p>1 x Daljinski upravlja\u010d<\/p>","protected":false},"featured_media":7206,"comment_status":"open","ping_status":"closed","template":"","meta":{"_gspb_post_css":"","_sitemap_exclude":false,"_sitemap_priority":"","_sitemap_frequency":""},"product_brand":[],"product_cat":[44,16],"product_tag":[],"class_list":{"0":"post-7202","1":"product","2":"type-product","3":"status-publish","4":"has-post-thumbnail","6":"product_cat-technic-kocke","7":"product_cat-technic-kocke-in-sestavljanke","8":"product_shipping_class-kocke","9":"pa_barva-bela","10":"pa_pogon-funkcij-kocke-elektro-motor","11":"pa_skladisce-centralno-skladisce-slovenija","12":"pa_tema-kock-stroji","14":"first","15":"instock","16":"shipping-taxable","17":"purchasable","18":"product-type-simple"},"_links":{"self":[{"href":"https:\/\/piflarnakupuje.top\/bs\/wp-json\/wp\/v2\/product\/7202","targetHints":{"allow":["GET"]}}],"collection":[{"href":"https:\/\/piflarnakupuje.top\/bs\/wp-json\/wp\/v2\/product"}],"about":[{"href":"https:\/\/piflarnakupuje.top\/bs\/wp-json\/wp\/v2\/types\/product"}],"replies":[{"embeddable":true,"href":"https:\/\/piflarnakupuje.top\/bs\/wp-json\/wp\/v2\/comments?post=7202"}],"wp:featuredmedia":[{"embeddable":true,"href":"https:\/\/piflarnakupuje.top\/bs\/wp-json\/wp\/v2\/media\/7206"}],"wp:attachment":[{"href":"https:\/\/piflarnakupuje.top\/bs\/wp-json\/wp\/v2\/media?parent=7202"}],"wp:term":[{"taxonomy":"product_brand","embeddable":true,"href":"https:\/\/piflarnakupuje.top\/bs\/wp-json\/wp\/v2\/product_brand?post=7202"},{"taxonomy":"product_cat","embeddable":true,"href":"https:\/\/piflarnakupuje.top\/bs\/wp-json\/wp\/v2\/product_cat?post=7202"},{"taxonomy":"product_tag","embeddable":true,"href":"https:\/\/piflarnakupuje.top\/bs\/wp-json\/wp\/v2\/product_tag?post=7202"}],"curies":[{"name":"wp","href":"https:\/\/api.w.org\/{rel}","templated":true}]}}