{"id":7240,"date":"2024-08-02T05:17:05","date_gmt":"2024-08-02T05:17:05","guid":{"rendered":"https:\/\/piflarnakupuje.top\/?post_type=product&#038;p=7240"},"modified":"2025-07-01T07:42:49","modified_gmt":"2025-07-01T07:42:49","slug":"technics-pistola-350-kosov","status":"publish","type":"product","link":"https:\/\/piflarnakupuje.top\/bs\/pp\/technics-pistola-350-kosov\/","title":{"rendered":"Technics pi\u0161tolj 350+ dijelova"},"content":{"rendered":"<p>U paketu \u0107ete dobiti jasne upute za monta\u017eu, elektri\u010dni pogon i kvalitet kocki uporediv sa <a href=\"https:\/\/piflarnakupuje.top\/bs\/pp\/technics-sibrovka-benelli-m4-super-90-1061-kosov\/\">lego<\/a>Sve <a href=\"https:\/\/piflarnakupuje.top\/bs\/piflarjev-test-rc-jcb-multifunkcijski-bager-2-239-kosov-z-elektro-pogonom-in-daljincem\/\">kockicama<\/a> su kompatibilni sa <a href=\"https:\/\/piflarnakupuje.top\/bs\/pp\/technics-sibrovka-benelli-m4-super-90-1061-kosov\/\">lego<\/a> tehnika.<\/p>\n<p>&nbsp;<\/p>\n<p><strong>Paket:<\/strong><\/p>\n<p>1 set od preko 350 kockica<\/p>\n<p>1 x Upute za sastavljanje<\/p>\n<p>&nbsp;<\/p>","protected":false},"excerpt":{"rendered":"<p><strong>Paket:<\/strong><\/p>\n<p>1 set od preko 350 kockica<\/p>\n<p>1 x Upute za sastavljanje<\/p>\n<p>&nbsp;<\/p>","protected":false},"featured_media":7245,"comment_status":"open","ping_status":"closed","template":"","meta":{"_gspb_post_css":"","_sitemap_exclude":false,"_sitemap_priority":"","_sitemap_frequency":""},"product_brand":[],"product_cat":[44,16],"product_tag":[],"class_list":{"0":"post-7240","1":"product","2":"type-product","3":"status-publish","4":"has-post-thumbnail","6":"product_cat-technic-kocke","7":"product_cat-technic-kocke-in-sestavljanke","8":"product_shipping_class-kocke","9":"pa_barva-bela","10":"pa_barva-crna","11":"pa_barva-rjava","12":"pa_barva-zelena","13":"pa_pogon-funkcij-kocke-rocno","14":"pa_skladisce-centralno-skladisce-slovenija","15":"pa_tema-kock-orozje","17":"first","18":"instock","19":"shipping-taxable","20":"purchasable","21":"product-type-variable"},"_links":{"self":[{"href":"https:\/\/piflarnakupuje.top\/bs\/wp-json\/wp\/v2\/product\/7240","targetHints":{"allow":["GET"]}}],"collection":[{"href":"https:\/\/piflarnakupuje.top\/bs\/wp-json\/wp\/v2\/product"}],"about":[{"href":"https:\/\/piflarnakupuje.top\/bs\/wp-json\/wp\/v2\/types\/product"}],"replies":[{"embeddable":true,"href":"https:\/\/piflarnakupuje.top\/bs\/wp-json\/wp\/v2\/comments?post=7240"}],"wp:featuredmedia":[{"embeddable":true,"href":"https:\/\/piflarnakupuje.top\/bs\/wp-json\/wp\/v2\/media\/7245"}],"wp:attachment":[{"href":"https:\/\/piflarnakupuje.top\/bs\/wp-json\/wp\/v2\/media?parent=7240"}],"wp:term":[{"taxonomy":"product_brand","embeddable":true,"href":"https:\/\/piflarnakupuje.top\/bs\/wp-json\/wp\/v2\/product_brand?post=7240"},{"taxonomy":"product_cat","embeddable":true,"href":"https:\/\/piflarnakupuje.top\/bs\/wp-json\/wp\/v2\/product_cat?post=7240"},{"taxonomy":"product_tag","embeddable":true,"href":"https:\/\/piflarnakupuje.top\/bs\/wp-json\/wp\/v2\/product_tag?post=7240"}],"curies":[{"name":"wp","href":"https:\/\/api.w.org\/{rel}","templated":true}]}}