{"id":3,"date":"2024-07-04T08:32:44","date_gmt":"2024-07-04T08:32:44","guid":{"rendered":"https:\/\/piflarnakupuje.top\/?page_id=3"},"modified":"2024-07-08T12:03:12","modified_gmt":"2024-07-08T12:03:12","slug":"privacy-policy","status":"publish","type":"page","link":"https:\/\/piflarnakupuje.top\/de\/privacy-policy\/","title":{"rendered":"Datenschutzrichtlinie"},"content":{"rendered":"<h2 class=\"wp-block-heading\">Wer wir sind<\/h2>\n\n\n\n<p>Na\u0161a spletna stran: https:\/\/piflarnakupuje.top.<\/p>\n\n\n\n<h2 class=\"wp-block-heading\">Kommentare<\/h2>\n\n\n\n<p><strong class=\"privacy-policy-tutorial\"> <\/strong>Wenn ein Besucher einen Kommentar auf der Website hinterl\u00e4sst, erfassen wir die Daten, die der Besucher im Formular hinterlassen hat, sowie die IP-Adresse und den Browsertyp, damit wir Spam verhindern k\u00f6nnen.<\/p>\n\n\n\n<p><\/p>\n\n\n\n<h2 class=\"wp-block-heading\">Medien<\/h2>\n\n\n\n<p>Vermeiden Sie beim Hochladen von Bildern eingebettete Standortdaten (EXIF GPS). Dadurch k\u00f6nnen Website-Besucher Ihren Standort bestimmen.<\/p>\n\n\n\n<h2 class=\"wp-block-heading\">Cookie-Hinweis<\/h2>\n\n\n\n<p>Wenn Sie einen Kommentar auf der Website hinterlassen, stimmen Sie der Speicherung Ihrer E-Mail-Adresse in einem Cookie zu. Dies dient der besseren Benutzerfreundlichkeit, damit Sie nicht jedes Mal dieselben Formulare ausf\u00fcllen m\u00fcssen. Diese Cookies werden ein Jahr lang gespeichert.<\/p>\n\n\n\n<p>Wenn Sie die Anmeldeseite besuchen, setzen wir ein tempor\u00e4res Cookie, um festzustellen, ob Ihr Browser Cookies akzeptiert. Dieses Cookie enth\u00e4lt keine personenbezogenen Daten und wird gel\u00f6scht, sobald Sie Ihren Browser schlie\u00dfen.<\/p>\n\n\n\n<p>Wenn Sie sich auf unserer Website anmelden, erstellen wir ein Cookie, um Ihre Anmeldeinformationen und Bildschirmeinstellungen zu speichern. Anmelde-Cookies sind zwei Tage lang g\u00fcltig, Cookies f\u00fcr Bildschirmeinstellungen ein Jahr lang. Wenn Sie \u201eAngemeldet bleiben\u201c ausw\u00e4hlen, wird das Anmelde-Cookie zwei Wochen lang gespeichert. Wenn Sie sich von Ihrem Konto abmelden, wird das Anmelde-Cookie gel\u00f6scht.<\/p>\n\n\n\n<p><\/p>\n\n\n\n<h2 class=\"wp-block-heading\">Eingebettete Inhalte von anderen Websites<\/h2>\n\n\n\n<p>Die Inhalte dieser Website k\u00f6nnen Inhalte von anderen Websites enthalten (z. B. Videos, Bilder oder Artikel). Cookies aus eingebetteten Inhalten verhalten sich genauso wie Cookies auf unserer Website.<\/p>\n\n\n\n<p>Diese Websites k\u00f6nnen Informationen \u00fcber Sie sammeln, Cookies verwenden, zus\u00e4tzliche Tracking-Funktionen von Drittanbietern einbetten und Ihre Interaktion mit diesen Inhalten \u00fcberwachen, einschlie\u00dflich der Verfolgung eingebetteter Inhalte, wenn Sie bei dieser Website angemeldet sind. <\/p>\n\n\n\n<h2 class=\"wp-block-heading\">Mit wem teilen wir Ihre Daten?<\/h2>\n\n\n\n<p>Wir geben Ihre Daten an niemanden weiter. Wenn Sie eine Zur\u00fccksetzung Ihres Passworts anfordern, wird Ihre IP-Adresse in dieser E-Mail enthalten sein. <\/p>\n\n\n\n<h2 class=\"wp-block-heading\">Wie lange speichern wir Ihre Daten?<\/h2>\n\n\n\n<p>Sobald Sie einen Kommentar gepostet haben, bleibt er dort dauerhaft. So k\u00f6nnen wir jeden nachfolgenden Kommentar automatisch freigeben und er muss nicht in einer zus\u00e4tzlichen Warteschlange warten.<\/p>\n\n\n\n<p>F\u00fcr Nutzer, die sich auf unserer Website registrieren (sofern \u00fcberhaupt), speichern wir die von ihnen in ihrem pers\u00f6nlichen Profil eingegebenen personenbezogenen Daten. Alle Nutzer k\u00f6nnen ihre personenbezogenen Daten jederzeit l\u00f6schen (ihren Benutzernamen k\u00f6nnen sie nicht \u00e4ndern). Administratoren k\u00f6nnen diese Daten einsehen und auch \u00e4ndern.<\/p>\n\n\n\n<h2 class=\"wp-block-heading\">Welche Rechte haben Sie an diesen Daten?<\/h2>\n\n\n\n<p>Wenn Sie ein Konto auf der Website besitzen oder einen Kommentar hinterlassen haben, k\u00f6nnen Sie einen Export Ihrer personenbezogenen Daten anfordern, einschlie\u00dflich aller Informationen, die Sie uns zur Verf\u00fcgung gestellt haben. Sie k\u00f6nnen die L\u00f6schung aller personenbezogenen Daten verlangen, die wir \u00fcber Sie gespeichert haben. Ausgenommen hiervon sind Daten, die wir f\u00fcr administrative, rechtliche oder Sicherheitszwecke ben\u00f6tigen. <\/p>\n\n\n\n<p><\/p>","protected":false},"excerpt":{"rendered":"<p>Kdo smo Na\u0161a spletna stran: https:\/\/piflarnakupuje.top. Komentarji Ko obiskovalec pusti komentar na spletni strani, zberemo podatke , ki jih je [&hellip;]<\/p>\n","protected":false},"author":1,"featured_media":0,"parent":0,"menu_order":0,"comment_status":"closed","ping_status":"closed","template":"","meta":{"_gspb_post_css":"","_sitemap_exclude":false,"_sitemap_priority":"","_sitemap_frequency":"","footnotes":""},"class_list":["post-3","page","type-page","status-publish","hentry"],"blocksy_meta":[],"_links":{"self":[{"href":"https:\/\/piflarnakupuje.top\/de\/wp-json\/wp\/v2\/pages\/3","targetHints":{"allow":["GET"]}}],"collection":[{"href":"https:\/\/piflarnakupuje.top\/de\/wp-json\/wp\/v2\/pages"}],"about":[{"href":"https:\/\/piflarnakupuje.top\/de\/wp-json\/wp\/v2\/types\/page"}],"author":[{"embeddable":true,"href":"https:\/\/piflarnakupuje.top\/de\/wp-json\/wp\/v2\/users\/1"}],"replies":[{"embeddable":true,"href":"https:\/\/piflarnakupuje.top\/de\/wp-json\/wp\/v2\/comments?post=3"}],"version-history":[{"count":0,"href":"https:\/\/piflarnakupuje.top\/de\/wp-json\/wp\/v2\/pages\/3\/revisions"}],"wp:attachment":[{"href":"https:\/\/piflarnakupuje.top\/de\/wp-json\/wp\/v2\/media?parent=3"}],"curies":[{"name":"wp","href":"https:\/\/api.w.org\/{rel}","templated":true}]}}