{"id":1300,"date":"2024-07-05T20:12:05","date_gmt":"2024-07-05T20:12:05","guid":{"rendered":"https:\/\/piflarnakupuje.top\/?post_type=product&#038;p=1300"},"modified":"2025-07-01T07:57:34","modified_gmt":"2025-07-01T07:57:34","slug":"1-24-avtomobil-2-4g-rc-4x4-za-driftanje-rtr-model-crn","status":"publish","type":"product","link":"https:\/\/piflarnakupuje.top\/de\/pp\/1-24-avtomobil-2-4g-rc-4x4-za-driftanje-rtr-model-crn\/","title":{"rendered":"1\/24 2.4G RC 4\u00d74 Drifting Car RTR-Modell \u2013 Schwarz"},"content":{"rendered":"<p><b>Beschreibung:<\/b><\/p>\n<table>\n<tbody>\n<tr>\n<td>Basic<\/td>\n<td>Driftendes Auto<br \/>\nMa\u00dfstab 1:24<br \/>\nH\u00f6chstgeschwindigkeit 15 km\/h<\/td>\n<td>Motor<\/td>\n<td>130 B\u00fcrstenmotor<\/td>\n<\/tr>\n<tr>\n<td>Sender<\/td>\n<td>Frequenz: 2,4 G<br \/>\nBatterien: 2 x 1,5 V AA, nicht im Lieferumfang enthalten<\/td>\n<td>Batterie<\/td>\n<td>3,7 V 500 mAh Li-Ionen enth\u00e4lt<br \/>\nLadezeit: ca. 2 h<br \/>\nBetrieb: ca. 20-30 min<\/td>\n<\/tr>\n<tr>\n<td><\/td>\n<td><\/td>\n<td>Ma\u00dfe<\/td>\n<td>Auto: 18 * 8 * 5 cm<br \/>\nVerpackung: 24*24*10cm<\/td>\n<\/tr>\n<\/tbody>\n<\/table>\n<p>&nbsp;<\/p>\n<p><b>Funktionen:<\/b><\/p>\n<p>R\u00fcckw\u00e4rtsfahren, Vorw\u00e4rtsfahren, Linksfahren, Rechtsfahren, LED-Lichter, 4\u00d74-Antrieb, Driften<\/p>\n<p><b>Paket:<\/b><\/p>\n<p>1X RC-Auto<\/p>\n<p>1X Akku<\/p>\n<p>1X Fernbedienung<\/p>\n<p>1X USB-Ladekabel<\/p>\n<p>1X Anleitung<\/p>\n<p>4X zus\u00e4tzliche Gummir\u00e4der<\/p>\n<p>6X Ei<\/p>","protected":false},"excerpt":{"rendered":"<p><b>Paket:<\/b><\/p>\n<p>1X RC-Auto<br \/>\n1X Akku<br \/>\n1X Fernbedienung<br \/>\n1X USB-Ladekabel<br \/>\n1X Anleitung<br \/>\n4X zus\u00e4tzliche Gummir\u00e4der<br \/>\n6X Ei<\/p>","protected":false},"featured_media":1310,"comment_status":"open","ping_status":"closed","template":"","meta":{"_gspb_post_css":"","_sitemap_exclude":false,"_sitemap_priority":"","_sitemap_frequency":""},"product_brand":[],"product_cat":[49,21],"product_tag":[],"class_list":{"0":"post-1300","1":"product","2":"type-product","3":"status-publish","4":"has-post-thumbnail","6":"product_cat-profi-rc-igrace-za-velike-in-male-po-dusi","7":"product_cat-rc-avtomobili","8":"product_shipping_class-rc","9":"pa_barva-rdeca","10":"pa_kolicina-akumulatorjev-rc-190","11":"pa_merilo-rc-avtomobila-144","12":"pa_skladisce-centralno-skladisce-slovenija","13":"pa_tip-motorja-rc-krtacni","14":"pa_vrsta-avtomobila-cestni","15":"pa_vrsta-avtomobila-drift","17":"first","18":"instock","19":"shipping-taxable","20":"purchasable","21":"product-type-simple"},"_links":{"self":[{"href":"https:\/\/piflarnakupuje.top\/de\/wp-json\/wp\/v2\/product\/1300","targetHints":{"allow":["GET"]}}],"collection":[{"href":"https:\/\/piflarnakupuje.top\/de\/wp-json\/wp\/v2\/product"}],"about":[{"href":"https:\/\/piflarnakupuje.top\/de\/wp-json\/wp\/v2\/types\/product"}],"replies":[{"embeddable":true,"href":"https:\/\/piflarnakupuje.top\/de\/wp-json\/wp\/v2\/comments?post=1300"}],"wp:featuredmedia":[{"embeddable":true,"href":"https:\/\/piflarnakupuje.top\/de\/wp-json\/wp\/v2\/media\/1310"}],"wp:attachment":[{"href":"https:\/\/piflarnakupuje.top\/de\/wp-json\/wp\/v2\/media?parent=1300"}],"wp:term":[{"taxonomy":"product_brand","embeddable":true,"href":"https:\/\/piflarnakupuje.top\/de\/wp-json\/wp\/v2\/product_brand?post=1300"},{"taxonomy":"product_cat","embeddable":true,"href":"https:\/\/piflarnakupuje.top\/de\/wp-json\/wp\/v2\/product_cat?post=1300"},{"taxonomy":"product_tag","embeddable":true,"href":"https:\/\/piflarnakupuje.top\/de\/wp-json\/wp\/v2\/product_tag?post=1300"}],"curies":[{"name":"wp","href":"https:\/\/api.w.org\/{rel}","templated":true}]}}