{"id":1637,"date":"2024-07-06T15:50:24","date_gmt":"2024-07-06T15:50:24","guid":{"rendered":"https:\/\/piflarnakupuje.top\/?post_type=product&#038;p=1637"},"modified":"2026-04-16T13:48:31","modified_gmt":"2026-04-16T13:48:31","slug":"oyster-urban-o1el-pametna-ura-klasika","status":"publish","type":"product","link":"https:\/\/piflarnakupuje.top\/de\/pp\/oyster-urban-o1el-pametna-ura-klasika\/","title":{"rendered":"Oyster Urban O1EL Smartwatch, klassisch"},"content":{"rendered":"<h3>Technische Daten<\/h3>\n<table class=\"jbEidtTable\" border=\"1\" cellspacing=\"0\" cellpadding=\"5\">\n<tbody>\n<tr>\n<td><strong>Allgemein<\/strong><\/td>\n<td>Modell: O1EL<\/td>\n<\/tr>\n<tr>\n<td><strong>Hardware<\/strong><\/td>\n<td>Bluetooth: BLE5.1+BLE3.0<br \/>\nSpeicher: 128 MB<br \/>\nWasserbest\u00e4ndigkeit: IP68<br \/>\nKonnektivit\u00e4t: Android 7.0 und h\u00f6her, iOS 12.0 und h\u00f6her<br \/>\nSensor: biometrischer PPG-Sensor (unterst\u00fctzt Blutdruck und Blutsauerstoff)<\/td>\n<\/tr>\n<tr>\n<td><strong>Funktionen<\/strong><\/td>\n<td>Gesundheit: 24-Stunden-Herz\u00fcberwachung, Blutsauerstoff, Schlaf\u00fcberwachung, Wassertrinken.<br \/>\nSporo\u010dila: Podpira sinhronizacijo z ve\u010dino socialnih omre\u017eij. Druge funkcije: koraki, kalorije, razdalja, razli\u010dni \u0161portni modi, najdi telefon, klic preko bluetooth, igra glasbo preko lastnega zvo\u010dnika, kontrola glasbe, kontrola kamere, lasten zaslon <a href=\"https:\/\/piflarnakupuje.top\/de\/pp\/appllp-3-max-pametna-ura-4gb-ram-128gb-rom-android-4g-sim-omrezje-gps\/\">uhr<\/a>, timer, \u0161toparicah, glasovno izbiranje<\/td>\n<\/tr>\n<tr>\n<td><strong>Bildschirm<\/strong><\/td>\n<td>TFT-Bildschirm<br \/>\nGr\u00f6\u00dfe: 1,32 Zoll<br \/>\nAufl\u00f6sung: 360*360<br \/>\nbei Ber\u00fchrung<\/td>\n<\/tr>\n<tr>\n<td><strong>Batterie<\/strong><\/td>\n<td>Kapazit\u00e4t: 210mAh<br \/>\nLadezeit: ca. 2 h<br \/>\nNutzung: 10 Tage<br \/>\nintensive Nutzung: 3 Tage<br \/>\ngeringe Nutzung: 15 Tage<\/td>\n<\/tr>\n<tr>\n<td><strong>Material<\/strong><\/td>\n<td>Kranz \u2013 Material: SUS316 Edelstahl<br \/>\nGeh\u00e4usematerial: Osicle Hyper-GX-Verbundmaterial<\/td>\n<\/tr>\n<tr>\n<td><\/td>\n<td><\/td>\n<\/tr>\n<tr>\n<td><strong>Gewicht und Abmessungen<\/strong><\/td>\n<td>\u00a036 g<br \/>\n46,5 x 46,5 x 14,5 mm<\/td>\n<\/tr>\n<tr>\n<td><strong>Paket<\/strong><\/td>\n<td>1 x <a href=\"https:\/\/piflarnakupuje.top\/de\/pp\/appllp-3-max-pametna-ura-4gb-ram-128gb-rom-android-4g-sim-omrezje-gps\/\">Smartwatch<\/a><br \/>\n1 x Ladekabel<br \/>\n1 x Anleitung<br \/>\n1 x Reinigungstuch<\/td>\n<\/tr>\n<\/tbody>\n<\/table>","protected":false},"excerpt":{"rendered":"<p><strong>Paket<\/strong><\/p>\n<p>1 x Uhr<br \/>\n1 x Ladekabel<br \/>\n1 x Anleitung<br \/>\n1 x Reinigungstuch<\/p>\n<p>&nbsp;<\/p>","protected":false},"featured_media":1638,"comment_status":"open","ping_status":"closed","template":"","meta":{"_gspb_post_css":"","_sitemap_exclude":false,"_sitemap_priority":"","_sitemap_frequency":""},"product_brand":[],"product_cat":[19,50],"product_tag":[],"class_list":{"0":"post-1637","1":"product","2":"type-product","3":"status-publish","4":"has-post-thumbnail","6":"product_cat-pametne-ure","7":"product_cat-zabavna-elektronika","8":"pa_barva-bela","9":"pa_barva-rjava","10":"pa_material-ohisja-ohisje-iz-kovine","11":"pa_povezljivost-naprave-bluetooth","12":"pa_skladisce-centralno-skladisce-slovenija","13":"pa_uporaba-brez-polnjenja-vec-kot-14-dni","14":"pa_vrsta-polnjenja-brezcicno","16":"first","17":"instock","18":"shipping-taxable","19":"purchasable","20":"product-type-variable"},"_links":{"self":[{"href":"https:\/\/piflarnakupuje.top\/de\/wp-json\/wp\/v2\/product\/1637","targetHints":{"allow":["GET"]}}],"collection":[{"href":"https:\/\/piflarnakupuje.top\/de\/wp-json\/wp\/v2\/product"}],"about":[{"href":"https:\/\/piflarnakupuje.top\/de\/wp-json\/wp\/v2\/types\/product"}],"replies":[{"embeddable":true,"href":"https:\/\/piflarnakupuje.top\/de\/wp-json\/wp\/v2\/comments?post=1637"}],"wp:featuredmedia":[{"embeddable":true,"href":"https:\/\/piflarnakupuje.top\/de\/wp-json\/wp\/v2\/media\/1638"}],"wp:attachment":[{"href":"https:\/\/piflarnakupuje.top\/de\/wp-json\/wp\/v2\/media?parent=1637"}],"wp:term":[{"taxonomy":"product_brand","embeddable":true,"href":"https:\/\/piflarnakupuje.top\/de\/wp-json\/wp\/v2\/product_brand?post=1637"},{"taxonomy":"product_cat","embeddable":true,"href":"https:\/\/piflarnakupuje.top\/de\/wp-json\/wp\/v2\/product_cat?post=1637"},{"taxonomy":"product_tag","embeddable":true,"href":"https:\/\/piflarnakupuje.top\/de\/wp-json\/wp\/v2\/product_tag?post=1637"}],"curies":[{"name":"wp","href":"https:\/\/api.w.org\/{rel}","templated":true}]}}