{"id":2730,"date":"2024-07-11T12:52:12","date_gmt":"2024-07-11T12:52:12","guid":{"rendered":"https:\/\/piflarnakupuje.top\/?post_type=product&#038;p=2730"},"modified":"2025-07-01T07:51:26","modified_gmt":"2025-07-01T07:51:26","slug":"t2s-infrardeca-kamera-za-mobilne-telefone-industrijska","status":"publish","type":"product","link":"https:\/\/piflarnakupuje.top\/de\/pp\/t2s-infrardeca-kamera-za-mobilne-telefone-industrijska\/","title":{"rendered":"T2S+ Infrarotkamera f\u00fcr Mobiltelefone Industrie"},"content":{"rendered":"<p class=\"p\">Beschreibung:<\/p>\n<p class=\"p\">Name: <a href=\"https:\/\/piflarnakupuje.top\/de\/piflar-testira-in-preizkusa-tokrat-pod-lupo-t2s-infrardeca-kamera-za-mobilni-telefon-industrijska-termo-kamera-z-makro-leco\/\">Termo kamera<\/a> za pametne telefone<\/p>\n<p>Modell: T2S+<\/p>\n<p>Plug-and-Play<\/p>\n<p>\u2460Android-System USB-C-Anschluss<\/p>\n<p class=\"p\">\u2461IOS-System Apple Connector<\/p>\n<p>&nbsp;<\/p>\n<p class=\"p\"><span style=\"font-family: \u5fae\u8f6f\u96c5\u9ed1;\">Verwendung:<\/span><\/p>\n<p>\u00dcberpr\u00fcfen Sie den W\u00e4rmeverlust, den Zustand der Isolierung und Wasserlecks.<\/p>\n<p>Wilde Tiere in der Nacht.<\/p>\n<p>Modell: T2S+<\/p>\n<p>Makro: 8mm<\/p>\n<p>Aufl\u00f6sung: 256\u00d7192<\/p>\n<p>Misst Temperatur: -20\u2103~+450\u2103<\/p>\n<p>Pixel: 12\u03bcm<\/p>\n<p>Kamerawinkel: 44,9\u00b0\u00d733,4\u00b0<\/p>\n<p>Bildrate: 25 Hz<\/p>\n<p>NETD: \u226460 mK<\/p>\n<p>MRTD: \u2264500\u00a0mK<\/p>\n<p>Messgenauigkeit: \u00b12\u2103<\/p>\n<p>Temperaturkorrektur: manuell &gt;\/ automatisch<\/p>\n<p>Te\u017ea: &lt;18g<\/p>\n<p>Gr\u00f6\u00dfe: 26 * 26 * 24,2 mm<\/p>\n<p>Bildkorrekturen: manuell<\/p>\n<p>M\u00f6glichkeit zur \u00dcberwachung von Temperaturstatistiken<\/p>\n<p><span style=\"font-family: \u5fae\u8f6f\u96c5\u9ed1;\">Paket<\/span><\/p>\n<p>1 x <a href=\"https:\/\/piflarnakupuje.top\/de\/piflar-testira-in-preizkusa-tokrat-pod-lupo-t2s-infrardeca-kamera-za-mobilni-telefon-industrijska-termo-kamera-z-makro-leco\/\">termo kamera<\/a><\/p>\n<p>1 x USB-Kabel<\/p>\n<p>1 x Anleitung<\/p>","protected":false},"excerpt":{"rendered":"<p><span style=\"font-family: \u5fae\u8f6f\u96c5\u9ed1;\">Paket<\/span><\/p>\n<p>1 x W\u00e4rmebildkamera<\/p>\n<p>1 x USB-Kabel<\/p>\n<p>1 x Anleitung<\/p>","protected":false},"featured_media":2749,"comment_status":"open","ping_status":"closed","template":"","meta":{"_gspb_post_css":"","_sitemap_exclude":false,"_sitemap_priority":"","_sitemap_frequency":""},"product_brand":[],"product_cat":[71,75],"product_tag":[],"class_list":{"0":"post-2730","1":"product","2":"type-product","3":"status-publish","4":"has-post-thumbnail","6":"product_cat-piflarjev-raziskovalni-laboratorij","7":"product_cat-termo-kamere","8":"pa_barva-siva","9":"pa_povezljivost-naprave-usb","10":"pa_prostor-uporabe-odznotraj","11":"pa_prostor-uporabe-odzunaj","12":"pa_skladisce-brezcarinsko-skladisce-slovenija","13":"pa_tip-prikljucka-apple","14":"pa_tip-prikljucka-usb-c","16":"first","17":"instock","18":"shipping-taxable","19":"purchasable","20":"product-type-variable"},"_links":{"self":[{"href":"https:\/\/piflarnakupuje.top\/de\/wp-json\/wp\/v2\/product\/2730","targetHints":{"allow":["GET"]}}],"collection":[{"href":"https:\/\/piflarnakupuje.top\/de\/wp-json\/wp\/v2\/product"}],"about":[{"href":"https:\/\/piflarnakupuje.top\/de\/wp-json\/wp\/v2\/types\/product"}],"replies":[{"embeddable":true,"href":"https:\/\/piflarnakupuje.top\/de\/wp-json\/wp\/v2\/comments?post=2730"}],"wp:featuredmedia":[{"embeddable":true,"href":"https:\/\/piflarnakupuje.top\/de\/wp-json\/wp\/v2\/media\/2749"}],"wp:attachment":[{"href":"https:\/\/piflarnakupuje.top\/de\/wp-json\/wp\/v2\/media?parent=2730"}],"wp:term":[{"taxonomy":"product_brand","embeddable":true,"href":"https:\/\/piflarnakupuje.top\/de\/wp-json\/wp\/v2\/product_brand?post=2730"},{"taxonomy":"product_cat","embeddable":true,"href":"https:\/\/piflarnakupuje.top\/de\/wp-json\/wp\/v2\/product_cat?post=2730"},{"taxonomy":"product_tag","embeddable":true,"href":"https:\/\/piflarnakupuje.top\/de\/wp-json\/wp\/v2\/product_tag?post=2730"}],"curies":[{"name":"wp","href":"https:\/\/api.w.org\/{rel}","templated":true}]}}