{"id":5202,"date":"2024-07-23T10:44:37","date_gmt":"2024-07-23T10:44:37","guid":{"rendered":"https:\/\/piflarnakupuje.top\/?post_type=product&#038;p=5202"},"modified":"2025-07-01T07:48:58","modified_gmt":"2025-07-01T07:48:58","slug":"powermax-3600-premicna-soncna-elektrarna-3pm200-solarni-paneli-3600wh-tazsirljivo-do-57600wh-lifepo4-akumulator-z-14-izhodi","status":"publish","type":"product","link":"https:\/\/piflarnakupuje.top\/de\/pp\/powermax-3600-premicna-soncna-elektrarna-3pm200-solarni-paneli-3600wh-tazsirljivo-do-57600wh-lifepo4-akumulator-z-14-izhodi\/","title":{"rendered":"Powermax 3600 Mobiles Solarkraftwerk + mit Solarmodulen Anzahl Ihrer Wahl 3600Wh erweiterbar bis 57600Wh LiFePO4 Akku mit 14 Ausg\u00e4ngen"},"content":{"rendered":"<p style=\"font-weight: 400;\"><b>Spezifikationen:<\/b><\/p>\n<table style=\"font-weight: 400;\">\n<tbody>\n<tr>\n<td width=\"189\">Batterie<\/td>\n<td width=\"189\">Kapazit\u00e4t<\/td>\n<td width=\"189\">3600 Wh<\/td>\n<\/tr>\n<tr>\n<td width=\"189\"><\/td>\n<td width=\"189\">Tipp<\/td>\n<td width=\"189\">LFP (LiFePO4)<\/td>\n<\/tr>\n<tr>\n<td width=\"189\"><\/td>\n<td width=\"189\">Zyklus<\/td>\n<td width=\"189\">3500+ f\u00fcr 80 % der urspr\u00fcnglichen Kapazit\u00e4t<\/td>\n<\/tr>\n<tr>\n<td width=\"189\">Ausfahrt<\/td>\n<td width=\"189\">AC-Ausgang<\/td>\n<td width=\"189\">4\u00d73600 max<\/p>\n<p>Wechselrichter: Reine Sinuswelle<\/p>\n<p>\u00dcberlastung: 7200W<\/td>\n<\/tr>\n<tr>\n<td width=\"189\"><\/td>\n<td width=\"189\">USB-C<\/td>\n<td width=\"189\">USB-C 100 W \u00d72<\/td>\n<\/tr>\n<tr>\n<td width=\"189\"><\/td>\n<td width=\"189\">USB-A<\/td>\n<td width=\"189\">USB-A 12 W \u00d71<\/p>\n<p>USB-A 18 W \u00d73<\/td>\n<\/tr>\n<tr>\n<td width=\"189\"><\/td>\n<td width=\"189\">DC-Ausgang<\/td>\n<td width=\"189\">Anderson 378W \u00d71<\/p>\n<p>DC 5521 36W \u00d72<\/td>\n<\/tr>\n<tr>\n<td width=\"189\"><\/td>\n<td width=\"189\">Autostecker<\/td>\n<td width=\"189\">120 W \u00d71<\/td>\n<\/tr>\n<tr>\n<td width=\"189\">Eingang<\/td>\n<td width=\"189\">Klimaanlage<\/td>\n<td width=\"189\">2200 W (Max)<\/p>\n<p>Ladezeit: 1,96 Stunden<\/td>\n<\/tr>\n<tr>\n<td width=\"189\"><\/td>\n<td width=\"189\">Solarer Input<\/td>\n<td width=\"189\">1600 W (max)<\/p>\n<p>Aufladen: 2,25 Std.<\/p>\n<p>(optimale Sonne)<\/td>\n<\/tr>\n<tr>\n<td width=\"189\"><\/td>\n<td width=\"189\">Autoeinfahrt<\/td>\n<td width=\"189\">120 W (max.)<\/p>\n<p>Ladezeit: 30 Stunden<\/td>\n<\/tr>\n<tr>\n<td width=\"189\"><\/td>\n<td width=\"189\">Doppeltes Laden<\/td>\n<td width=\"189\">-AC-Laden + DC-Solarladen 1,2 Std.<\/p>\n<p>-AC-Laden + Autoladen 1,86 Stunden<\/td>\n<\/tr>\n<tr>\n<td width=\"189\">Allgemein<\/td>\n<td width=\"189\">Gewicht<\/td>\n<td width=\"189\">44,45 kg<\/td>\n<\/tr>\n<tr>\n<td width=\"189\"><\/td>\n<td width=\"189\">Ma\u00dfe<\/td>\n<td width=\"189\">590*350*441 mm<\/td>\n<\/tr>\n<tr>\n<td width=\"189\"><\/td>\n<td width=\"189\">Ladetemperatur<\/td>\n<td width=\"189\">0\u00b0C-50\u00b0C<\/td>\n<\/tr>\n<tr>\n<td width=\"189\"><\/td>\n<td width=\"189\">Austrittstemperatur<\/td>\n<td width=\"189\">-20\u00b0C-55\u00b0C<\/td>\n<\/tr>\n<tr>\n<td width=\"189\"><\/td>\n<td width=\"189\">F\u00fctterungstemperatur<\/td>\n<td width=\"189\">-10\u00b0C-45\u00b0C<\/td>\n<\/tr>\n<tr>\n<td width=\"189\"><\/td>\n<td width=\"189\">APP-Steuerung<\/td>\n<td width=\"189\">Da, WiFi und Bluetooth<\/td>\n<\/tr>\n<\/tbody>\n<\/table>\n<p>&nbsp;<\/p>\n<p><strong>Paket:\u00a0<\/strong><\/p>\n<p>1x Solarkraftwerk<\/p>\n<p>\u2026Solarmodule Ihrer Wahl<\/p>\n<p>6x Kabel<\/p>\n<p>1x AC-Ladekabel<\/p>\n<p>1x Autoladekabel<\/p>\n<p>1x Solarladekabel<\/p>\n<p>1x Anleitung<\/p>","protected":false},"excerpt":{"rendered":"<p><strong>Paket:\u00a0<\/strong><\/p>\n<p>1x Solarkraftwerk<\/p>\n<p>\u2026Solarmodule Ihrer Wahl<\/p>\n<p>6x Kabel<\/p>\n<p>1x AC-Ladekabel<\/p>\n<p>1x Autoladekabel<\/p>\n<p>1x Solarladekabel<\/p>\n<p>1x Anleitung<\/p>","protected":false},"featured_media":5215,"comment_status":"open","ping_status":"closed","template":"","meta":{"_gspb_post_css":"","_sitemap_exclude":false,"_sitemap_priority":"","_sitemap_frequency":""},"product_brand":[],"product_cat":[155,65],"product_tag":[],"class_list":{"0":"post-5202","1":"product","2":"type-product","3":"status-publish","4":"has-post-thumbnail","6":"product_cat-kit-soncne-elektrarne","7":"product_cat-prenosne-soncne-elektrarne","8":"product_shipping_class-ostalo","9":"pa_barva-oranzna","10":"pa_kapaciteta-akumulatorja-nad-3000wh","11":"pa_kemija-baterije-lifepo4","12":"pa_moc-sistema-od-3000w-naprej","13":"pa_skladisce-brezcarinsko-skladisce-slovenija","14":"pa_stevilo-solarnih-panelov-87","15":"pa_stevilo-solarnih-panelov-88","16":"pa_stevilo-solarnih-panelov-89","17":"pa_stevilo-solarnih-panelov-90","19":"first","20":"instock","21":"shipping-taxable","22":"purchasable","23":"product-type-variable"},"_links":{"self":[{"href":"https:\/\/piflarnakupuje.top\/de\/wp-json\/wp\/v2\/product\/5202","targetHints":{"allow":["GET"]}}],"collection":[{"href":"https:\/\/piflarnakupuje.top\/de\/wp-json\/wp\/v2\/product"}],"about":[{"href":"https:\/\/piflarnakupuje.top\/de\/wp-json\/wp\/v2\/types\/product"}],"replies":[{"embeddable":true,"href":"https:\/\/piflarnakupuje.top\/de\/wp-json\/wp\/v2\/comments?post=5202"}],"wp:featuredmedia":[{"embeddable":true,"href":"https:\/\/piflarnakupuje.top\/de\/wp-json\/wp\/v2\/media\/5215"}],"wp:attachment":[{"href":"https:\/\/piflarnakupuje.top\/de\/wp-json\/wp\/v2\/media?parent=5202"}],"wp:term":[{"taxonomy":"product_brand","embeddable":true,"href":"https:\/\/piflarnakupuje.top\/de\/wp-json\/wp\/v2\/product_brand?post=5202"},{"taxonomy":"product_cat","embeddable":true,"href":"https:\/\/piflarnakupuje.top\/de\/wp-json\/wp\/v2\/product_cat?post=5202"},{"taxonomy":"product_tag","embeddable":true,"href":"https:\/\/piflarnakupuje.top\/de\/wp-json\/wp\/v2\/product_tag?post=5202"}],"curies":[{"name":"wp","href":"https:\/\/api.w.org\/{rel}","templated":true}]}}