{"id":6143,"date":"2024-07-27T07:56:52","date_gmt":"2024-07-27T07:56:52","guid":{"rendered":"https:\/\/piflarnakupuje.top\/?post_type=product&#038;p=6143"},"modified":"2025-07-10T11:19:07","modified_gmt":"2025-07-10T11:19:07","slug":"letalo-s-funkcijami-1600-kosov","status":"publish","type":"product","link":"https:\/\/piflarnakupuje.top\/de\/pp\/letalo-s-funkcijami-1600-kosov\/","title":{"rendered":"Flugzeug mit Funktionen 1600 Teile"},"content":{"rendered":"<p>Die Verpackung enth\u00e4lt eine klare Montageanleitung und die Qualit\u00e4t der W\u00fcrfel ist vergleichbar mit <a href=\"https:\/\/piflarnakupuje.top\/de\/pp\/technics-sibrovka-benelli-m4-super-90-1061-kosov\/\">Lego<\/a>. Alle <a href=\"https:\/\/piflarnakupuje.top\/de\/piflarjev-test-rc-jcb-multifunkcijski-bager-2-239-kosov-z-elektro-pogonom-in-daljincem\/\">steine<\/a> sind kompatibel mit <a href=\"https:\/\/piflarnakupuje.top\/de\/pp\/technics-sibrovka-benelli-m4-super-90-1061-kosov\/\">Lego<\/a> Techniken.<\/p>\n<p><strong>Paket:<\/strong><\/p>\n<p>1 x kasten mit 1600 steinen<\/p>\n<p>1 x Montageanleitung<\/p>","protected":false},"excerpt":{"rendered":"<p><strong>Paket:<\/strong><\/p>\n<p>1 x kasten mit 1600 steinen<\/p>\n<p>1 x Montageanleitung<\/p>","protected":false},"featured_media":6145,"comment_status":"open","ping_status":"closed","template":"","meta":{"_gspb_post_css":"","_sitemap_exclude":false,"_sitemap_priority":"","_sitemap_frequency":""},"product_brand":[],"product_cat":[44,16],"product_tag":[],"class_list":{"0":"post-6143","1":"product","2":"type-product","3":"status-publish","4":"has-post-thumbnail","6":"product_cat-technic-kocke","7":"product_cat-technic-kocke-in-sestavljanke","8":"product_shipping_class-kocke","9":"pa_barva-srebrna","10":"pa_pogon-funkcij-kocke-rocno","11":"pa_skladisce-brezcarinsko-skladisce-slovenija","12":"pa_tema-kock-letala","13":"pa_tema-kock-vojska","15":"first","16":"instock","17":"sale","18":"shipping-taxable","19":"purchasable","20":"product-type-simple"},"_links":{"self":[{"href":"https:\/\/piflarnakupuje.top\/de\/wp-json\/wp\/v2\/product\/6143","targetHints":{"allow":["GET"]}}],"collection":[{"href":"https:\/\/piflarnakupuje.top\/de\/wp-json\/wp\/v2\/product"}],"about":[{"href":"https:\/\/piflarnakupuje.top\/de\/wp-json\/wp\/v2\/types\/product"}],"replies":[{"embeddable":true,"href":"https:\/\/piflarnakupuje.top\/de\/wp-json\/wp\/v2\/comments?post=6143"}],"wp:featuredmedia":[{"embeddable":true,"href":"https:\/\/piflarnakupuje.top\/de\/wp-json\/wp\/v2\/media\/6145"}],"wp:attachment":[{"href":"https:\/\/piflarnakupuje.top\/de\/wp-json\/wp\/v2\/media?parent=6143"}],"wp:term":[{"taxonomy":"product_brand","embeddable":true,"href":"https:\/\/piflarnakupuje.top\/de\/wp-json\/wp\/v2\/product_brand?post=6143"},{"taxonomy":"product_cat","embeddable":true,"href":"https:\/\/piflarnakupuje.top\/de\/wp-json\/wp\/v2\/product_cat?post=6143"},{"taxonomy":"product_tag","embeddable":true,"href":"https:\/\/piflarnakupuje.top\/de\/wp-json\/wp\/v2\/product_tag?post=6143"}],"curies":[{"name":"wp","href":"https:\/\/api.w.org\/{rel}","templated":true}]}}