{"id":6552,"date":"2024-07-29T07:44:42","date_gmt":"2024-07-29T07:44:42","guid":{"rendered":"https:\/\/piflarnakupuje.top\/?post_type=product&#038;p=6552"},"modified":"2025-07-01T07:44:58","modified_gmt":"2025-07-01T07:44:58","slug":"oscal-bp3600-3600wh-dodatni-akumulator-za-powermax-3600","status":"publish","type":"product","link":"https:\/\/piflarnakupuje.top\/de\/pp\/oscal-bp3600-3600wh-dodatni-akumulator-za-powermax-3600\/","title":{"rendered":"Oscal BP3600 3600Wh Zusatzakku f\u00fcr PowerMax 3600"},"content":{"rendered":"<p><strong>Technische Daten<\/strong><\/p>\n<table class=\"jbEidtTable\" border=\"1\" cellspacing=\"0\" cellpadding=\"5\">\n<tbody>\n<tr>\n<td><strong>Allgemein<\/strong><\/td>\n<td>Zusatzliche <a href=\"https:\/\/piflarnakupuje.top\/de\/pp\/jump-1500-dodatni-akumulator-1548wh-lifepo4-tipa\/\">Akku<\/a><br \/>\nModell: BP3600<\/td>\n<\/tr>\n<tr>\n<td><strong>Technische Daten<\/strong><\/td>\n<td>Kapazit\u00e4t: 3600Wh<br \/>\nKompatibel mit: PowerMax 3600<\/td>\n<\/tr>\n<tr>\n<td><strong>Gewicht und Gr\u00f6\u00dfe<\/strong><\/td>\n<td>Gewicht: 37,7 kg<br \/>\nPaketgewicht: 41,5 kg<br \/>\nGr\u00f6\u00dfe: 59x35x44,1cm<br \/>\nVerpackungsgr\u00f6\u00dfe: 66 \u00d7 40,5 \u00d7 52,5 cm<\/td>\n<\/tr>\n<tr>\n<td><strong>Paket<\/strong><\/td>\n<td>1 x <a href=\"https:\/\/piflarnakupuje.top\/de\/pp\/jump-1500-dodatni-akumulator-1548wh-lifepo4-tipa\/\">Batterie<\/a><\/p>\n<p>1 x Benutzerhandbuch<\/td>\n<\/tr>\n<\/tbody>\n<\/table>","protected":false},"excerpt":{"rendered":"<p><strong>Paket<\/strong><\/p>\n<p>1 x Batterie<\/p>\n<p>1 x Benutzerhandbuch<\/p>","protected":false},"featured_media":6556,"comment_status":"open","ping_status":"closed","template":"","meta":{"_gspb_post_css":"","_sitemap_exclude":false,"_sitemap_priority":"","_sitemap_frequency":""},"product_brand":[],"product_cat":[167,65],"product_tag":[],"class_list":{"0":"post-6552","1":"product","2":"type-product","3":"status-publish","4":"has-post-thumbnail","6":"product_cat-dodatni-akumulatorji","7":"product_cat-prenosne-soncne-elektrarne","8":"product_shipping_class-ostalo","9":"pa_barva-siva","10":"pa_kapaciteta-akumulatorja-nad-3000wh","11":"pa_kemija-baterije-lifepo4","12":"pa_moc-sistema-od-3000w-naprej","13":"pa_skladisce-centralno-skladisce-slovenija","15":"first","16":"instock","17":"shipping-taxable","18":"purchasable","19":"product-type-simple"},"_links":{"self":[{"href":"https:\/\/piflarnakupuje.top\/de\/wp-json\/wp\/v2\/product\/6552","targetHints":{"allow":["GET"]}}],"collection":[{"href":"https:\/\/piflarnakupuje.top\/de\/wp-json\/wp\/v2\/product"}],"about":[{"href":"https:\/\/piflarnakupuje.top\/de\/wp-json\/wp\/v2\/types\/product"}],"replies":[{"embeddable":true,"href":"https:\/\/piflarnakupuje.top\/de\/wp-json\/wp\/v2\/comments?post=6552"}],"wp:featuredmedia":[{"embeddable":true,"href":"https:\/\/piflarnakupuje.top\/de\/wp-json\/wp\/v2\/media\/6556"}],"wp:attachment":[{"href":"https:\/\/piflarnakupuje.top\/de\/wp-json\/wp\/v2\/media?parent=6552"}],"wp:term":[{"taxonomy":"product_brand","embeddable":true,"href":"https:\/\/piflarnakupuje.top\/de\/wp-json\/wp\/v2\/product_brand?post=6552"},{"taxonomy":"product_cat","embeddable":true,"href":"https:\/\/piflarnakupuje.top\/de\/wp-json\/wp\/v2\/product_cat?post=6552"},{"taxonomy":"product_tag","embeddable":true,"href":"https:\/\/piflarnakupuje.top\/de\/wp-json\/wp\/v2\/product_tag?post=6552"}],"curies":[{"name":"wp","href":"https:\/\/api.w.org\/{rel}","templated":true}]}}