{"id":7198,"date":"2024-08-01T12:44:12","date_gmt":"2024-08-01T12:44:12","guid":{"rendered":"https:\/\/piflarnakupuje.top\/?post_type=product&#038;p=7198"},"modified":"2025-07-01T07:43:20","modified_gmt":"2025-07-01T07:43:20","slug":"rc-tank-iz-technics-kock-800-kosov","status":"publish","type":"product","link":"https:\/\/piflarnakupuje.top\/de\/pp\/rc-tank-iz-technics-kock-800-kosov\/","title":{"rendered":"RC-Panzer aus Technics-Steinen, 800+ Teile"},"content":{"rendered":"<p>Die Verpackung enth\u00e4lt eine klare Montageanleitung und die Qualit\u00e4t der W\u00fcrfel ist vergleichbar mit <a href=\"https:\/\/piflarnakupuje.top\/de\/pp\/technics-sibrovka-benelli-m4-super-90-1061-kosov\/\">Lego<\/a>. Alle <a href=\"https:\/\/piflarnakupuje.top\/de\/piflarjev-test-rc-jcb-multifunkcijski-bager-2-239-kosov-z-elektro-pogonom-in-daljincem\/\">steine<\/a> sind kompatibel mit <a href=\"https:\/\/piflarnakupuje.top\/de\/piflarjev-preizkus-rc-technic-ekstremno-terensko-vozilo-z-elektro-motorjem\/\">Lego City<\/a>und technic<\/p>\n<p>&nbsp;<\/p>\n<p><strong>Paket:<\/strong><\/p>\n<p>1 x kasten mit 800 steinen<\/p>\n<p>1 x Montageanleitung<\/p>\n<p>1 x Empf\u00e4nger<\/p>\n<p>1 x Elektromotoren<\/p>\n<p>1 x Fernsteuerung<\/p>\n<p>&nbsp;<\/p>","protected":false},"excerpt":{"rendered":"<p><strong>Paket:<\/strong><\/p>\n<p>1 x kasten mit 800 steinen<\/p>\n<p>1 x Montageanleitung<\/p>\n<p>1 x Empf\u00e4nger<\/p>\n<p>1 x Elektromotoren<\/p>\n<p>1 x Fernsteuerung<\/p>\n<p>&nbsp;<\/p>","protected":false},"featured_media":7201,"comment_status":"open","ping_status":"closed","template":"","meta":{"_gspb_post_css":"","_sitemap_exclude":false,"_sitemap_priority":"","_sitemap_frequency":""},"product_brand":[],"product_cat":[44,16],"product_tag":[],"class_list":{"0":"post-7198","1":"product","2":"type-product","3":"status-publish","4":"has-post-thumbnail","6":"product_cat-technic-kocke","7":"product_cat-technic-kocke-in-sestavljanke","8":"product_shipping_class-kocke","9":"pa_barva-zelena","10":"pa_pogon-funkcij-kocke-elektro-motor","11":"pa_skladisce-brezcarinsko-skladisce-slovenija","12":"pa_tema-kock-vojska","14":"first","15":"instock","16":"shipping-taxable","17":"purchasable","18":"product-type-simple"},"_links":{"self":[{"href":"https:\/\/piflarnakupuje.top\/de\/wp-json\/wp\/v2\/product\/7198","targetHints":{"allow":["GET"]}}],"collection":[{"href":"https:\/\/piflarnakupuje.top\/de\/wp-json\/wp\/v2\/product"}],"about":[{"href":"https:\/\/piflarnakupuje.top\/de\/wp-json\/wp\/v2\/types\/product"}],"replies":[{"embeddable":true,"href":"https:\/\/piflarnakupuje.top\/de\/wp-json\/wp\/v2\/comments?post=7198"}],"wp:featuredmedia":[{"embeddable":true,"href":"https:\/\/piflarnakupuje.top\/de\/wp-json\/wp\/v2\/media\/7201"}],"wp:attachment":[{"href":"https:\/\/piflarnakupuje.top\/de\/wp-json\/wp\/v2\/media?parent=7198"}],"wp:term":[{"taxonomy":"product_brand","embeddable":true,"href":"https:\/\/piflarnakupuje.top\/de\/wp-json\/wp\/v2\/product_brand?post=7198"},{"taxonomy":"product_cat","embeddable":true,"href":"https:\/\/piflarnakupuje.top\/de\/wp-json\/wp\/v2\/product_cat?post=7198"},{"taxonomy":"product_tag","embeddable":true,"href":"https:\/\/piflarnakupuje.top\/de\/wp-json\/wp\/v2\/product_tag?post=7198"}],"curies":[{"name":"wp","href":"https:\/\/api.w.org\/{rel}","templated":true}]}}