{"id":978,"date":"2024-07-04T19:06:18","date_gmt":"2024-07-04T19:06:18","guid":{"rendered":"https:\/\/piflarnakupuje.top\/?post_type=product&#038;p=978"},"modified":"2025-07-01T08:00:23","modified_gmt":"2025-07-01T08:00:23","slug":"bager-iz-technic-kock-2068-kosov","status":"publish","type":"product","link":"https:\/\/piflarnakupuje.top\/de\/pp\/bager-iz-technic-kock-2068-kosov\/","title":{"rendered":"Bagger aus Technic-Steinen \u2013 1830 Teile"},"content":{"rendered":"<p>Baggermodell von <a href=\"https:\/\/piflarnakupuje.top\/de\/piflarjev-preizkus-rc-technic-ekstremno-terensko-vozilo-z-elektro-motorjem\/\">Technik<\/a> steine kompatibel mit <a href=\"https:\/\/piflarnakupuje.top\/de\/pp\/technics-sibrovka-benelli-m4-super-90-1061-kosov\/\">Lego<\/a>Das Set enth\u00e4lt eine klare Montageanleitung. <a href=\"https:\/\/piflarnakupuje.top\/de\/piflarjev-test-rc-jcb-multifunkcijski-bager-2-239-kosov-z-elektro-pogonom-in-daljincem\/\">steine<\/a> sind aber von vergleichbarer Qualit\u00e4t wie Lego.<\/p>\n<p>Die Fernsteuerung des Modells erfolgt \u00fcber eine App auf Ihrem Telefon oder \u00fcber die mitgelieferte Fernbedienung. Das Kit enth\u00e4lt 6 Motoren und 2 Empf\u00e4ngerstationen zur Fernsteuerung.<\/p>","protected":false},"excerpt":{"rendered":"<p><strong>Paket:<\/strong><\/p>\n<p>Klare Montageanleitung<\/p>\n<p>1830 steine<\/p>\n<p>7 Elektromotoren<\/p>\n<p>Fernbedienung<\/p>","protected":false},"featured_media":6086,"comment_status":"open","ping_status":"closed","template":"","meta":{"_gspb_post_css":"","_sitemap_exclude":false,"_sitemap_priority":"","_sitemap_frequency":""},"product_brand":[],"product_cat":[44,16],"product_tag":[],"class_list":{"0":"post-978","1":"product","2":"type-product","3":"status-publish","4":"has-post-thumbnail","6":"product_cat-technic-kocke","7":"product_cat-technic-kocke-in-sestavljanke","8":"pa_barva-rumena","9":"pa_pogon-funkcij-kocke-elektro-motor","10":"pa_skladisce-brezcarinsko-skladisce-slovenija","11":"pa_tema-kock-stroji","13":"first","14":"instock","15":"shipping-taxable","16":"purchasable","17":"product-type-simple"},"_links":{"self":[{"href":"https:\/\/piflarnakupuje.top\/de\/wp-json\/wp\/v2\/product\/978","targetHints":{"allow":["GET"]}}],"collection":[{"href":"https:\/\/piflarnakupuje.top\/de\/wp-json\/wp\/v2\/product"}],"about":[{"href":"https:\/\/piflarnakupuje.top\/de\/wp-json\/wp\/v2\/types\/product"}],"replies":[{"embeddable":true,"href":"https:\/\/piflarnakupuje.top\/de\/wp-json\/wp\/v2\/comments?post=978"}],"wp:featuredmedia":[{"embeddable":true,"href":"https:\/\/piflarnakupuje.top\/de\/wp-json\/wp\/v2\/media\/6086"}],"wp:attachment":[{"href":"https:\/\/piflarnakupuje.top\/de\/wp-json\/wp\/v2\/media?parent=978"}],"wp:term":[{"taxonomy":"product_brand","embeddable":true,"href":"https:\/\/piflarnakupuje.top\/de\/wp-json\/wp\/v2\/product_brand?post=978"},{"taxonomy":"product_cat","embeddable":true,"href":"https:\/\/piflarnakupuje.top\/de\/wp-json\/wp\/v2\/product_cat?post=978"},{"taxonomy":"product_tag","embeddable":true,"href":"https:\/\/piflarnakupuje.top\/de\/wp-json\/wp\/v2\/product_tag?post=978"}],"curies":[{"name":"wp","href":"https:\/\/api.w.org\/{rel}","templated":true}]}} 