{"id":1172,"date":"2024-07-05T07:04:51","date_gmt":"2024-07-05T07:04:51","guid":{"rendered":"https:\/\/piflarnakupuje.top\/?post_type=product&#038;p=1172"},"modified":"2025-07-01T07:58:55","modified_gmt":"2025-07-01T07:58:55","slug":"aquila16-rtf-86mm-1s-fpv-tekmovalni-dron-elrs-2-4g-z-fpv-ocali-in-radijsko-komando-za-zacetnike-rtf","status":"publish","type":"product","link":"https:\/\/piflarnakupuje.top\/de_at\/pp\/aquila16-rtf-86mm-1s-fpv-tekmovalni-dron-elrs-2-4g-z-fpv-ocali-in-radijsko-komando-za-zacetnike-rtf\/","title":{"rendered":"Aquila16 RTF 86mm 1S FPV Wettkampfdrohne ELRS 2.4G mit FPV-Brille und Funksteuerung f\u00fcr Anf\u00e4nger \u2013 RTF"},"content":{"rendered":"<p><strong>Spezifikationen:<\/strong><\/p>\n<p>Modell: Aquila16 (RTF)<br \/>\nTyp: 86 mm 1S Whoop FPV-Renndrohne<br \/>\nBatterie: Aquila16 <a href=\"https:\/\/piflarnakupuje.top\/de_at\/pp\/jump-1500-dodatni-akumulator-1548wh-lifepo4-tipa\/\">Akku<\/a> | 1100 mAh<br \/>\nKamera: C02<br \/>\nKamerawinkeleinstellung: 15\u00b0-30\u00b0<br \/>\nLadeger\u00e4t: BT2.0 Ladeger\u00e4t und Spannungspr\u00fcfer V2<br \/>\nFlugsteuerung: Aquila16 V1.0<br \/>\nFlugmodi: N\/S\/M-Modus<br \/>\nFlugzeit (4,35 V \u2013 3,4 V): 8 Minuten<br \/>\nRahmenmaterial: Schwarzes PA12<br \/>\nBrille: VR03 FPV-Brille<br \/>\nMotoren: 1102 18000KV<br \/>\nAnschl\u00fcsse: BT2.0-Anschluss<br \/>\nPropeller: Beta 45 mm 3-Blatt<br \/>\nFunksender: LiteRadio 2 SE<br \/>\nEmpf\u00e4nger: Serielle ELRS 2.4G 3.0-Version<br \/>\nSenderverbindung: 3x einschalten<br \/>\nVideosender (VTX): Aquila 25-350 mW VTX<br \/>\nVTX-Leistung und Reichweite: 25 mW (Reichweite: 80 m), 350 mW (Reichweite: 200 m)<br \/>\nZwischen den Motoren: 86 mm<br \/>\nGewicht ohne Batterie: 47,1g<br \/>\nGewicht im ausgebauten Zustand (mit 1100mAh Akku): 72,5g<\/p>\n<p>&nbsp;<\/p>\n<table>\n<tbody>\n<tr>\n<td width=\"142\">Flugzeit (4,35 V \u2013 3,4 V)<\/td>\n<td width=\"142\">8 Minuten<\/td>\n<\/tr>\n<tr>\n<td width=\"142\">Motoren<\/td>\n<td width=\"142\">1102|18000KV b\u00fcrstenloser Motor<\/td>\n<\/tr>\n<tr>\n<td width=\"142\">Bildsender<\/td>\n<td width=\"142\">Aquila 25-350 mW VTX<\/td>\n<\/tr>\n<tr>\n<td width=\"142\">VTX-Leistung und -Reichweite<\/td>\n<td width=\"142\">25mW (Reichweite: 80m)<\/p>\n<p>350 mW (Reichweite: 200 m)<\/td>\n<\/tr>\n<tr>\n<td width=\"142\">Aufnahme<\/td>\n<td width=\"142\">St\u00fctzen<\/td>\n<\/tr>\n<\/tbody>\n<\/table>\n<p>&nbsp;<\/p>\n<p>&nbsp;<\/p>\n<p>Die Tabelle zeigt die Fluggeschwindigkeiten in verschiedenen Modi<\/p>\n<table>\n<tbody>\n<tr>\n<td width=\"189\">\u00a0 \u00a0 \u00a0Langsam<\/td>\n<td width=\"189\">\u00a0Medium<\/td>\n<td width=\"189\">Schnell<\/td>\n<\/tr>\n<tr>\n<td width=\"189\">1,25 m\/s<\/td>\n<td width=\"189\">3,33 m\/s<\/td>\n<td width=\"189\">5 m\/s<\/td>\n<\/tr>\n<\/tbody>\n<\/table>\n<p>&nbsp;<\/p>\n<p><strong>Unterst\u00fctzt FPV-Simulation\u00a0<\/strong><br \/>\nWenn dies Ihr erster FPV-Flug ist, dann <a href=\"https:\/\/piflarnakupuje.top\/de_at\/piflar-testira-fpv-plus-freestyle-dron-rtf\/\">Drohne<\/a> Erm\u00f6glicht das Fliegen und Trainieren mit Simulatoren wie DRL\/DCL\/VelociDrone\/Liftoff. Zum Erlernen der Grundlagen.<\/p>\n<p>&nbsp;<\/p>\n<p><strong>Paket:<\/strong><\/p>\n<p>1 * Aquila16 b\u00fcrstenlos <a href=\"https:\/\/piflarnakupuje.top\/de_at\/piflar-testira-fpv-plus-freestyle-dron-rtf\/\">Drohne<\/a><br \/>\n1 * LiteRadio 2 SE Funksender<br \/>\n1 * VR03 FPV-Brille<br \/>\n4 * Beta-45mm 3-Blatt-Propeller (Ersatz)<br \/>\n2 * Aquila16 Akku 1100mAh<br \/>\n2 * Ladekabel<br \/>\n1 * BT2.0 Batterieladeger\u00e4t und Tester V2<br \/>\n1 * 4Pin adapter kabel<br \/>\n1 * USB-Ladekabel (C)<br \/>\n1 * Kreuzschlitzschraubendreher<br \/>\n1 * zus\u00e4tzliche Ersatzschrauben<br \/>\n1 * Werkzeug zum Entfernen des Propellers<br \/>\n1 * Tragetasche<br \/>\n1 * Bedienungsanleitung<br \/>\n1 * USB-C-Adapter (zum Anschluss an das 4-Pin-Kabel beim Programmieren)<\/p>","protected":false},"excerpt":{"rendered":"<p><strong>Paket:<\/strong><\/p>\n<p>1 * Aquila16 b\u00fcrstenlose Drohne<br \/>\n1 * LiteRadio 2 SE Funksender<br \/>\n1 * VR03 FPV-Brille<br \/>\n4 * Beta-45mm 3-Blatt-Propeller (Ersatz)<br \/>\n2 * Aquila16 Akku 1100mAh<br \/>\n2 * Ladekabel<br \/>\n1 * BT2.0 Batterieladeger\u00e4t und Tester V2<br \/>\n1 * 4Pin adapter kabel<br \/>\n1 * USB-Ladekabel (C)<br \/>\n1 * Kreuzschlitzschraubendreher<br \/>\n1 * zus\u00e4tzliche Ersatzschrauben<br \/>\n1 * Werkzeug zum Entfernen des Propellers<br \/>\n1 * Tragetasche<br \/>\n1 * Bedienungsanleitung<br \/>\n1 * USB-C-Adapter (zum Anschluss an das 4-Pin-Kabel beim Programmieren)<\/p>","protected":false},"featured_media":1170,"comment_status":"open","ping_status":"closed","template":"","meta":{"_gspb_post_css":"","_sitemap_exclude":false,"_sitemap_priority":"","_sitemap_frequency":""},"product_brand":[],"product_cat":[49,20],"product_tag":[],"class_list":{"0":"post-1172","1":"product","2":"type-product","3":"status-publish","4":"has-post-thumbnail","6":"product_cat-profi-rc-igrace-za-velike-in-male-po-dusi","7":"product_cat-rc-droni","8":"product_shipping_class-rc","9":"pa_barva-crna","10":"pa_kolicina-akumulatorjev-rc-190","11":"pa_skladisce-brezcarinsko-skladisce-slovenija","12":"pa_tip-drona-fpv-dron","13":"pa_tip-motorja-rc-brezkrtacni","15":"first","16":"instock","17":"shipping-taxable","18":"purchasable","19":"product-type-simple"},"_links":{"self":[{"href":"https:\/\/piflarnakupuje.top\/de_at\/wp-json\/wp\/v2\/product\/1172","targetHints":{"allow":["GET"]}}],"collection":[{"href":"https:\/\/piflarnakupuje.top\/de_at\/wp-json\/wp\/v2\/product"}],"about":[{"href":"https:\/\/piflarnakupuje.top\/de_at\/wp-json\/wp\/v2\/types\/product"}],"replies":[{"embeddable":true,"href":"https:\/\/piflarnakupuje.top\/de_at\/wp-json\/wp\/v2\/comments?post=1172"}],"wp:featuredmedia":[{"embeddable":true,"href":"https:\/\/piflarnakupuje.top\/de_at\/wp-json\/wp\/v2\/media\/1170"}],"wp:attachment":[{"href":"https:\/\/piflarnakupuje.top\/de_at\/wp-json\/wp\/v2\/media?parent=1172"}],"wp:term":[{"taxonomy":"product_brand","embeddable":true,"href":"https:\/\/piflarnakupuje.top\/de_at\/wp-json\/wp\/v2\/product_brand?post=1172"},{"taxonomy":"product_cat","embeddable":true,"href":"https:\/\/piflarnakupuje.top\/de_at\/wp-json\/wp\/v2\/product_cat?post=1172"},{"taxonomy":"product_tag","embeddable":true,"href":"https:\/\/piflarnakupuje.top\/de_at\/wp-json\/wp\/v2\/product_tag?post=1172"}],"curies":[{"name":"wp","href":"https:\/\/api.w.org\/{rel}","templated":true}]}}