{"id":1232,"date":"2024-07-05T10:08:29","date_gmt":"2024-07-05T10:08:29","guid":{"rendered":"https:\/\/piflarnakupuje.top\/?post_type=product&#038;p=1232"},"modified":"2025-07-01T07:58:46","modified_gmt":"2025-07-01T07:58:46","slug":"sg109-pro-rc-drone-dual-4k-camera-2-akumulatorja","status":"publish","type":"product","link":"https:\/\/piflarnakupuje.top\/de_at\/pp\/sg109-pro-rc-drone-dual-4k-camera-2-akumulatorja\/","title":{"rendered":"SG109 Pro RC-Drohne mit Dual-4K-Kamera \u2013 2 Akkus"},"content":{"rendered":"<h2>Technische Daten<\/h2>\n<table class=\"jbEidtTable\" border=\"1\" cellspacing=\"0\" cellpadding=\"5\">\n<tbody>\n<tr>\n<td><strong>Allgemein<\/strong><\/td>\n<td>Tip: RC <a href=\"https:\/\/piflarnakupuje.top\/de_at\/piflar-testira-fpv-plus-freestyle-dron-rtf\/\">Drohne<\/a><br \/>\nModell: SG109 Pro<\/td>\n<\/tr>\n<tr>\n<td><strong>Technische Daten<\/strong><\/td>\n<td>Material: ABS<br \/>\nEinstellbarer Kamerawinkel mit Fernbedienung, 90\u00b0<br \/>\nSie k\u00f6nnen auch das gr\u00f6\u00dfte Telefon einlegen: 5,5 Zoll<br \/>\nBatterien f\u00fcr Fernbedienung: 3 x AA (nicht im Lieferumfang enthalten)<br \/>\nFrequenz: 2,4 GHz<br \/>\nLithiumbatteriekapazit\u00e4t: 3,7 V 1600 mAh<br \/>\nReichweite (ohne St\u00f6rungen): ca. 100m<br \/>\nFlugzeit: ca. 15 Min.<br \/>\nLadezeit: ca. 3 h<br \/>\nLademethode: USB<br \/>\nAufl\u00f6sung der Frontkamera: 4096 x 2160<br \/>\nAufl\u00f6sung der unteren Kamera: 4096*2160<br \/>\nVideo der Frontkamera: 1920 x 1080<br \/>\nVideo der unteren Kamera: 1920 x 1080<br \/>\nWLAN-Video\u00fcbertragung (ohne St\u00f6rungen): ca. 100 m<br \/>\nKameraobjektiv: 120\u00b0<br \/>\nBildrate: 20 fps<br \/>\nBesonderheiten: b\u00fcrstenloser Motor, elektronisch gesteuerte Kamera, Auf- und Absteigen, links und rechts, vorw\u00e4rts und r\u00fcckw\u00e4rts, links und rechts fliegen, Geschwindigkeitskontrolle, Headless-Flug, optische Hinderniserkennung, Ausdrucksfotografie, Ausdrucksvideo, Klick-Return, Kameraumschaltung<\/td>\n<\/tr>\n<tr>\n<td><strong>Gr\u00f6\u00dfe und Gewicht<\/strong><\/td>\n<td>Verpackungsgewicht: 480g<br \/>\nVerpackungsgr\u00f6\u00dfe (L x B x H): 23 x 18 x 8 cm<\/td>\n<\/tr>\n<tr>\n<td><strong>Paket<\/strong><\/td>\n<td>1 x RC <a href=\"https:\/\/piflarnakupuje.top\/de_at\/piflar-testira-fpv-plus-freestyle-dron-rtf\/\">Drohne<\/a><br \/>\n1 x Hindernisvermeidungssensor<br \/>\n1 x Fernbedienung<br \/>\n1 x Handyhalterung<br \/>\n2 x <a href=\"https:\/\/piflarnakupuje.top\/de_at\/pp\/jump-1500-dodatni-akumulator-1548wh-lifepo4-tipa\/\">Akku<\/a><br \/>\n1 x USB-Ladekabel<br \/>\n1 x Schraubendreher<br \/>\n1 x Ersatzpropeller<br \/>\n2 x Ersatzschrauben<br \/>\n1 x Aufbewahrungskoffer<br \/>\n1 x Anleitung<\/td>\n<\/tr>\n<\/tbody>\n<\/table>","protected":false},"excerpt":{"rendered":"<p><strong>Paket:<\/strong><\/p>\n<p>1 x RC-Drohne<br \/>\n1 x Hindernisvermeidungssensor<br \/>\n1 x Fernbedienung<br \/>\n1 x Handyhalterung<br \/>\n2 x Batterie<br \/>\n1 x USB-Ladekabel<br \/>\n1 x Schraubendreher<br \/>\n1 x Ersatzpropeller<br \/>\n2 x Ersatzschrauben<br \/>\n1 x Aufbewahrungskoffer<br \/>\n1 x Anleitung<\/p>","protected":false},"featured_media":1233,"comment_status":"open","ping_status":"closed","template":"","meta":{"_gspb_post_css":"","_sitemap_exclude":false,"_sitemap_priority":"","_sitemap_frequency":""},"product_brand":[],"product_cat":[49,20],"product_tag":[],"class_list":{"0":"post-1232","1":"product","2":"type-product","3":"status-publish","4":"has-post-thumbnail","6":"product_cat-profi-rc-igrace-za-velike-in-male-po-dusi","7":"product_cat-rc-droni","8":"product_shipping_class-rc","9":"pa_barva-crna","10":"pa_kolicina-akumulatorjev-rc-191","11":"pa_skladisce-brezcarinsko-skladisce-slovenija","12":"pa_tip-drona-klasicni-dron","13":"pa_tip-motorja-rc-brezkrtacni","15":"first","16":"instock","17":"sale","18":"shipping-taxable","19":"purchasable","20":"product-type-simple"},"_links":{"self":[{"href":"https:\/\/piflarnakupuje.top\/de_at\/wp-json\/wp\/v2\/product\/1232","targetHints":{"allow":["GET"]}}],"collection":[{"href":"https:\/\/piflarnakupuje.top\/de_at\/wp-json\/wp\/v2\/product"}],"about":[{"href":"https:\/\/piflarnakupuje.top\/de_at\/wp-json\/wp\/v2\/types\/product"}],"replies":[{"embeddable":true,"href":"https:\/\/piflarnakupuje.top\/de_at\/wp-json\/wp\/v2\/comments?post=1232"}],"wp:featuredmedia":[{"embeddable":true,"href":"https:\/\/piflarnakupuje.top\/de_at\/wp-json\/wp\/v2\/media\/1233"}],"wp:attachment":[{"href":"https:\/\/piflarnakupuje.top\/de_at\/wp-json\/wp\/v2\/media?parent=1232"}],"wp:term":[{"taxonomy":"product_brand","embeddable":true,"href":"https:\/\/piflarnakupuje.top\/de_at\/wp-json\/wp\/v2\/product_brand?post=1232"},{"taxonomy":"product_cat","embeddable":true,"href":"https:\/\/piflarnakupuje.top\/de_at\/wp-json\/wp\/v2\/product_cat?post=1232"},{"taxonomy":"product_tag","embeddable":true,"href":"https:\/\/piflarnakupuje.top\/de_at\/wp-json\/wp\/v2\/product_tag?post=1232"}],"curies":[{"name":"wp","href":"https:\/\/api.w.org\/{rel}","templated":true}]}}