{"id":1321,"date":"2024-07-05T20:48:36","date_gmt":"2024-07-05T20:48:36","guid":{"rendered":"https:\/\/piflarnakupuje.top\/?post_type=product&#038;p=1321"},"modified":"2025-07-01T07:57:20","modified_gmt":"2025-07-01T07:57:20","slug":"q117-e-116-2-4g-4wd-35km-h-avtomobil-za-driftanje-proporcionalne-komande-led-luci","status":"publish","type":"product","link":"https:\/\/piflarnakupuje.top\/de_at\/pp\/q117-e-116-2-4g-4wd-35km-h-avtomobil-za-driftanje-proporcionalne-komande-led-luci\/","title":{"rendered":"Q117 E 1:16 2.4G 4WD 35KM\/H Drift Auto Proportionalsteuerung LED-Leuchten"},"content":{"rendered":"<h2>Technische Daten<\/h2>\n<table style=\"font-weight: 400\">\n<tbody>\n<tr>\n<td>Allgemein<\/td>\n<td>Tipp: RC-Car<br \/>\nModell: Q117<\/td>\n<\/tr>\n<tr>\n<td>Technische Daten<\/td>\n<td>Ma\u00dfstab: 1\/16<br \/>\nGeschwindigkeit: 35km\/h<br \/>\nMotor: RC 390<br \/>\nFrequenz: 2,4 GHz<br \/>\nSenderbatterie: 2XAA (nicht im Lieferumfang enthalten)<br \/>\n<a href=\"https:\/\/piflarnakupuje.top\/de_at\/pp\/jump-1500-dodatni-akumulator-1548wh-lifepo4-tipa\/\">Batterie<\/a>7,4 V 1300 mAh Lithium-Ionen-Akku<br \/>\nLadezeit: 3-3,5h<br \/>\nNutzung: 15-18min<br \/>\nReichweite: 80m<br \/>\nFunktionen: vorw\u00e4rts, r\u00fcckw\u00e4rts, links, rechts, alle proportional<\/td>\n<\/tr>\n<tr>\n<td>Gewicht und Abmessungen<\/td>\n<td>Gewicht: 800g<br \/>\nVerpackungsgewicht: 1450g<br \/>\nGr\u00f6\u00dfe: 34,5 x 15 x 25 cm<\/td>\n<\/tr>\n<tr>\n<td>Paket<\/td>\n<td><a href=\"https:\/\/piflarnakupuje.top\/de_at\/piflar-test-mn-128-1-12-2-4g-4wd-rc-crawler\/\">RC auto<\/a>Fernbedienung, Bedienungsanleitung <a href=\"https:\/\/piflarnakupuje.top\/de_at\/pp\/jump-1500-dodatni-akumulator-1548wh-lifepo4-tipa\/\">Akku<\/a>, <a href=\"https:\/\/piflarnakupuje.top\/de_at\/pp\/4-in-1-qi-brezzicni-polnilec-za-vse-naprave-z-qi-standardom\/\">Ladeger\u00e4t<\/a>, <a href=\"https:\/\/piflarnakupuje.top\/de_at\/pp\/gf700-elektricno-kolo-17-5ah-48v-500w2-motorja-26-col\/\">reifen<\/a> zum Driften, Schraubenzieher<\/p>\n<p>Sto\u00dfd\u00e4mpfer-Einstellwerkzeug.<\/td>\n<\/tr>\n<\/tbody>\n<\/table>","protected":false},"excerpt":{"rendered":"<p><strong>Paket:<\/strong><\/p>\n<p>RC-Auto,<br \/>\nFernbedienung,<br \/>\nLED<br \/>\nBatterie,<br \/>\nLadeger\u00e4t,<br \/>\nDriftbikes,<br \/>\nSchraubendreher,<br \/>\nSto\u00dfd\u00e4mpfer-Einstellwerkzeug.<\/p>","protected":false},"featured_media":1322,"comment_status":"open","ping_status":"closed","template":"","meta":{"_gspb_post_css":"","_sitemap_exclude":false,"_sitemap_priority":"","_sitemap_frequency":""},"product_brand":[],"product_cat":[49,21],"product_tag":[],"class_list":{"0":"post-1321","1":"product","2":"type-product","3":"status-publish","4":"has-post-thumbnail","6":"product_cat-profi-rc-igrace-za-velike-in-male-po-dusi","7":"product_cat-rc-avtomobili","8":"product_shipping_class-rc","9":"pa_barva-modra","10":"pa_barva-rdeca","11":"pa_kolicina-akumulatorjev-rc-190","12":"pa_merilo-rc-avtomobila-143","13":"pa_skladisce-brezcarinsko-skladisce-slovenija","14":"pa_skladisce-centralno-skladisce-slovenija","15":"pa_tip-motorja-rc-krtacni","16":"pa_vrsta-avtomobila-cestni","17":"pa_vrsta-avtomobila-drift","19":"first","20":"instock","21":"shipping-taxable","22":"purchasable","23":"product-type-variable"},"_links":{"self":[{"href":"https:\/\/piflarnakupuje.top\/de_at\/wp-json\/wp\/v2\/product\/1321","targetHints":{"allow":["GET"]}}],"collection":[{"href":"https:\/\/piflarnakupuje.top\/de_at\/wp-json\/wp\/v2\/product"}],"about":[{"href":"https:\/\/piflarnakupuje.top\/de_at\/wp-json\/wp\/v2\/types\/product"}],"replies":[{"embeddable":true,"href":"https:\/\/piflarnakupuje.top\/de_at\/wp-json\/wp\/v2\/comments?post=1321"}],"wp:featuredmedia":[{"embeddable":true,"href":"https:\/\/piflarnakupuje.top\/de_at\/wp-json\/wp\/v2\/media\/1322"}],"wp:attachment":[{"href":"https:\/\/piflarnakupuje.top\/de_at\/wp-json\/wp\/v2\/media?parent=1321"}],"wp:term":[{"taxonomy":"product_brand","embeddable":true,"href":"https:\/\/piflarnakupuje.top\/de_at\/wp-json\/wp\/v2\/product_brand?post=1321"},{"taxonomy":"product_cat","embeddable":true,"href":"https:\/\/piflarnakupuje.top\/de_at\/wp-json\/wp\/v2\/product_cat?post=1321"},{"taxonomy":"product_tag","embeddable":true,"href":"https:\/\/piflarnakupuje.top\/de_at\/wp-json\/wp\/v2\/product_tag?post=1321"}],"curies":[{"name":"wp","href":"https:\/\/api.w.org\/{rel}","templated":true}]}}