{"id":1614,"date":"2024-07-06T15:20:03","date_gmt":"2024-07-06T15:20:03","guid":{"rendered":"https:\/\/piflarnakupuje.top\/?post_type=product&#038;p=1614"},"modified":"2025-07-01T07:55:55","modified_gmt":"2025-07-01T07:55:55","slug":"ocean-max-sportna-pametna-ura","status":"publish","type":"product","link":"https:\/\/piflarnakupuje.top\/de_at\/pp\/ocean-max-sportna-pametna-ura\/","title":{"rendered":"Ocean Max Sport-Smartwatch"},"content":{"rendered":"<h2>Spezifikation<\/h2>\n<table class=\"jbEidtTable\" border=\"1\" cellspacing=\"0\" cellpadding=\"5\">\n<tbody>\n<tr>\n<td>Allgemein<\/td>\n<td>Modell: OCEAN MAX<\/td>\n<\/tr>\n<tr>\n<td>Hardware<\/td>\n<td>Chip: Realtek RTL8763EWE<br \/>\nBluetooth: BT5.3<br \/>\nKonnektivit\u00e4t: iOS und Android<br \/>\nHerzfrequenzsensor: HX3605<br \/>\nBeschleunigungsmesser: Silan Micro SC7A20<\/td>\n<\/tr>\n<tr>\n<td>Funktionen<\/td>\n<td>Gesundheit: Schrittz\u00e4hlung, Schlaf\u00fcberwachung, Herzfrequenz, Druck, Blutsauerstoff, Atem\u00fcberwachung, Alarm, W\u00e4hltastatur, Wetter, SMS; synchronisiert Nachrichten aus den meisten sozialen Netzwerken.<\/td>\n<\/tr>\n<tr>\n<td>Bildschirm<\/td>\n<td>1,96 Zoll TFT LCD<br \/>\nAufl\u00f6sung: 320*386<\/td>\n<\/tr>\n<tr>\n<td>Batterie<\/td>\n<td>Kapazit\u00e4t: 650mAh L\u00f6we<br \/>\nLadezeit: 2 Stunden<br \/>\nWartezeit: 15 Tage<\/td>\n<\/tr>\n<tr>\n<td>Material<\/td>\n<td>Geh\u00e4use: Pulverbeschichtetes Aluminium<br \/>\nPas: 22 mm; 130 mm, 90 mm<\/td>\n<\/tr>\n<tr>\n<td><\/td>\n<td><\/td>\n<\/tr>\n<tr>\n<td>Gewicht und Gr\u00f6\u00dfe<\/td>\n<td>Uhrengewicht: 87g<br \/>\nGewicht der Packung: 218 g<\/td>\n<\/tr>\n<tr>\n<td>Paket<\/td>\n<td>1 x Uhr<br \/>\n1 x Ladekabel<br \/>\n1 x Anleitung<\/td>\n<\/tr>\n<\/tbody>\n<\/table>","protected":false},"excerpt":{"rendered":"<p><strong>Paket<\/strong><\/p>\n<p>1 x uhr<br \/>\n1 x Ladekabel<br \/>\n1 x Anleitung<\/p>","protected":false},"featured_media":1620,"comment_status":"open","ping_status":"closed","template":"","meta":{"_gspb_post_css":"","_sitemap_exclude":false,"_sitemap_priority":"","_sitemap_frequency":""},"product_brand":[],"product_cat":[19,50],"product_tag":[],"class_list":{"0":"post-1614","1":"product","2":"type-product","3":"status-publish","4":"has-post-thumbnail","6":"product_cat-pametne-ure","7":"product_cat-zabavna-elektronika","8":"pa_barva-crna","9":"pa_barva-modra","10":"pa_barva-rdeca","11":"pa_material-ohisja-ohisje-iz-kovine","12":"pa_povezljivost-naprave-bluetooth","13":"pa_skladisce-brezcarinsko-skladisce-slovenija","14":"pa_uporaba-brez-polnjenja-3-do-7-dni","15":"pa_vrsta-polnjenja-brezcicno","17":"first","18":"instock","19":"shipping-taxable","20":"purchasable","21":"product-type-variable"},"_links":{"self":[{"href":"https:\/\/piflarnakupuje.top\/de_at\/wp-json\/wp\/v2\/product\/1614","targetHints":{"allow":["GET"]}}],"collection":[{"href":"https:\/\/piflarnakupuje.top\/de_at\/wp-json\/wp\/v2\/product"}],"about":[{"href":"https:\/\/piflarnakupuje.top\/de_at\/wp-json\/wp\/v2\/types\/product"}],"replies":[{"embeddable":true,"href":"https:\/\/piflarnakupuje.top\/de_at\/wp-json\/wp\/v2\/comments?post=1614"}],"wp:featuredmedia":[{"embeddable":true,"href":"https:\/\/piflarnakupuje.top\/de_at\/wp-json\/wp\/v2\/media\/1620"}],"wp:attachment":[{"href":"https:\/\/piflarnakupuje.top\/de_at\/wp-json\/wp\/v2\/media?parent=1614"}],"wp:term":[{"taxonomy":"product_brand","embeddable":true,"href":"https:\/\/piflarnakupuje.top\/de_at\/wp-json\/wp\/v2\/product_brand?post=1614"},{"taxonomy":"product_cat","embeddable":true,"href":"https:\/\/piflarnakupuje.top\/de_at\/wp-json\/wp\/v2\/product_cat?post=1614"},{"taxonomy":"product_tag","embeddable":true,"href":"https:\/\/piflarnakupuje.top\/de_at\/wp-json\/wp\/v2\/product_tag?post=1614"}],"curies":[{"name":"wp","href":"https:\/\/api.w.org\/{rel}","templated":true}]}}