{"id":2545,"date":"2024-07-10T15:45:27","date_gmt":"2024-07-10T15:45:27","guid":{"rendered":"https:\/\/piflarnakupuje.top\/?post_type=product&#038;p=2545"},"modified":"2025-07-01T07:52:28","modified_gmt":"2025-07-01T07:52:28","slug":"749-2-4g-rc-turbinski-coln-brezkrtacen","status":"publish","type":"product","link":"https:\/\/piflarnakupuje.top\/de_at\/pp\/749-2-4g-rc-turbinski-coln-brezkrtacen\/","title":{"rendered":"749 2.4G RC Turbinenboot b\u00fcrstenlos"},"content":{"rendered":"<p style=\"font-weight: 400;\"><strong>Beschreibung:<\/strong><\/p>\n<p>&nbsp;<\/p>\n<table style=\"font-weight: 400;\">\n<tbody>\n<tr>\n<td width=\"140\">Grundlegende Informationen<\/td>\n<td width=\"449\">&nbsp;<\/p>\n<p>Modell:749<\/p>\n<p>Geschwindigkeit: 25km\/h<\/td>\n<td width=\"131\">Fahren<\/td>\n<td width=\"459\">ESC und Empf\u00e4nger 2 in 1<\/p>\n<p>Motor: b\u00fcrstenlos 1806<\/td>\n<\/tr>\n<tr>\n<td width=\"140\">Sender<\/td>\n<td width=\"449\">Frequenz: 2,4 GHz<\/p>\n<p>Batterien: 2xAA (nicht im Lieferumfang enthalten)<\/td>\n<td width=\"131\">Batterie:<\/td>\n<td width=\"459\">7,4 V 1500 mAh L\u00f6we<\/td>\n<\/tr>\n<tr>\n<td width=\"140\">andere<\/td>\n<td width=\"449\">Aufladen: 120min<\/p>\n<p>Spieldauer: 10 Minuten<\/p>\n<p>Reichweite: 150m<\/p>\n<p>Proportionalantriebssystem<\/td>\n<td width=\"131\">Ma\u00dfe<\/td>\n<td width=\"459\">Gr\u00f6\u00dfe: 41,5 \u00d7 11,5 x 11 cm<\/p>\n<p>Paket: 42,5 x 12 x 12,5 cm<\/p>\n<p>Gewicht: 1400 g<\/td>\n<\/tr>\n<\/tbody>\n<\/table>\n<p style=\"font-weight: 400;\"><strong>Paket:<\/strong><\/p>\n<p style=\"font-weight: 400;\">1 * Boot<\/p>\n<p style=\"font-weight: 400;\">1 * Fernbedienung<\/p>\n<p style=\"font-weight: 400;\">1 * Batterie<\/p>\n<p style=\"font-weight: 400;\">1 * Ladeger\u00e4t<\/p>","protected":false},"excerpt":{"rendered":"<p style=\"font-weight: 400;\"><strong>Paket:<\/strong><\/p>\n<p style=\"font-weight: 400;\">1 * Boot<\/p>\n<p style=\"font-weight: 400;\">1 * Fernbedienung<\/p>\n<p style=\"font-weight: 400;\">1 * Batterie<\/p>\n<p style=\"font-weight: 400;\">1 * Ladeger\u00e4t<\/p>","protected":false},"featured_media":2549,"comment_status":"open","ping_status":"closed","template":"","meta":{"_gspb_post_css":"","_sitemap_exclude":false,"_sitemap_priority":"","_sitemap_frequency":""},"product_brand":[],"product_cat":[49,23],"product_tag":[],"class_list":{"0":"post-2545","1":"product","2":"type-product","3":"status-publish","4":"has-post-thumbnail","6":"product_cat-profi-rc-igrace-za-velike-in-male-po-dusi","7":"product_cat-rc-colni","8":"pa_barva-modra","9":"pa_barva-rumena","10":"pa_kolicina-akumulatorjev-rc-190","11":"pa_nacin-pogona-colna-jet-pogon","12":"pa_skladisce-centralno-skladisce-slovenija","13":"pa_tip-motorja-rc-brezkrtacni","15":"first","16":"instock","17":"shipping-taxable","18":"purchasable","19":"product-type-variable"},"_links":{"self":[{"href":"https:\/\/piflarnakupuje.top\/de_at\/wp-json\/wp\/v2\/product\/2545","targetHints":{"allow":["GET"]}}],"collection":[{"href":"https:\/\/piflarnakupuje.top\/de_at\/wp-json\/wp\/v2\/product"}],"about":[{"href":"https:\/\/piflarnakupuje.top\/de_at\/wp-json\/wp\/v2\/types\/product"}],"replies":[{"embeddable":true,"href":"https:\/\/piflarnakupuje.top\/de_at\/wp-json\/wp\/v2\/comments?post=2545"}],"wp:featuredmedia":[{"embeddable":true,"href":"https:\/\/piflarnakupuje.top\/de_at\/wp-json\/wp\/v2\/media\/2549"}],"wp:attachment":[{"href":"https:\/\/piflarnakupuje.top\/de_at\/wp-json\/wp\/v2\/media?parent=2545"}],"wp:term":[{"taxonomy":"product_brand","embeddable":true,"href":"https:\/\/piflarnakupuje.top\/de_at\/wp-json\/wp\/v2\/product_brand?post=2545"},{"taxonomy":"product_cat","embeddable":true,"href":"https:\/\/piflarnakupuje.top\/de_at\/wp-json\/wp\/v2\/product_cat?post=2545"},{"taxonomy":"product_tag","embeddable":true,"href":"https:\/\/piflarnakupuje.top\/de_at\/wp-json\/wp\/v2\/product_tag?post=2545"}],"curies":[{"name":"wp","href":"https:\/\/api.w.org\/{rel}","templated":true}]}}