{"id":2638,"date":"2024-07-11T08:54:05","date_gmt":"2024-07-11T08:54:05","guid":{"rendered":"https:\/\/piflarnakupuje.top\/?post_type=product&#038;p=2638"},"modified":"2025-07-01T07:52:08","modified_gmt":"2025-07-01T07:52:08","slug":"professionalni-tx-850-detektor-kovin-deluje-do-globine-2-5m","status":"publish","type":"product","link":"https:\/\/piflarnakupuje.top\/de_at\/pp\/professionalni-tx-850-detektor-kovin-deluje-do-globine-2-5m\/","title":{"rendered":"Professioneller Metalldetektor TX-850 funktioniert bis zu einer Tiefe von 2,5 m"},"content":{"rendered":"<div>\n<h3><strong>Spezifikationen:<\/strong><\/h3>\n<div>1. Stromversorgung: 9 V (6F22) (nicht im Lieferumfang enthalten)<\/div>\n<div>2. Frequenz: 19,23 kHz<\/div>\n<div>3. Standby-Strom: 20 mA; Max: 130 mA<\/div>\n<div>4. Spannung: 7,2-9 V<\/div>\n<div>5. US 25\/50 Cent Empfindlichkeit: 220mm<\/div>\n<div>6. Anzeige: LCD-Bildschirm, Ton<\/div>\n<div>7. L\u00e4nge: 25,2-34,25 Zoll<\/div>\n<div>8. Spulengr\u00f6\u00dfe: 8,5 \u00d7 11 Zoll<\/div>\n<div>9. Farbe: schwarz<\/div>\n<div>10. Arbeitsfrequenz: 19 kHz<\/div>\n<div>11. Betrieb bei Temperaturen: -10 bis +50 \u00b0C<\/div>\n<div>12. Betrieb bei Luftfeuchtigkeit: 0 \u2013 90 %<\/div>\n<div>13. Paket:55*22*13.5cm<\/div>\n<div>14.G.Gewicht: 3 kg<\/div>\n<div><\/div>\n<\/div>\n<h3><strong>Paket:<\/strong><\/h3>\n<div>\n<p><strong>1 x TX-850 <a href=\"https:\/\/piflarnakupuje.top\/de_at\/piflarjev-test-x13-pro-visoko-obcutljiv-detektor-kovin\/\">Metalldetector<\/a><\/strong><\/p>\n<p><strong>1 x Bedienungsanleitung<\/strong><\/p>\n<\/div>\n<div><\/div>","protected":false},"excerpt":{"rendered":"<h3><strong>Paket:<\/strong><\/h3>\n<div>\n<p><strong>1 x TX-850 Detektor<\/strong><\/p>\n<p><strong>1 x Bedienungsanleitung<\/strong><\/p>\n<\/div>\n<div>enth\u00e4lt keine Batterie<\/div>","protected":false},"featured_media":2649,"comment_status":"open","ping_status":"closed","template":"","meta":{"_gspb_post_css":"","_sitemap_exclude":false,"_sitemap_priority":"","_sitemap_frequency":""},"product_brand":[],"product_cat":[72,71],"product_tag":[],"class_list":{"0":"post-2638","1":"product","2":"type-product","3":"status-publish","4":"has-post-thumbnail","6":"product_cat-detektor-kovin-za-teren","7":"product_cat-piflarjev-raziskovalni-laboratorij","8":"product_shipping_class-detektorji-kovin","9":"pa_barva-crna","10":"pa_prostor-uporabe-odzunaj","11":"pa_skladisce-centralno-skladisce-slovenija","13":"first","14":"instock","15":"sale","16":"shipping-taxable","17":"purchasable","18":"product-type-simple"},"_links":{"self":[{"href":"https:\/\/piflarnakupuje.top\/de_at\/wp-json\/wp\/v2\/product\/2638","targetHints":{"allow":["GET"]}}],"collection":[{"href":"https:\/\/piflarnakupuje.top\/de_at\/wp-json\/wp\/v2\/product"}],"about":[{"href":"https:\/\/piflarnakupuje.top\/de_at\/wp-json\/wp\/v2\/types\/product"}],"replies":[{"embeddable":true,"href":"https:\/\/piflarnakupuje.top\/de_at\/wp-json\/wp\/v2\/comments?post=2638"}],"wp:featuredmedia":[{"embeddable":true,"href":"https:\/\/piflarnakupuje.top\/de_at\/wp-json\/wp\/v2\/media\/2649"}],"wp:attachment":[{"href":"https:\/\/piflarnakupuje.top\/de_at\/wp-json\/wp\/v2\/media?parent=2638"}],"wp:term":[{"taxonomy":"product_brand","embeddable":true,"href":"https:\/\/piflarnakupuje.top\/de_at\/wp-json\/wp\/v2\/product_brand?post=2638"},{"taxonomy":"product_cat","embeddable":true,"href":"https:\/\/piflarnakupuje.top\/de_at\/wp-json\/wp\/v2\/product_cat?post=2638"},{"taxonomy":"product_tag","embeddable":true,"href":"https:\/\/piflarnakupuje.top\/de_at\/wp-json\/wp\/v2\/product_tag?post=2638"}],"curies":[{"name":"wp","href":"https:\/\/api.w.org\/{rel}","templated":true}]}}