{"id":2750,"date":"2024-07-11T13:00:45","date_gmt":"2024-07-11T13:00:45","guid":{"rendered":"https:\/\/piflarnakupuje.top\/?post_type=product&#038;p=2750"},"modified":"2025-07-01T07:51:23","modified_gmt":"2025-07-01T07:51:23","slug":"hx1infrardeca-kamera-240240p","status":"publish","type":"product","link":"https:\/\/piflarnakupuje.top\/de_at\/pp\/hx1infrardeca-kamera-240240p\/","title":{"rendered":"HX1 Infrarotkamera, 240*240P"},"content":{"rendered":"<h2>Technische Daten<\/h2>\n<table class=\"jbEidtTable\" border=\"1\" cellspacing=\"0\" cellpadding=\"5\">\n<tbody>\n<tr>\n<td>allgemein<\/td>\n<td>Infrarotkamera<br \/>\nModell: HX1<\/td>\n<\/tr>\n<tr>\n<td><strong>Technische Daten<\/strong><\/td>\n<td>Aufl\u00f6sung: 240*240<br \/>\nTemperaturbereich: -20 bis 550 Grad<br \/>\nAnzeige: 2,4 Zoll LCD<br \/>\nBatterie: 2500mAh<br \/>\nSchutzart: IP54<br \/>\nSpeicher: 4 GB<br \/>\nUSB-Konnektivit\u00e4t f\u00fcr schnelle Daten\u00fcbertragung<\/td>\n<\/tr>\n<tr>\n<td><strong>Gr\u00f6\u00dfe und Gewicht<\/strong><\/td>\n<td>Gewicht: 277 g<br \/>\nVerpackungsgewicht: 490g<br \/>\nGr\u00f6\u00dfe: 193,4 * 59,4 * 77,4 mm<br \/>\nVerpackungsgr\u00f6\u00dfe: 220 * 97 * 75 mm<\/td>\n<\/tr>\n<tr>\n<td><strong>Paket<\/strong><\/td>\n<td>1 x Thermokamera<br \/>\n1 x Anleitung<\/td>\n<\/tr>\n<\/tbody>\n<\/table>","protected":false},"excerpt":{"rendered":"<p><strong>Paket:<\/strong><\/p>\n<p>1 x Thermokamera<br \/>\n1 x Anleitung<br \/>\n1 x Batterie<\/p>","protected":false},"featured_media":2759,"comment_status":"open","ping_status":"closed","template":"","meta":{"_gspb_post_css":"","_sitemap_exclude":false,"_sitemap_priority":"","_sitemap_frequency":""},"product_brand":[],"product_cat":[71,75],"product_tag":[],"class_list":{"0":"post-2750","1":"product","2":"type-product","3":"status-publish","4":"has-post-thumbnail","6":"product_cat-piflarjev-raziskovalni-laboratorij","7":"product_cat-termo-kamere","8":"product_shipping_class-ostalo","9":"pa_barva-rdeca","10":"pa_povezljivost-naprave-usb","11":"pa_prostor-uporabe-odznotraj","12":"pa_prostor-uporabe-odzunaj","13":"pa_skladisce-brezcarinsko-skladisce-slovenija","14":"pa_skladisce-centralno-skladisce-slovenija","16":"first","17":"instock","18":"sale","19":"shipping-taxable","20":"purchasable","21":"product-type-simple"},"_links":{"self":[{"href":"https:\/\/piflarnakupuje.top\/de_at\/wp-json\/wp\/v2\/product\/2750","targetHints":{"allow":["GET"]}}],"collection":[{"href":"https:\/\/piflarnakupuje.top\/de_at\/wp-json\/wp\/v2\/product"}],"about":[{"href":"https:\/\/piflarnakupuje.top\/de_at\/wp-json\/wp\/v2\/types\/product"}],"replies":[{"embeddable":true,"href":"https:\/\/piflarnakupuje.top\/de_at\/wp-json\/wp\/v2\/comments?post=2750"}],"wp:featuredmedia":[{"embeddable":true,"href":"https:\/\/piflarnakupuje.top\/de_at\/wp-json\/wp\/v2\/media\/2759"}],"wp:attachment":[{"href":"https:\/\/piflarnakupuje.top\/de_at\/wp-json\/wp\/v2\/media?parent=2750"}],"wp:term":[{"taxonomy":"product_brand","embeddable":true,"href":"https:\/\/piflarnakupuje.top\/de_at\/wp-json\/wp\/v2\/product_brand?post=2750"},{"taxonomy":"product_cat","embeddable":true,"href":"https:\/\/piflarnakupuje.top\/de_at\/wp-json\/wp\/v2\/product_cat?post=2750"},{"taxonomy":"product_tag","embeddable":true,"href":"https:\/\/piflarnakupuje.top\/de_at\/wp-json\/wp\/v2\/product_tag?post=2750"}],"curies":[{"name":"wp","href":"https:\/\/api.w.org\/{rel}","templated":true}]}}