{"id":4100,"date":"2024-07-19T06:09:26","date_gmt":"2024-07-19T06:09:26","guid":{"rendered":"https:\/\/piflarnakupuje.top\/?post_type=product&#038;p=4100"},"modified":"2026-04-16T13:26:02","modified_gmt":"2026-04-16T13:26:02","slug":"1002se-rtr-1-10-2-4g-4wd-60km-h-rc-avtomobil-brezkrtacni-motor-za-vse-terene","status":"publish","type":"product","link":"https:\/\/piflarnakupuje.top\/de_at\/pp\/1002se-rtr-1-10-2-4g-4wd-60km-h-rc-avtomobil-brezkrtacni-motor-za-vse-terene\/","title":{"rendered":"1002SE RTR 1\/10 2,4G 4WD 60km\/h RC Auto B\u00fcrstenloser Motor f\u00fcr jedes Gel\u00e4nde"},"content":{"rendered":"<p style=\"font-weight: 400;\"><b>Spezifikationen:<\/b><\/p>\n<table>\n<tbody>\n<tr>\n<td width=\"112\">Grundlegende Informationen<\/td>\n<td width=\"184\">Ma\u00dfstab: 1\/10<br \/>\nH\u00f6chstgeschwindigkeit: \u226560 km\/h<\/td>\n<td width=\"101\">Fahren<\/td>\n<td width=\"268\">ESC: 120 A, spritzwassergesch\u00fctzt, in sich geschlossen<\/p>\n<p>Motor: 3660 2600KV b\u00fcrstenlos<\/p>\n<p>Servo: 1 5kg Metallgetriebe, wasserdicht<\/td>\n<\/tr>\n<tr>\n<td width=\"112\">Sender<\/td>\n<td width=\"184\">Frequenz: 2,4 G<br \/>\nKan\u00e4le: 4CH<br \/>\nReichweite: 100m\/150m<br \/>\nBatterien: 4 x 1,5 V AA (nicht im Lieferumfang enthalten)<\/td>\n<td width=\"101\"><a href=\"https:\/\/piflarnakupuje.top\/de_at\/pp\/jump-1500-dodatni-akumulator-1548wh-lifepo4-tipa\/\">Batterie<\/a><\/td>\n<td width=\"268\">Nicht in liferung<\/p>\n<p>Priporo\u010dljiv <a href=\"https:\/\/piflarnakupuje.top\/de_at\/pp\/jump-1500-dodatni-akumulator-1548wh-lifepo4-tipa\/\">Akku<\/a>:2-3s Lipo (lahko 2x)<\/p>\n<p>(Podpira 2x <a href=\"https:\/\/piflarnakupuje.top\/de_at\/pp\/jump-1500-dodatni-akumulator-1548wh-lifepo4-tipa\/\">Akku<\/a> 140x45x30mm velikosti)<\/td>\n<\/tr>\n<tr>\n<td width=\"112\">Andere<\/td>\n<td width=\"184\">Material: PA + Metall + elektronische Teile<\/p>\n<p>Gewicht: ca. 3,8 kg<\/p>\n<p>Karton: ca. 5kg<\/td>\n<td width=\"101\">Ma\u00dfe<\/td>\n<td width=\"268\"><a href=\"https:\/\/piflarnakupuje.top\/de_at\/piflar-test-mn-128-1-12-2-4g-4wd-rc-crawler\/\">Auto<\/a>:<\/p>\n<p>600*300*250 mm<\/p>\n<p>zwischen den Vorderr\u00e4dern: 240 mm<\/p>\n<p>Zwischen den Hinterr\u00e4dern: 249 mm<\/p>\n<p>Radstand: 345 mm<\/p>\n<p>Karton: 678 * 348 * 260 mm<\/td>\n<\/tr>\n<\/tbody>\n<\/table>\n<p>&nbsp;<\/p>\n<p>Paket:<br \/>\n1x <a href=\"https:\/\/piflarnakupuje.top\/de_at\/piflar-test-mn-128-1-12-2-4g-4wd-rc-crawler\/\">RC auto<\/a><\/p>\n<p>1X Fernbedienung<\/p>\n<p>1X Anleitung<\/p>\n<p>1X Werkzeug<\/p>\n<p>1X Aufkleber<\/p>\n<p>Wichtig: Enth\u00e4lt keine Batterien f\u00fcr die Fernbedienung und keine Akkus!<\/p>\n<p>&nbsp;<\/p>","protected":false},"excerpt":{"rendered":"<p><strong>Paket:<\/strong><\/p>\n<p>1X RC-Auto<\/p>\n<p>1X Fernbedienung<\/p>\n<p>1X Anleitung<\/p>\n<p>1X Werkzeug<\/p>\n<p>1X Aufkleber<\/p>\n<p>Wichtig: Enth\u00e4lt keine Batterien f\u00fcr die Fernbedienung und keine Akkus!<\/p>","protected":false},"featured_media":4115,"comment_status":"open","ping_status":"closed","template":"","meta":{"_gspb_post_css":"","_sitemap_exclude":false,"_sitemap_priority":"","_sitemap_frequency":""},"product_brand":[],"product_cat":[49,21],"product_tag":[],"class_list":{"0":"post-4100","1":"product","2":"type-product","3":"status-publish","4":"has-post-thumbnail","6":"product_cat-profi-rc-igrace-za-velike-in-male-po-dusi","7":"product_cat-rc-avtomobili","8":"product_shipping_class-rc","9":"pa_barva-rdeca","10":"pa_merilo-rc-avtomobila-141","11":"pa_skladisce-brezcarinsko-skladisce-slovenija","12":"pa_tip-motorja-rc-brezkrtacni","13":"pa_vrsta-avtomobila-terenski","15":"first","16":"instock","17":"sale","18":"shipping-taxable","19":"purchasable","20":"product-type-simple"},"_links":{"self":[{"href":"https:\/\/piflarnakupuje.top\/de_at\/wp-json\/wp\/v2\/product\/4100","targetHints":{"allow":["GET"]}}],"collection":[{"href":"https:\/\/piflarnakupuje.top\/de_at\/wp-json\/wp\/v2\/product"}],"about":[{"href":"https:\/\/piflarnakupuje.top\/de_at\/wp-json\/wp\/v2\/types\/product"}],"replies":[{"embeddable":true,"href":"https:\/\/piflarnakupuje.top\/de_at\/wp-json\/wp\/v2\/comments?post=4100"}],"wp:featuredmedia":[{"embeddable":true,"href":"https:\/\/piflarnakupuje.top\/de_at\/wp-json\/wp\/v2\/media\/4115"}],"wp:attachment":[{"href":"https:\/\/piflarnakupuje.top\/de_at\/wp-json\/wp\/v2\/media?parent=4100"}],"wp:term":[{"taxonomy":"product_brand","embeddable":true,"href":"https:\/\/piflarnakupuje.top\/de_at\/wp-json\/wp\/v2\/product_brand?post=4100"},{"taxonomy":"product_cat","embeddable":true,"href":"https:\/\/piflarnakupuje.top\/de_at\/wp-json\/wp\/v2\/product_cat?post=4100"},{"taxonomy":"product_tag","embeddable":true,"href":"https:\/\/piflarnakupuje.top\/de_at\/wp-json\/wp\/v2\/product_tag?post=4100"}],"curies":[{"name":"wp","href":"https:\/\/api.w.org\/{rel}","templated":true}]}} 