{"id":4276,"date":"2024-07-19T12:10:40","date_gmt":"2024-07-19T12:10:40","guid":{"rendered":"https:\/\/piflarnakupuje.top\/?post_type=product&#038;p=4276"},"modified":"2025-07-01T07:49:54","modified_gmt":"2025-07-01T07:49:54","slug":"s10-10w-laserski-gravirni-rezalni-stroj-0-08mm-visoke-natancnosti-400-x-410-velikost-obdelave","status":"publish","type":"product","link":"https:\/\/piflarnakupuje.top\/de_at\/pp\/s10-10w-laserski-gravirni-rezalni-stroj-0-08mm-visoke-natancnosti-400-x-410-velikost-obdelave\/","title":{"rendered":"S10 10W Lasergravur-Schneidemaschine, 0,08 mm, hohe Pr\u00e4zision, 400 x 410 Verarbeitungsgr\u00f6\u00dfe"},"content":{"rendered":"<div>\n<div><b>Merkmale:<\/b><\/div>\n<div><\/div>\n<div>1. Spezielle Luftzufuhrd\u00fcse, Volumen bis zu 30l\/min<\/div>\n<div><\/div>\n<div>2. Ultraschmaler 10-W-Laser f\u00fcr hohe Punktenergie<\/div>\n<div><\/div>\n<div>3. Die Kombination aus Luftd\u00fcse und Laser macht dieses Ger\u00e4t vergleichbar mit industriellen<\/div>\n<div><\/div>\n<div>4. Hohe Schnittpr\u00e4zision<\/div>\n<div><\/div>\n<div>5. 32-Bit-Motherboard: F\u00fcr schnellere Bewegungen und Berechnungen.<\/div>\n<div><\/div>\n<div>6. Erweiterbarer Schneide- und Gravurbereich auf bis zu 950 mm x 450 mm.<\/div>\n<div><\/div>\n<div>7. Einstellbarer Laserreflexionsschild zum Schutz beim Unterrichten.<\/div>\n<div><\/div>\n<div>9. Eine Eisenbasis sch\u00fctzt die Druckoberfl\u00e4che vor Besch\u00e4digungen.<\/div>\n<div><\/div>\n<div>10. Grundlegende Druckgr\u00f6\u00dfe 410 x 400 mm.<\/div>\n<\/div>\n<div><\/div>\n<div><b>Paket:<\/b><\/div>\n<div><b>\u00a0<\/b><\/div>\n<div>1x Gravierschneidemaschine<\/div>\n<div>3\u00d7 Werkzeugtasche<\/div>\n<div>1\u00d7 Schutzbrille<\/div>\n<div>1\u00d7 Test-Holzmatte<\/div>\n<div>1 x Metallr\u00fcckseite im A4-Format<\/div>\n<div>1x MontageanleitungBedienungsanleitung<\/div>","protected":false},"excerpt":{"rendered":"<div><b>Paket:<\/b><\/div>\n<div><b>\u00a0<\/b><\/div>\n<div>1x Gravierschneidemaschine<\/div>\n<div>3\u00d7 Werkzeugtasche<\/div>\n<div>1\u00d7 Schutzbrille<\/div>\n<div>1\u00d7 Test-Holzmatte<\/div>\n<div>1 x Metallr\u00fcckseite im A4-Format<\/div>\n<div>1x MontageanleitungBedienungsanleitung<\/div>","protected":false},"featured_media":4286,"comment_status":"open","ping_status":"closed","template":"","meta":{"_gspb_post_css":"","_sitemap_exclude":false,"_sitemap_priority":"","_sitemap_frequency":""},"product_brand":[],"product_cat":[85,71],"product_tag":[],"class_list":{"0":"post-4276","1":"product","2":"type-product","3":"status-publish","4":"has-post-thumbnail","6":"product_cat-laserski-rezalniki-in-graverji","7":"product_cat-piflarjev-raziskovalni-laboratorij","8":"product_shipping_class-3d-tiskalniki","9":"pa_barva-modra","10":"pa_povezljivost-naprave-usb","11":"pa_prostor-uporabe-odznotraj","12":"pa_skladisce-centralno-skladisce-slovenija","13":"pa_velikost-obdelovanca-nad-400mm","15":"first","16":"instock","17":"shipping-taxable","18":"purchasable","19":"product-type-simple"},"_links":{"self":[{"href":"https:\/\/piflarnakupuje.top\/de_at\/wp-json\/wp\/v2\/product\/4276","targetHints":{"allow":["GET"]}}],"collection":[{"href":"https:\/\/piflarnakupuje.top\/de_at\/wp-json\/wp\/v2\/product"}],"about":[{"href":"https:\/\/piflarnakupuje.top\/de_at\/wp-json\/wp\/v2\/types\/product"}],"replies":[{"embeddable":true,"href":"https:\/\/piflarnakupuje.top\/de_at\/wp-json\/wp\/v2\/comments?post=4276"}],"wp:featuredmedia":[{"embeddable":true,"href":"https:\/\/piflarnakupuje.top\/de_at\/wp-json\/wp\/v2\/media\/4286"}],"wp:attachment":[{"href":"https:\/\/piflarnakupuje.top\/de_at\/wp-json\/wp\/v2\/media?parent=4276"}],"wp:term":[{"taxonomy":"product_brand","embeddable":true,"href":"https:\/\/piflarnakupuje.top\/de_at\/wp-json\/wp\/v2\/product_brand?post=4276"},{"taxonomy":"product_cat","embeddable":true,"href":"https:\/\/piflarnakupuje.top\/de_at\/wp-json\/wp\/v2\/product_cat?post=4276"},{"taxonomy":"product_tag","embeddable":true,"href":"https:\/\/piflarnakupuje.top\/de_at\/wp-json\/wp\/v2\/product_tag?post=4276"}],"curies":[{"name":"wp","href":"https:\/\/api.w.org\/{rel}","templated":true}]}}