{"id":5169,"date":"2024-07-23T09:04:51","date_gmt":"2024-07-23T09:04:51","guid":{"rendered":"https:\/\/piflarnakupuje.top\/?post_type=product&#038;p=5169"},"modified":"2025-07-01T07:49:16","modified_gmt":"2025-07-01T07:49:16","slug":"magician-max-3d-tiskalnik-320320400mm-velikost-tiskanja-direktni-ekstruder","status":"publish","type":"product","link":"https:\/\/piflarnakupuje.top\/de_at\/pp\/magician-max-3d-tiskalnik-320320400mm-velikost-tiskanja-direktni-ekstruder\/","title":{"rendered":"Magician Max 3D-Drucker 320*320*400mm Druckgr\u00f6\u00dfe Direktextruder"},"content":{"rendered":"<p>Technische Daten<br \/>\n\u25cf Druckgr\u00f6\u00dfe: 32 \u00d7 32 \u00d7 40 cm<br \/>\n\u25cf Kalibrierung: Automatisch<br \/>\n\u25cf Filamentdicke: 1,75 mm<br \/>\n\u25cf Filamenttyp: PLA \/ ABS \/ PETG &amp; TPU<br \/>\n\u25cf D\u00fcsengr\u00f6\u00dfe: 0,4 mm<br \/>\n\u25cf Filamentschwanzerkennung: unterst\u00fctzt<br \/>\n\u25cf Weiterdrucken: wird unterst\u00fctzt<br \/>\n\u25cf Montagewerkzeug: im Lieferumfang enthalten<br \/>\n\u25cf Maximale D\u00fcsentemperatur: 260 \u00b0C<br \/>\n\u25cf Maximale Substrattemperatur: 110 \u00b0C<br \/>\n\u25cf Durchschnittliche Druckgeschwindigkeit: 6\u20138 cm\/s<br \/>\n\u25cf Steuerung: 3,5 Zoll Farb-Touchscreen<br \/>\n\u25cf Konnektivit\u00e4t: SD, U-Disk, USB-C<br \/>\n\u25cf Gewicht: 10 kg<br \/>\n\u25cf Abmessungen: 55,5 x 43 x 66 cm<\/p>\n<p><b>Paket:<\/b><\/p>\n<p>1 x <a href=\"https:\/\/piflarnakupuje.top\/de_at\/piflar-testira-in-preizkusa-tokrat-pod-lupo-ttronxy-xy%e2%80%912-pro-2e-3d-tiskalnik-zmogljiv-2%e2%80%91v%e2%80%911-dizajn-za-barvne-kreacije\/\">3D-Drucker<\/a><\/p>\n<p>1 x Montageanleitung<\/p>\n<p>1 x Bedienungsanleitung<\/p>","protected":false},"excerpt":{"rendered":"<p><b>Paket:<\/b><\/p>\n<p>1 x 3D-Drucker<\/p>\n<p>1 x Montageanleitung<\/p>\n<p>1 x Bedienungsanleitung<\/p>","protected":false},"featured_media":5171,"comment_status":"open","ping_status":"closed","template":"","meta":{"_gspb_post_css":"","_sitemap_exclude":false,"_sitemap_priority":"","_sitemap_frequency":""},"product_brand":[],"product_cat":[86,71],"product_tag":[],"class_list":{"0":"post-5169","1":"product","2":"type-product","3":"status-publish","4":"has-post-thumbnail","6":"product_cat-3d-tiskalniki","7":"product_cat-piflarjev-raziskovalni-laboratorij","8":"product_shipping_class-3d-tiskalniki","9":"pa_barva-crna","10":"pa_povezljivost-naprave-sd-kartica","11":"pa_povezljivost-naprave-usb","12":"pa_prostor-uporabe-odznotraj","13":"pa_skladisce-brezcarinsko-skladisce-slovenija","14":"pa_velikost-obdelovanca-od-370-do-400mm","16":"first","17":"instock","18":"shipping-taxable","19":"purchasable","20":"product-type-simple"},"_links":{"self":[{"href":"https:\/\/piflarnakupuje.top\/de_at\/wp-json\/wp\/v2\/product\/5169","targetHints":{"allow":["GET"]}}],"collection":[{"href":"https:\/\/piflarnakupuje.top\/de_at\/wp-json\/wp\/v2\/product"}],"about":[{"href":"https:\/\/piflarnakupuje.top\/de_at\/wp-json\/wp\/v2\/types\/product"}],"replies":[{"embeddable":true,"href":"https:\/\/piflarnakupuje.top\/de_at\/wp-json\/wp\/v2\/comments?post=5169"}],"wp:featuredmedia":[{"embeddable":true,"href":"https:\/\/piflarnakupuje.top\/de_at\/wp-json\/wp\/v2\/media\/5171"}],"wp:attachment":[{"href":"https:\/\/piflarnakupuje.top\/de_at\/wp-json\/wp\/v2\/media?parent=5169"}],"wp:term":[{"taxonomy":"product_brand","embeddable":true,"href":"https:\/\/piflarnakupuje.top\/de_at\/wp-json\/wp\/v2\/product_brand?post=5169"},{"taxonomy":"product_cat","embeddable":true,"href":"https:\/\/piflarnakupuje.top\/de_at\/wp-json\/wp\/v2\/product_cat?post=5169"},{"taxonomy":"product_tag","embeddable":true,"href":"https:\/\/piflarnakupuje.top\/de_at\/wp-json\/wp\/v2\/product_tag?post=5169"}],"curies":[{"name":"wp","href":"https:\/\/api.w.org\/{rel}","templated":true}]}} 