{"id":5173,"date":"2024-07-23T09:47:55","date_gmt":"2024-07-23T09:47:55","guid":{"rendered":"https:\/\/piflarnakupuje.top\/?post_type=product&#038;p=5173"},"modified":"2025-07-01T07:49:09","modified_gmt":"2025-07-01T07:49:09","slug":"algolaser-2w-diode-laserski-graver-rezalnik-4040cm-miza","status":"publish","type":"product","link":"https:\/\/piflarnakupuje.top\/de_at\/pp\/algolaser-2w-diode-laserski-graver-rezalnik-4040cm-miza\/","title":{"rendered":"Algolaser 2W Diodenlaser-Gravierschneider 40*40cm Tisch"},"content":{"rendered":"<p><b>Spezifikationen:<\/b><\/p>\n<p>Modell: DIY KIT 2W<br \/>\nLaserleistung: 2W<br \/>\nLaserpunkt: 0,08 mm x 0,04 mm<br \/>\nWellenl\u00e4nge: 455\u00b15nm<br \/>\nFokus: 5 mm von der Platte entfernt<br \/>\nLaserlebensdauer: &gt;10000 Stunden<br \/>\nGravurgeschwindigkeit: 12.000 mm\/min<br \/>\nBewegungsgeschwindigkeit: 20000 mm\/min<br \/>\nFokus: Manuell<br \/>\nAnschlussleistung: 48W<br \/>\nLeistung: 24V\/2A<br \/>\nHauptplatine: ALGOLASER_DIY_KIT_ V1.2<br \/>\nGr\u00f6\u00dfe der Gravurfl\u00e4che: 400 x 400 mm<br \/>\nGravieren im Offline-Modus: wird unterst\u00fctzt<br \/>\nKonnektivit\u00e4t: TF-Karte\/ USB-C\/ WLAN-2.4G<br \/>\nSoftware: LightBurn \/ LaserGRBL \/ Algolaser-App<br \/>\nUnterst\u00fctzte Formate: JPG\/SVG\/PNG\/BMP\/G-Code\/CAD\/AI\/CDR\/DWG\u2026<br \/>\nUnterst\u00fctzte Systeme: Android\/ iOS\/ Windows\/ Mac OS\/ Webbasiert<br \/>\nGewicht: 3,6 kg<br \/>\nGro\u00df: 642 mm * 602 mm * 146 mm<br \/>\nPaketgewicht: 4,9 kg<br \/>\nVerpackungsgr\u00f6\u00dfe: 660 * 310 * 160 mm<\/p>\n<p>&nbsp;<\/p>\n<p><b>Das Paket beinhaltet:<\/b><\/p>\n<p>1 x <a href=\"https:\/\/piflarnakupuje.top\/de_at\/piflar-testira-in-preizkusa-pod-lupo-p2-10-w-laserski-gravirnik-rezalnik-ki-obljublja-hitro-natancno-in-varno-delo\/\">Lasergravierer<\/a> schneider<\/p>\n<p>1 x Montageanleitung<\/p>\n<p>1 x Bedienungsanleitung<\/p>\n<p>1 x Montagewerkzeug<\/p>","protected":false},"excerpt":{"rendered":"<p><b>Das Paket beinhaltet:<\/b><\/p>\n<p>1 x Lasergravierer-Schneider<\/p>\n<p>1 x Montageanleitung<\/p>\n<p>1 x Bedienungsanleitung<\/p>\n<p>1 x Montagewerkzeug<\/p>","protected":false},"featured_media":5178,"comment_status":"open","ping_status":"closed","template":"","meta":{"_gspb_post_css":"","_sitemap_exclude":false,"_sitemap_priority":"","_sitemap_frequency":""},"product_brand":[],"product_cat":[85,71],"product_tag":[],"class_list":{"0":"post-5173","1":"product","2":"type-product","3":"status-publish","4":"has-post-thumbnail","6":"product_cat-laserski-rezalniki-in-graverji","7":"product_cat-piflarjev-raziskovalni-laboratorij","8":"product_shipping_class-3d-tiskalniki","9":"pa_barva-rdeca","10":"pa_povezljivost-naprave-sd-kartica","11":"pa_povezljivost-naprave-usb","12":"pa_povezljivost-naprave-wifi","13":"pa_prostor-uporabe-odznotraj","14":"pa_skladisce-brezcarinsko-skladisce-slovenija","15":"pa_skladisce-centralno-skladisce-slovenija","16":"pa_velikost-obdelovanca-od-370-do-400mm","18":"first","19":"instock","20":"sale","21":"shipping-taxable","22":"purchasable","23":"product-type-simple"},"_links":{"self":[{"href":"https:\/\/piflarnakupuje.top\/de_at\/wp-json\/wp\/v2\/product\/5173","targetHints":{"allow":["GET"]}}],"collection":[{"href":"https:\/\/piflarnakupuje.top\/de_at\/wp-json\/wp\/v2\/product"}],"about":[{"href":"https:\/\/piflarnakupuje.top\/de_at\/wp-json\/wp\/v2\/types\/product"}],"replies":[{"embeddable":true,"href":"https:\/\/piflarnakupuje.top\/de_at\/wp-json\/wp\/v2\/comments?post=5173"}],"wp:featuredmedia":[{"embeddable":true,"href":"https:\/\/piflarnakupuje.top\/de_at\/wp-json\/wp\/v2\/media\/5178"}],"wp:attachment":[{"href":"https:\/\/piflarnakupuje.top\/de_at\/wp-json\/wp\/v2\/media?parent=5173"}],"wp:term":[{"taxonomy":"product_brand","embeddable":true,"href":"https:\/\/piflarnakupuje.top\/de_at\/wp-json\/wp\/v2\/product_brand?post=5173"},{"taxonomy":"product_cat","embeddable":true,"href":"https:\/\/piflarnakupuje.top\/de_at\/wp-json\/wp\/v2\/product_cat?post=5173"},{"taxonomy":"product_tag","embeddable":true,"href":"https:\/\/piflarnakupuje.top\/de_at\/wp-json\/wp\/v2\/product_tag?post=5173"}],"curies":[{"name":"wp","href":"https:\/\/api.w.org\/{rel}","templated":true}]}}