{"id":6022,"date":"2024-07-26T11:21:06","date_gmt":"2024-07-26T11:21:06","guid":{"rendered":"https:\/\/piflarnakupuje.top\/?post_type=product&#038;p=6022"},"modified":"2025-07-01T07:47:01","modified_gmt":"2025-07-01T07:47:01","slug":"p66-powerbank-in-frekvencni-288-6wh-78000mah-lion","status":"publish","type":"product","link":"https:\/\/piflarnakupuje.top\/de_at\/pp\/p66-powerbank-in-frekvencni-288-6wh-78000mah-lion\/","title":{"rendered":"P66 Powerbank und Frequenz, 288,6 Wh 78000 mAh Lion"},"content":{"rendered":"<p><strong>Technische Daten<\/strong><\/p>\n<table class=\"jbEidtTable\" border=\"1\" cellspacing=\"0\" cellpadding=\"5\">\n<tbody>\n<tr>\n<td><strong>Allgemein<\/strong><\/td>\n<td>Typ: Powerbank und Frequenzregler<br \/>\nModell: P66<\/td>\n<\/tr>\n<tr>\n<td><strong>Technische Daten<\/strong><\/td>\n<td>Kapazit\u00e4t: 288,6 Wh, 78000 mAh\/3,7 V, Lithium<br \/>\nZyklus: \u22651000<br \/>\nAC-Ausgang: 230 V 50 Hz \/ 260 W<br \/>\nDC-Ausgang: 1 x Ausgang: 5 V\/2,1 A<br \/>\nUSB-A QC3.0-Anschluss: 5 V \u2013 9 V\/2 A, 18 W max.<br \/>\nUSB-C-Anschluss: 5 V \u2013 9 V\/2 A, 18 W max.<br \/>\nEingang:<br \/>\nAdapter: DC15V\/3A<br \/>\nSolarmodule: DC13V \u2013 22V\/3A<br \/>\nAutoladeger\u00e4t: 12 V<br \/>\nKabelloses Ladeger\u00e4t: 5 W<br \/>\nSicherheit: \u00dcberhitzung; Strom; Spannung<br \/>\nLaden: 0 \u2013 40 Grad Celsius<br \/>\nEntladung: -10 \u2013 45 Grad Celsius<\/td>\n<\/tr>\n<tr>\n<td><strong>Gewicht und Gr\u00f6\u00dfe<\/strong><\/td>\n<td>Gewicht: 3,2 kg<br \/>\nPaket: 3,8 kg<br \/>\nGr\u00f6\u00dfe: 21\u00d714,6\u00d715,7cm<br \/>\nPaket: 29x21x21cm<\/td>\n<\/tr>\n<tr>\n<td><b>Paket<\/b><\/td>\n<td>1 x Powerbank und Frequenzregler<br \/>\n1 x Autoladekabel<br \/>\n1 x Anleitung<\/td>\n<\/tr>\n<\/tbody>\n<\/table>","protected":false},"excerpt":{"rendered":"<p><b>Paket<\/b><\/p>\n<p>1 x Powerbank und Frequenzregler<br \/>\n1 x Autoladekabel<br \/>\n1 x Anleitung<\/p>","protected":false},"featured_media":6031,"comment_status":"open","ping_status":"closed","template":"","meta":{"_gspb_post_css":"","_sitemap_exclude":false,"_sitemap_priority":"","_sitemap_frequency":""},"product_brand":[],"product_cat":[65,154],"product_tag":[],"class_list":{"0":"post-6022","1":"product","2":"type-product","3":"status-publish","4":"has-post-thumbnail","6":"product_cat-prenosne-soncne-elektrarne","7":"product_cat-akumulator-in-frekvencni-regulator","8":"product_shipping_class-ostalo","9":"pa_barva-oranzna","10":"pa_kapaciteta-akumulatorja-od-0-do-1000w-h","11":"pa_kemija-baterije-litijion","12":"pa_moc-sistema-300-do-1500w","13":"pa_skladisce-centralno-skladisce-slovenija","15":"first","16":"instock","17":"shipping-taxable","18":"purchasable","19":"product-type-simple"},"_links":{"self":[{"href":"https:\/\/piflarnakupuje.top\/de_at\/wp-json\/wp\/v2\/product\/6022","targetHints":{"allow":["GET"]}}],"collection":[{"href":"https:\/\/piflarnakupuje.top\/de_at\/wp-json\/wp\/v2\/product"}],"about":[{"href":"https:\/\/piflarnakupuje.top\/de_at\/wp-json\/wp\/v2\/types\/product"}],"replies":[{"embeddable":true,"href":"https:\/\/piflarnakupuje.top\/de_at\/wp-json\/wp\/v2\/comments?post=6022"}],"wp:featuredmedia":[{"embeddable":true,"href":"https:\/\/piflarnakupuje.top\/de_at\/wp-json\/wp\/v2\/media\/6031"}],"wp:attachment":[{"href":"https:\/\/piflarnakupuje.top\/de_at\/wp-json\/wp\/v2\/media?parent=6022"}],"wp:term":[{"taxonomy":"product_brand","embeddable":true,"href":"https:\/\/piflarnakupuje.top\/de_at\/wp-json\/wp\/v2\/product_brand?post=6022"},{"taxonomy":"product_cat","embeddable":true,"href":"https:\/\/piflarnakupuje.top\/de_at\/wp-json\/wp\/v2\/product_cat?post=6022"},{"taxonomy":"product_tag","embeddable":true,"href":"https:\/\/piflarnakupuje.top\/de_at\/wp-json\/wp\/v2\/product_tag?post=6022"}],"curies":[{"name":"wp","href":"https:\/\/api.w.org\/{rel}","templated":true}]}}