{"id":6050,"date":"2024-07-26T13:53:25","date_gmt":"2024-07-26T13:53:25","guid":{"rendered":"https:\/\/piflarnakupuje.top\/?post_type=product&#038;p=6050"},"modified":"2025-07-09T06:32:52","modified_gmt":"2025-07-09T06:32:52","slug":"city-vojaski-vlak-iz-kock-s-pogonom-1174-kosov","status":"publish","type":"product","link":"https:\/\/piflarnakupuje.top\/de_at\/pp\/city-vojaski-vlak-iz-kock-s-pogonom-1174-kosov\/","title":{"rendered":"City Milit\u00e4rzug aus Bausteinen mit Antrieb 1174 Teile"},"content":{"rendered":"<p>Im Paket enthalten sind eine \u00fcbersichtliche Montageanleitung, ein elektrischer Antrieb und eine vergleichbare Qualit\u00e4t der W\u00fcrfel. <a href=\"https:\/\/piflarnakupuje.top\/de_at\/pp\/technics-sibrovka-benelli-m4-super-90-1061-kosov\/\">Lego<\/a>. Alle <a href=\"https:\/\/piflarnakupuje.top\/de_at\/piflarjev-test-rc-jcb-multifunkcijski-bager-2-239-kosov-z-elektro-pogonom-in-daljincem\/\">Steine<\/a> sind kompatibel mit <a href=\"https:\/\/piflarnakupuje.top\/de_at\/pp\/technics-sibrovka-benelli-m4-super-90-1061-kosov\/\">Lego<\/a>.<\/p>\n<p>&nbsp;<\/p>\n<p><strong>Paket:<\/strong><\/p>\n<p>1 x kasten mit 1174 steinen<\/p>\n<p>1 x Montageanleitung<\/p>\n<p>1 x Elektromotor<\/p>\n<p>&nbsp;<\/p>\n<p>&nbsp;<\/p>","protected":false},"excerpt":{"rendered":"<p><strong>Paket:<\/strong><\/p>\n<p>1 x kasten mit 1174 steinen<\/p>\n<p>1 x Montageanleitung<\/p>\n<p>1 x Elektromotor<\/p>","protected":false},"featured_media":6051,"comment_status":"open","ping_status":"closed","template":"","meta":{"_gspb_post_css":"","_sitemap_exclude":false,"_sitemap_priority":"","_sitemap_frequency":""},"product_brand":[],"product_cat":[45,16],"product_tag":[],"class_list":{"0":"post-6050","1":"product","2":"type-product","3":"status-publish","4":"has-post-thumbnail","6":"product_cat-kocke-klasika","7":"product_cat-technic-kocke-in-sestavljanke","8":"product_shipping_class-kocke","9":"pa_barva-zelena","10":"pa_pogon-funkcij-kocke-elektro-motor","11":"pa_skladisce-brezcarinsko-skladisce-slovenija","12":"pa_tema-kock-vlaki","14":"first","15":"instock","16":"shipping-taxable","17":"purchasable","18":"product-type-simple"},"_links":{"self":[{"href":"https:\/\/piflarnakupuje.top\/de_at\/wp-json\/wp\/v2\/product\/6050","targetHints":{"allow":["GET"]}}],"collection":[{"href":"https:\/\/piflarnakupuje.top\/de_at\/wp-json\/wp\/v2\/product"}],"about":[{"href":"https:\/\/piflarnakupuje.top\/de_at\/wp-json\/wp\/v2\/types\/product"}],"replies":[{"embeddable":true,"href":"https:\/\/piflarnakupuje.top\/de_at\/wp-json\/wp\/v2\/comments?post=6050"}],"wp:featuredmedia":[{"embeddable":true,"href":"https:\/\/piflarnakupuje.top\/de_at\/wp-json\/wp\/v2\/media\/6051"}],"wp:attachment":[{"href":"https:\/\/piflarnakupuje.top\/de_at\/wp-json\/wp\/v2\/media?parent=6050"}],"wp:term":[{"taxonomy":"product_brand","embeddable":true,"href":"https:\/\/piflarnakupuje.top\/de_at\/wp-json\/wp\/v2\/product_brand?post=6050"},{"taxonomy":"product_cat","embeddable":true,"href":"https:\/\/piflarnakupuje.top\/de_at\/wp-json\/wp\/v2\/product_cat?post=6050"},{"taxonomy":"product_tag","embeddable":true,"href":"https:\/\/piflarnakupuje.top\/de_at\/wp-json\/wp\/v2\/product_tag?post=6050"}],"curies":[{"name":"wp","href":"https:\/\/api.w.org\/{rel}","templated":true}]}}