{"id":6131,"date":"2024-07-27T07:25:57","date_gmt":"2024-07-27T07:25:57","guid":{"rendered":"https:\/\/piflarnakupuje.top\/?post_type=product&#038;p=6131"},"modified":"2025-07-10T11:19:07","modified_gmt":"2025-07-10T11:19:07","slug":"technics-motorno-kolo-s-funkcijami-800-kosov","status":"publish","type":"product","link":"https:\/\/piflarnakupuje.top\/de_at\/pp\/technics-motorno-kolo-s-funkcijami-800-kosov\/","title":{"rendered":"Technics-Motorrad mit \u00fcber 800 Teilen und Funktionen"},"content":{"rendered":"<p>Die Verpackung enth\u00e4lt eine klare Montageanleitung und die Qualit\u00e4t der W\u00fcrfel ist vergleichbar mit <a href=\"https:\/\/piflarnakupuje.top\/de_at\/pp\/technics-sibrovka-benelli-m4-super-90-1061-kosov\/\">Lego<\/a>. Alle <a href=\"https:\/\/piflarnakupuje.top\/de_at\/piflarjev-test-rc-jcb-multifunkcijski-bager-2-239-kosov-z-elektro-pogonom-in-daljincem\/\">Steine<\/a> sind kompatibel mit <a href=\"https:\/\/piflarnakupuje.top\/de_at\/pp\/technics-sibrovka-benelli-m4-super-90-1061-kosov\/\">Lego<\/a> Techniken.<\/p>\n<p><strong>Paket:<\/strong><\/p>\n<p>1 x kasten mit 800 steinen<\/p>\n<p>1 x Montageanleitung<\/p>","protected":false},"excerpt":{"rendered":"<p><strong>Paket:<\/strong><\/p>\n<p>1 x kasten mit 800 steinen<\/p>\n<p>1 x Montageanleitung<\/p>","protected":false},"featured_media":6132,"comment_status":"open","ping_status":"closed","template":"","meta":{"_gspb_post_css":"","_sitemap_exclude":false,"_sitemap_priority":"","_sitemap_frequency":""},"product_brand":[],"product_cat":[44,16],"product_tag":[],"class_list":{"0":"post-6131","1":"product","2":"type-product","3":"status-publish","4":"has-post-thumbnail","6":"product_cat-technic-kocke","7":"product_cat-technic-kocke-in-sestavljanke","8":"product_shipping_class-kocke","9":"pa_barva-bela","10":"pa_barva-rdeca","11":"pa_pogon-funkcij-kocke-rocno","12":"pa_skladisce-brezcarinsko-skladisce-slovenija","13":"pa_tema-kock-motorna-kolesa","15":"first","16":"instock","17":"shipping-taxable","18":"purchasable","19":"product-type-variable"},"_links":{"self":[{"href":"https:\/\/piflarnakupuje.top\/de_at\/wp-json\/wp\/v2\/product\/6131","targetHints":{"allow":["GET"]}}],"collection":[{"href":"https:\/\/piflarnakupuje.top\/de_at\/wp-json\/wp\/v2\/product"}],"about":[{"href":"https:\/\/piflarnakupuje.top\/de_at\/wp-json\/wp\/v2\/types\/product"}],"replies":[{"embeddable":true,"href":"https:\/\/piflarnakupuje.top\/de_at\/wp-json\/wp\/v2\/comments?post=6131"}],"wp:featuredmedia":[{"embeddable":true,"href":"https:\/\/piflarnakupuje.top\/de_at\/wp-json\/wp\/v2\/media\/6132"}],"wp:attachment":[{"href":"https:\/\/piflarnakupuje.top\/de_at\/wp-json\/wp\/v2\/media?parent=6131"}],"wp:term":[{"taxonomy":"product_brand","embeddable":true,"href":"https:\/\/piflarnakupuje.top\/de_at\/wp-json\/wp\/v2\/product_brand?post=6131"},{"taxonomy":"product_cat","embeddable":true,"href":"https:\/\/piflarnakupuje.top\/de_at\/wp-json\/wp\/v2\/product_cat?post=6131"},{"taxonomy":"product_tag","embeddable":true,"href":"https:\/\/piflarnakupuje.top\/de_at\/wp-json\/wp\/v2\/product_tag?post=6131"}],"curies":[{"name":"wp","href":"https:\/\/api.w.org\/{rel}","templated":true}]}}