{"id":754,"date":"2024-07-04T13:05:31","date_gmt":"2024-07-04T13:05:31","guid":{"rendered":"https:\/\/piflarnakupuje.top\/?post_type=product&#038;p=754"},"modified":"2025-07-01T08:02:09","modified_gmt":"2025-07-01T08:02:09","slug":"elektricni-skiro-cestno-terenski-dvojni-motor-angvat-52v-28ah-2400-w","status":"publish","type":"product","link":"https:\/\/piflarnakupuje.top\/de_at\/pp\/elektricni-skiro-cestno-terenski-dvojni-motor-angvat-52v-28ah-2400-w\/","title":{"rendered":"Elektroroller Stra\u00dfe\/Gel\u00e4nde Doppelmotor Angvat 52 V 28 Ah 2400 W"},"content":{"rendered":"<p class=\"has-small-font-size\">*Dieses Produkt ist CE-zertifiziert und verf\u00fcgt \u00fcber eine Seriennummer. Kontaktieren Sie uns, um es Ihnen zusenden zu lassen.<\/p>\n<p><strong>Technische Daten<\/strong>:<\/p>\n<figure class=\"wp-block-table tabelatabela\">\n<table>\n<tbody>\n<tr>\n<td>Schwangerschaft<\/td>\n<td>Elektroroller \/ Doppelantrieb<\/td>\n<\/tr>\n<tr>\n<td>Modell<\/td>\n<td>CC1<\/td>\n<\/tr>\n<tr>\n<td>Max. Reichweite<\/td>\n<td>zu Km<\/td>\n<\/tr>\n<tr>\n<td>Max. Belastung<\/td>\n<td>150 kg<\/td>\n<\/tr>\n<tr>\n<td>Fahren<\/td>\n<td>2 x 1200 W (volle Leistung) Motor<\/td>\n<\/tr>\n<tr>\n<td>Batterie<\/td>\n<td>52V 28Ah Lion Batterie<\/td>\n<\/tr>\n<tr>\n<td>Ladezeit<\/td>\n<td>hier. 5-6 Stunden<\/td>\n<\/tr>\n<tr>\n<td>Bremsen<\/td>\n<td>2x \u00d6lscheibe + E-Bremse<\/td>\n<\/tr>\n<tr>\n<td>Sto\u00dfd\u00e4mpfer<\/td>\n<td>vorne und hinten<\/td>\n<\/tr>\n<tr>\n<td>Gr\u00f6\u00dfe<\/td>\n<td>117x68x125-143cm<\/td>\n<\/tr>\n<tr>\n<td>Kastengr\u00f6\u00dfe<\/td>\n<td>131x26x50cm<\/td>\n<\/tr>\n<tr>\n<td>CE-Zertifikat<\/td>\n<td>UND<\/td>\n<\/tr>\n<\/tbody>\n<\/table>\n<\/figure>\n<figure class=\"wp-block-table tabelatabela\">\n<table>\n<tbody>\n<tr>\n<td>Marke<\/td>\n<td>ANGVAT<\/td>\n<\/tr>\n<tr>\n<td>Reifen<\/td>\n<td>10 Zoll f\u00fcr Stra\u00dfe und Gel\u00e4nde<\/td>\n<\/tr>\n<tr>\n<td>Maximalgeschwindigkeit<\/td>\n<td>bis 65 km\/h<\/td>\n<\/tr>\n<tr>\n<td>Steigung erklimmen<\/td>\n<td>45\u00b0<\/td>\n<\/tr>\n<tr>\n<td>Motortyp<\/td>\n<td>B\u00fcrstenloser Motor<\/td>\n<\/tr>\n<tr>\n<td>Controller<\/td>\n<td>2*28+1A-Controller<\/td>\n<\/tr>\n<tr>\n<td>Material<\/td>\n<td>Eisen, Aluminium<\/td>\n<\/tr>\n<tr>\n<td>Bremsenmarke<\/td>\n<td>DYISLAND<\/td>\n<\/tr>\n<tr>\n<td>Wegweiser<\/td>\n<td>vorne \/ hinten<\/td>\n<\/tr>\n<tr>\n<td>Gr\u00f6\u00dfe \/gefaltet<\/td>\n<td>117x68x48cm<\/td>\n<\/tr>\n<tr>\n<td>Paketgewicht<\/td>\n<td>38 kg<\/td>\n<\/tr>\n<tr>\n<td><\/td>\n<td><\/td>\n<\/tr>\n<\/tbody>\n<\/table>\n<\/figure>\n<p><strong>Merkmale<\/strong>:<\/p>\n<p>\u2013 52 V 28 Ah Lithiumbatterie der A-Qualit\u00e4t f\u00fcr eine lange Lebensdauer.<\/p>\n<p>\u2013 Dualer 28+1A neuer Controller ohne \u00dcberhitzung und f\u00fcr kontinuierliche Beschleunigung.<\/p>\n<p>\u2013 2 Motoren mit 1200 W (volle Leistung) k\u00f6nnen Geschwindigkeiten von bis zu 65 km\/h und Steigungen von bis zu 45 Grad bew\u00e4ltigen.<\/p>","protected":false},"excerpt":{"rendered":"<p><strong>Merkmale<\/strong>:<\/p>\n<p>\u2013 52 V 28 Ah Lithiumbatterie der A-Qualit\u00e4t f\u00fcr eine lange Lebensdauer.<\/p>\n<p>\u2013 Dualer 28+1A neuer Controller ohne \u00dcberhitzung und f\u00fcr kontinuierliche Beschleunigung.<\/p>\n<p>\u2013 2 Motoren mit 1200 W (volle Leistung) k\u00f6nnen Geschwindigkeiten von bis zu 65 km\/h und Steigungen von bis zu 45 Grad bew\u00e4ltigen.<\/p>","protected":false},"featured_media":774,"comment_status":"open","ping_status":"closed","template":"","meta":{"_gspb_post_css":"","_sitemap_exclude":false,"_sitemap_priority":"","_sitemap_frequency":""},"product_brand":[],"product_cat":[48,17],"product_tag":[],"class_list":{"0":"post-754","1":"product","2":"type-product","3":"status-publish","4":"has-post-thumbnail","6":"product_cat-elektricni-skiro","7":"product_cat-elektricni-skiroji","8":"product_shipping_class-skiroji","9":"pa_barva-crna","10":"pa_kapaciteta-baterije-vozila-od-25-do-30ah","11":"pa_maksimalna-obremenitev-140-do-160kg","12":"pa_moc-pogona-2000-do-2500w","13":"pa_namen-uporabe-tip-gume-terenski","14":"pa_skladisce-centralno-skladisce-slovenija","15":"pa_stevilo-motorjev-164","16":"pa_velikost-kolesa-11-col","18":"first","19":"instock","20":"shipping-taxable","21":"purchasable","22":"product-type-simple"},"_links":{"self":[{"href":"https:\/\/piflarnakupuje.top\/de_at\/wp-json\/wp\/v2\/product\/754","targetHints":{"allow":["GET"]}}],"collection":[{"href":"https:\/\/piflarnakupuje.top\/de_at\/wp-json\/wp\/v2\/product"}],"about":[{"href":"https:\/\/piflarnakupuje.top\/de_at\/wp-json\/wp\/v2\/types\/product"}],"replies":[{"embeddable":true,"href":"https:\/\/piflarnakupuje.top\/de_at\/wp-json\/wp\/v2\/comments?post=754"}],"wp:featuredmedia":[{"embeddable":true,"href":"https:\/\/piflarnakupuje.top\/de_at\/wp-json\/wp\/v2\/media\/774"}],"wp:attachment":[{"href":"https:\/\/piflarnakupuje.top\/de_at\/wp-json\/wp\/v2\/media?parent=754"}],"wp:term":[{"taxonomy":"product_brand","embeddable":true,"href":"https:\/\/piflarnakupuje.top\/de_at\/wp-json\/wp\/v2\/product_brand?post=754"},{"taxonomy":"product_cat","embeddable":true,"href":"https:\/\/piflarnakupuje.top\/de_at\/wp-json\/wp\/v2\/product_cat?post=754"},{"taxonomy":"product_tag","embeddable":true,"href":"https:\/\/piflarnakupuje.top\/de_at\/wp-json\/wp\/v2\/product_tag?post=754"}],"curies":[{"name":"wp","href":"https:\/\/api.w.org\/{rel}","templated":true}]}}