{"id":7554,"date":"2024-09-13T07:43:10","date_gmt":"2024-09-13T07:43:10","guid":{"rendered":"https:\/\/piflarnakupuje.top\/?post_type=product&#038;p=7554"},"modified":"2025-07-01T07:42:11","modified_gmt":"2025-07-01T07:42:11","slug":"gel-kroglice-za-blasterje","status":"publish","type":"product","link":"https:\/\/piflarnakupuje.top\/de_at\/pp\/gel-kroglice-za-blasterje\/","title":{"rendered":"Gelb\u00e4lle f\u00fcr Blaster"},"content":{"rendered":"<p>10.000 St\u00fcck Gelb\u00e4lle f\u00fcr den Blaster<\/p>","protected":false},"excerpt":{"rendered":"<p>10.000 St\u00fcck Gelb\u00e4lle f\u00fcr den Blaster<\/p>","protected":false},"featured_media":7539,"comment_status":"open","ping_status":"closed","template":"","meta":{"_gspb_post_css":"","_sitemap_exclude":false,"_sitemap_priority":"","_sitemap_frequency":""},"product_brand":[],"product_cat":[222],"product_tag":[],"class_list":{"0":"post-7554","1":"product","2":"type-product","3":"status-publish","4":"has-post-thumbnail","6":"product_cat-gel-blasterji","7":"product_shipping_class-ostalo","8":"pa_barva-modra","9":"pa_barva-raznobarvno","10":"pa_barva-zelena","11":"pa_skladisce-centralno-skladisce-slovenija","13":"first","14":"instock","15":"shipping-taxable","16":"purchasable","17":"product-type-variable"},"_links":{"self":[{"href":"https:\/\/piflarnakupuje.top\/de_at\/wp-json\/wp\/v2\/product\/7554","targetHints":{"allow":["GET"]}}],"collection":[{"href":"https:\/\/piflarnakupuje.top\/de_at\/wp-json\/wp\/v2\/product"}],"about":[{"href":"https:\/\/piflarnakupuje.top\/de_at\/wp-json\/wp\/v2\/types\/product"}],"replies":[{"embeddable":true,"href":"https:\/\/piflarnakupuje.top\/de_at\/wp-json\/wp\/v2\/comments?post=7554"}],"wp:featuredmedia":[{"embeddable":true,"href":"https:\/\/piflarnakupuje.top\/de_at\/wp-json\/wp\/v2\/media\/7539"}],"wp:attachment":[{"href":"https:\/\/piflarnakupuje.top\/de_at\/wp-json\/wp\/v2\/media?parent=7554"}],"wp:term":[{"taxonomy":"product_brand","embeddable":true,"href":"https:\/\/piflarnakupuje.top\/de_at\/wp-json\/wp\/v2\/product_brand?post=7554"},{"taxonomy":"product_cat","embeddable":true,"href":"https:\/\/piflarnakupuje.top\/de_at\/wp-json\/wp\/v2\/product_cat?post=7554"},{"taxonomy":"product_tag","embeddable":true,"href":"https:\/\/piflarnakupuje.top\/de_at\/wp-json\/wp\/v2\/product_tag?post=7554"}],"curies":[{"name":"wp","href":"https:\/\/api.w.org\/{rel}","templated":true}]}}