{"id":759,"date":"2024-07-04T13:05:32","date_gmt":"2024-07-04T13:05:32","guid":{"rendered":"https:\/\/piflarnakupuje.top\/?post_type=product&#038;p=759"},"modified":"2025-07-01T08:01:43","modified_gmt":"2025-07-01T08:01:43","slug":"hitri-brezzicni-in-zicni-polnilec-za-telefone-in-mobilne-naprave-6-v-1","status":"publish","type":"product","link":"https:\/\/piflarnakupuje.top\/de_at\/pp\/hitri-brezzicni-in-zicni-polnilec-za-telefone-in-mobilne-naprave-6-v-1\/","title":{"rendered":"6-in-1-Schnellladeger\u00e4t mit und ohne Kabel f\u00fcr Telefone und Mobilger\u00e4te"},"content":{"rendered":"<p>&nbsp;<\/p>\r\n<figure class=\"wp-block-table\">\r\n<table>\r\n<tbody>\r\n<tr>\r\n<td>Marke<\/td>\r\n<td>BlitzWolf<\/td>\r\n<\/tr>\r\n<tr>\r\n<td>\u00a0<\/td>\r\n<td>\u00a0<\/td>\r\n<\/tr>\r\n<tr>\r\n<td>Material<\/td>\r\n<td>PC+ABS<\/td>\r\n<\/tr>\r\n<tr>\r\n<td>Priklop<\/td>\r\n<td>AC100-240V\/50-60Hz<\/td>\r\n<\/tr>\r\n<tr>\r\n<td>Ausgangsleistung<\/td>\r\n<td>160W<\/td>\r\n<\/tr>\r\n<tr>\r\n<td>Vrste priklju\u010dkov<\/td>\r\n<td>Type-C1: 5V\/3A, 9V\/3A, 12V\/3A, 15V\/3A, 20V\/3.25APPS: 3.3-11V \/5A, 3.3-21V\/3A 65W(Max)Type-C2\/Type-C3: 5V\/3A, 9V\/3A, 12V\/3A, 15V\/3A, 20V\/3.25APPS: 3.3-11V \/5A, 3.3-21V\/3A 65W(Max)Type-C2+Type-C3: 20W+45WUSB-A\/USB-A2: QC3.0 5V\/3A, 9V\/2A, 12V\/1.5A, 4.5V\/5A, 5V\/4.5A 22.5W(Max)USB-A1+USB-A2: 12W+12W<\/td>\r\n<\/tr>\r\n<tr>\r\n<td>Brez\u017ei\u010dna mo\u010d<\/td>\r\n<td>15W\/10W\/7.5W\/5W<\/td>\r\n<\/tr>\r\n<tr>\r\n<td>Gr\u00f6\u00dfe<\/td>\r\n<td>126*116*50mm<\/td>\r\n<\/tr>\r\n<tr>\r\n<td>Gewicht<\/td>\r\n<td>429g<\/td>\r\n<\/tr>\r\n<tr>\r\n<td>Farbe<\/td>\r\n<td>Schwarz<\/td>\r\n<\/tr>\r\n<\/tbody>\r\n<\/table>\r\n <strong>Das Paket beinhaltet:<\/strong> \r\n\r\n 1 x Blitzwolf USB Multi-port polnilec za mobilne naprave \r\n\r\n 1 x napajalni kabel \r\n\r\n 1 x Navodila \r\n\r\n 1 x \u0160katla <\/figure>","protected":false},"excerpt":{"rendered":"<p><strong>Paket:<\/strong><\/p>\n<p><!-- \/wp:paragraph --><\/p>\n<p><!-- wp:paragraph --> 1 x Blitzwolf USB Multi-port polnilec za mobilne naprave<\/p>\n<p><!-- \/wp:paragraph --><\/p>\n<p><!-- wp:paragraph --> 1 x Stromkabel<\/p>\n<p><!-- \/wp:paragraph --><\/p>\n<p><!-- wp:paragraph --> 1 x Anleitung<\/p>\n<p><!-- \/wp:paragraph --><\/p>\n<p><!-- wp:paragraph --> 1 x Schachtel<\/p>","protected":false},"featured_media":806,"comment_status":"open","ping_status":"closed","template":"","meta":{"_gspb_post_css":"","_sitemap_exclude":false,"_sitemap_priority":"","_sitemap_frequency":""},"product_brand":[],"product_cat":[50,46],"product_tag":[],"class_list":{"0":"post-759","1":"product","2":"type-product","3":"status-publish","4":"has-post-thumbnail","6":"product_cat-zabavna-elektronika","7":"product_cat-polnilci-kabli-in-ostalo","8":"product_shipping_class-ostalo","9":"pa_barva-crna","10":"pa_skladisce-brezcarinsko-skladisce-slovenija","11":"pa_vrsta-polnjenja-zicno","13":"first","14":"instock","15":"sale","16":"shipping-taxable","17":"purchasable","18":"product-type-simple"},"_links":{"self":[{"href":"https:\/\/piflarnakupuje.top\/de_at\/wp-json\/wp\/v2\/product\/759","targetHints":{"allow":["GET"]}}],"collection":[{"href":"https:\/\/piflarnakupuje.top\/de_at\/wp-json\/wp\/v2\/product"}],"about":[{"href":"https:\/\/piflarnakupuje.top\/de_at\/wp-json\/wp\/v2\/types\/product"}],"replies":[{"embeddable":true,"href":"https:\/\/piflarnakupuje.top\/de_at\/wp-json\/wp\/v2\/comments?post=759"}],"wp:featuredmedia":[{"embeddable":true,"href":"https:\/\/piflarnakupuje.top\/de_at\/wp-json\/wp\/v2\/media\/806"}],"wp:attachment":[{"href":"https:\/\/piflarnakupuje.top\/de_at\/wp-json\/wp\/v2\/media?parent=759"}],"wp:term":[{"taxonomy":"product_brand","embeddable":true,"href":"https:\/\/piflarnakupuje.top\/de_at\/wp-json\/wp\/v2\/product_brand?post=759"},{"taxonomy":"product_cat","embeddable":true,"href":"https:\/\/piflarnakupuje.top\/de_at\/wp-json\/wp\/v2\/product_cat?post=759"},{"taxonomy":"product_tag","embeddable":true,"href":"https:\/\/piflarnakupuje.top\/de_at\/wp-json\/wp\/v2\/product_tag?post=759"}],"curies":[{"name":"wp","href":"https:\/\/api.w.org\/{rel}","templated":true}]}}