{"id":986,"date":"2024-07-04T19:51:50","date_gmt":"2024-07-04T19:51:50","guid":{"rendered":"https:\/\/piflarnakupuje.top\/?post_type=product&#038;p=986"},"modified":"2025-07-01T08:00:20","modified_gmt":"2025-07-01T08:00:20","slug":"rc-technic-ekstremno-teresnko-vozilo","status":"publish","type":"product","link":"https:\/\/piflarnakupuje.top\/de_at\/pp\/rc-technic-ekstremno-teresnko-vozilo\/","title":{"rendered":"RC Technic Extreme Gel\u00e4ndewagen"},"content":{"rendered":"<p>Extrem gel\u00e4ndeg\u00e4ngiges Fahrzeug von <a href=\"https:\/\/piflarnakupuje.top\/de_at\/piflarjev-preizkus-rc-technic-ekstremno-terensko-vozilo-z-elektro-motorjem\/\">Technik<\/a> Kock. <a href=\"https:\/\/piflarnakupuje.top\/de_at\/piflarjev-test-rc-jcb-multifunkcijski-bager-2-239-kosov-z-elektro-pogonom-in-daljincem\/\">Steine<\/a> vergleichbare Qualit\u00e4t und vollst\u00e4ndig kompatibel mit <a href=\"https:\/\/piflarnakupuje.top\/de_at\/pp\/technics-sibrovka-benelli-m4-super-90-1061-kosov\/\">Lego<\/a>.<\/p>\n<p>Das Fahrzeug ist ferngesteuert, das Set besteht aus 1333 Teilen, 3 Motoren und einem Servomotor zum Drehen, das Fahren ist mit einem Piloten oder einer App auf Ihrem Telefon m\u00f6glich. Eine leicht verst\u00e4ndliche Montageanleitung liegt bei.<\/p>\n<p>&nbsp;<\/p>","protected":false},"excerpt":{"rendered":"<p><strong>Paket:<\/strong><\/p>\n<p>Klare Montageanleitung<\/p>\n<p>1333 steine<\/p>\n<p>3 Elektromotoren<\/p>\n<p>Fernbedienung<\/p>","protected":false},"featured_media":989,"comment_status":"open","ping_status":"closed","template":"","meta":{"_gspb_post_css":"","_sitemap_exclude":false,"_sitemap_priority":"","_sitemap_frequency":""},"product_brand":[],"product_cat":[44,16],"product_tag":[],"class_list":{"0":"post-986","1":"product","2":"type-product","3":"status-publish","4":"has-post-thumbnail","6":"product_cat-technic-kocke","7":"product_cat-technic-kocke-in-sestavljanke","8":"product_shipping_class-kocke","9":"pa_barva-rdeca","10":"pa_pogon-funkcij-kocke-elektro-motor","11":"pa_pogon-funkcij-kocke-rocno","12":"pa_skladisce-brezcarinsko-skladisce-slovenija","13":"pa_skladisce-centralno-skladisce-slovenija","14":"pa_tema-kock-vozila","16":"first","17":"instock","18":"shipping-taxable","19":"purchasable","20":"product-type-variable"},"_links":{"self":[{"href":"https:\/\/piflarnakupuje.top\/de_at\/wp-json\/wp\/v2\/product\/986","targetHints":{"allow":["GET"]}}],"collection":[{"href":"https:\/\/piflarnakupuje.top\/de_at\/wp-json\/wp\/v2\/product"}],"about":[{"href":"https:\/\/piflarnakupuje.top\/de_at\/wp-json\/wp\/v2\/types\/product"}],"replies":[{"embeddable":true,"href":"https:\/\/piflarnakupuje.top\/de_at\/wp-json\/wp\/v2\/comments?post=986"}],"wp:featuredmedia":[{"embeddable":true,"href":"https:\/\/piflarnakupuje.top\/de_at\/wp-json\/wp\/v2\/media\/989"}],"wp:attachment":[{"href":"https:\/\/piflarnakupuje.top\/de_at\/wp-json\/wp\/v2\/media?parent=986"}],"wp:term":[{"taxonomy":"product_brand","embeddable":true,"href":"https:\/\/piflarnakupuje.top\/de_at\/wp-json\/wp\/v2\/product_brand?post=986"},{"taxonomy":"product_cat","embeddable":true,"href":"https:\/\/piflarnakupuje.top\/de_at\/wp-json\/wp\/v2\/product_cat?post=986"},{"taxonomy":"product_tag","embeddable":true,"href":"https:\/\/piflarnakupuje.top\/de_at\/wp-json\/wp\/v2\/product_tag?post=986"}],"curies":[{"name":"wp","href":"https:\/\/api.w.org\/{rel}","templated":true}]}}