{"id":1950,"date":"2024-07-08T06:29:03","date_gmt":"2024-07-08T06:29:03","guid":{"rendered":"https:\/\/piflarnakupuje.top\/?post_type=product&#038;p=1950"},"modified":"2025-07-01T07:54:36","modified_gmt":"2025-07-01T07:54:36","slug":"4-in-1-qi-brezzicni-polnilec-za-vse-naprave-z-qi-standardom","status":"publish","type":"product","link":"https:\/\/piflarnakupuje.top\/en\/pp\/4-in-1-qi-brezzicni-polnilec-za-vse-naprave-z-qi-standardom\/","title":{"rendered":"4 in 1 Qi Wireless Charger for all Qi-standard devices"},"content":{"rendered":"<h2><strong>Functions:<\/strong><\/h2>\n<div>Multifunkcijsko stojalo za polnjenje<\/div>\n<div>Za vse na prave t Qi standardom<\/div>\n<div>Ve\u010dstopenjska za\u0161\u010dita naprav<\/div>\n<div>Iphone \/micro usb\u00a0 \/USB-c<\/div>","protected":false},"excerpt":{"rendered":"<p><strong>Package:<\/strong><\/p>\n<p>1 x wireless charger<\/p>\n<p>1 x instruction manual<\/p>","protected":false},"featured_media":3842,"comment_status":"open","ping_status":"closed","template":"","meta":{"_gspb_post_css":"","_sitemap_exclude":false,"_sitemap_priority":"","_sitemap_frequency":""},"product_brand":[],"product_cat":[50,46],"product_tag":[],"class_list":{"0":"post-1950","1":"product","2":"type-product","3":"status-publish","4":"has-post-thumbnail","6":"product_cat-zabavna-elektronika","7":"product_cat-polnilci-kabli-in-ostalo","8":"product_shipping_class-ostalo","9":"pa_barva-roza","10":"pa_barva-siva","11":"pa_barva-srebrna","12":"pa_skladisce-brezcarinsko-skladisce-slovenija","13":"pa_vrsta-polnjenja-brezcicno","15":"first","16":"instock","17":"shipping-taxable","18":"purchasable","19":"product-type-variable"},"_links":{"self":[{"href":"https:\/\/piflarnakupuje.top\/en\/wp-json\/wp\/v2\/product\/1950","targetHints":{"allow":["GET"]}}],"collection":[{"href":"https:\/\/piflarnakupuje.top\/en\/wp-json\/wp\/v2\/product"}],"about":[{"href":"https:\/\/piflarnakupuje.top\/en\/wp-json\/wp\/v2\/types\/product"}],"replies":[{"embeddable":true,"href":"https:\/\/piflarnakupuje.top\/en\/wp-json\/wp\/v2\/comments?post=1950"}],"wp:featuredmedia":[{"embeddable":true,"href":"https:\/\/piflarnakupuje.top\/en\/wp-json\/wp\/v2\/media\/3842"}],"wp:attachment":[{"href":"https:\/\/piflarnakupuje.top\/en\/wp-json\/wp\/v2\/media?parent=1950"}],"wp:term":[{"taxonomy":"product_brand","embeddable":true,"href":"https:\/\/piflarnakupuje.top\/en\/wp-json\/wp\/v2\/product_brand?post=1950"},{"taxonomy":"product_cat","embeddable":true,"href":"https:\/\/piflarnakupuje.top\/en\/wp-json\/wp\/v2\/product_cat?post=1950"},{"taxonomy":"product_tag","embeddable":true,"href":"https:\/\/piflarnakupuje.top\/en\/wp-json\/wp\/v2\/product_tag?post=1950"}],"curies":[{"name":"wp","href":"https:\/\/api.w.org\/{rel}","templated":true}]}}