{"id":757,"date":"2024-07-04T13:05:32","date_gmt":"2024-07-04T13:05:32","guid":{"rendered":"https:\/\/piflarnakupuje.top\/?post_type=product&#038;p=757"},"modified":"2025-07-01T08:01:58","modified_gmt":"2025-07-01T08:01:58","slug":"fpv-tekmovalni-dron-rtf-s-fpv-ocali-akumulatorji-in-pilotom","status":"publish","type":"product","link":"https:\/\/piflarnakupuje.top\/en\/pp\/fpv-tekmovalni-dron-rtf-s-fpv-ocali-akumulatorji-in-pilotom\/","title":{"rendered":"FPV Competition Drone RTF with FPV Goggles, Batteries and Pilot"},"content":{"rendered":"<p><strong>Specifications:<\/strong><\/p>\r\n\r\n\r\n\r\n\r\n\r\n\r\n\r\n\r\n\r\n<figure class=\"wp-block-table\">\r\n<table>\r\n<tbody>\r\n<tr>\r\n<td>Model<\/td>\r\n<td>Analog version<\/td>\r\n<\/tr>\r\n<tr>\r\n<td>Axle<\/td>\r\n<td>110mm<\/td>\r\n<\/tr>\r\n<tr>\r\n<td>Size<\/td>\r\n<td>100\u00d7104\u00d722mm(without propellers)<\/td>\r\n<\/tr>\r\n<tr>\r\n<td>Weight<\/td>\r\n<td>approx. 62.5g (without two batteries)<\/td>\r\n<\/tr>\r\n<tr>\r\n<td>Motor<\/td>\r\n<td>12025\u00a07000KV<\/td>\r\n<\/tr>\r\n<tr>\r\n<td>Propeller<\/td>\r\n<td>AVAN Rush 2.5 col tri elise<\/td>\r\n<\/tr>\r\n<tr>\r\n<td>Main control<\/td>\r\n<td>F411 (100MHz) main controller, integrated 4-in-16A 8-bit ESC, ELRS (2.4G) receiver (SPI communication), voltage 1-2S<\/td>\r\n<\/tr>\r\n<tr>\r\n<td>Camera<\/td>\r\n<td>RunCam Nano 6<\/td>\r\n<\/tr>\r\n<tr>\r\n<td>Image upload<\/td>\r\n<td>32-bit 40CH open source prenos slike 0\/25mW\/100mW\/200mW<\/td>\r\n<\/tr>\r\n<tr>\r\n<td>Battery<\/td>\r\n<td>1S HV 650mAh (requires 2 1S batteries) included<\/td>\r\n<\/tr>\r\n<tr>\r\n<td colspan=\"2\"><strong>Remote control: E8 (ELRS-2.4G)<\/strong><\/td>\r\n<\/tr>\r\n<tr>\r\n<td>Size<\/td>\r\n<td>d\u00d7\u0161\u00d7v=150\u00d7140\u00d745mm<\/td>\r\n<\/tr>\r\n<tr>\r\n<td>Weight<\/td>\r\n<td>260g (without batteries)<\/td>\r\n<\/tr>\r\n<tr>\r\n<td>Number of channels<\/td>\r\n<td>8 channels<\/td>\r\n<\/tr>\r\n<tr>\r\n<td>protocol<\/td>\r\n<td>ELRS-2.4G protocol<\/td>\r\n<\/tr>\r\n<tr>\r\n<td>Operating frequency<\/td>\r\n<td>2.4gHz (2400-2483.5MHz)<\/td>\r\n<\/tr>\r\n<tr>\r\n<td>Power<\/td>\r\n<td>10mW\/25mW\/50mW\/100mW<\/td>\r\n<\/tr>\r\n<tr>\r\n<td>Battery<\/td>\r\n<td>Built-in 1800mAh 18650 battery <a href=\"https:\/\/piflarnakupuje.top\/en\/pp\/jump-1500-dodatni-akumulator-1548wh-lifepo4-tipa\/\">battery<\/a><\/td>\r\n<\/tr>\r\n<tr>\r\n<td>Charging<\/td>\r\n<td>Vgrajen USB1A llion <a href=\"https:\/\/piflarnakupuje.top\/en\/pp\/4-in-1-qi-brezzicni-polnilec-za-vse-naprave-z-qi-standardom\/\">charger<\/a><\/td>\r\n<\/tr>\r\n<tr>\r\n<td>Voltage<\/td>\r\n<td>3.7-4.2V<\/td>\r\n<\/tr>\r\n<tr>\r\n<td>Connectivity<\/td>\r\n<td>USB C, 3.5mm audio ven<\/td>\r\n<\/tr>\r\n<tr>\r\n<td>other<\/td>\r\n<td>supports simulator, calibration, left\/right hand swap, update (USB) connection key,<\/td>\r\n<\/tr>\r\n<tr>\r\n<td colspan=\"2\">\u00a0<\/td>\r\n<\/tr>\r\n<tr>\r\n<td><strong>FPV 3D glasses<\/strong><\/td>\r\n<td>Transporter II<\/td>\r\n<\/tr>\r\n<tr>\r\n<td>Size<\/td>\r\n<td>d\u00d7\u0161\u00d7v=150\u00d7100\u00d790mm<\/td>\r\n<\/tr>\r\n<tr>\r\n<td>Weight<\/td>\r\n<td>398g (with antennas and strap)<\/td>\r\n<\/tr>\r\n<tr>\r\n<td>Resolution<\/td>\r\n<td>480\u00d7800<\/td>\r\n<\/tr>\r\n<tr>\r\n<td>Screen size<\/td>\r\n<td>4.3\u00a0inch<\/td>\r\n<\/tr>\r\n<tr>\r\n<td>battery<\/td>\r\n<td>built-in 1300mAh lithium battery<\/td>\r\n<\/tr>\r\n<tr>\r\n<td>\u00a0<\/td>\r\n<td>\u00a0<\/td>\r\n<\/tr>\r\n<tr>\r\n<td>\u00a0<\/td>\r\n<td>\u00a0<\/td>\r\n<\/tr>\r\n<tr>\r\n<td>Charging<\/td>\r\n<td>built-in USB 1A<\/td>\r\n<\/tr>\r\n<tr>\r\n<td>DVR<\/td>\r\n<td>Supports up to 32GB card, format: VGA\/D1\/HD (optional)<\/td>\r\n<\/tr>\r\n<\/tbody>\r\n<\/table>\r\n<\/figure>\r\n\r\n\r\n\r\n<p><strong>The package includes:<\/strong><\/p>\r\n\r\n\r\n\r\n<p><strong>RTF complete:<\/strong> 1x <a href=\"https:\/\/piflarnakupuje.top\/en\/piflar-testira-fpv-plus-freestyle-dron-rtf\/\">Drone<\/a> 1x FPV 3d o\u010dala 1x E8 pilot (ELRS-2.4G) 2x <a href=\"https:\/\/piflarnakupuje.top\/en\/pp\/jump-1500-dodatni-akumulator-1548wh-lifepo4-tipa\/\">battery<\/a> 1S HV 650mAH 1x <a href=\"https:\/\/piflarnakupuje.top\/en\/pp\/4-in-1-qi-brezzicni-polnilec-za-vse-naprave-z-qi-standardom\/\">charger<\/a> 4x propelerji (2 positive and 2 negative) 1x palet pripomo\u010dkov 1x USB kabelj<\/p>","protected":false},"excerpt":{"rendered":"<p><strong>RTF package:<\/strong><\/p>\n<p>1x dron<\/p>\n<p>1x FPV 3D glasses<\/p>\n<p>1x E8 pilot (ELRS-2.4G)<\/p>\n<p>2x akumulator 1S HV 650mAH<\/p>\n<p>1x charger<\/p>\n<p>4x propellers (2 x left and 2 right)<\/p>\n<p>1x accessory pack<\/p>\n<p>1x USB cable for charging and programming<\/p>","protected":false},"featured_media":793,"comment_status":"open","ping_status":"closed","template":"","meta":{"_gspb_post_css":"","_sitemap_exclude":false,"_sitemap_priority":"","_sitemap_frequency":""},"product_brand":[],"product_cat":[20],"product_tag":[],"class_list":{"0":"post-757","1":"product","2":"type-product","3":"status-publish","4":"has-post-thumbnail","6":"product_cat-rc-droni","7":"product_shipping_class-ostalo","8":"pa_barva-bela","9":"pa_kolicina-akumulatorjev-rc-191","10":"pa_skladisce-brezcarinsko-skladisce-slovenija","11":"pa_tip-drona-fpv-dron","12":"pa_tip-motorja-rc-brezkrtacni","14":"first","15":"instock","16":"sale","17":"shipping-taxable","18":"purchasable","19":"product-type-simple"},"_links":{"self":[{"href":"https:\/\/piflarnakupuje.top\/en\/wp-json\/wp\/v2\/product\/757","targetHints":{"allow":["GET"]}}],"collection":[{"href":"https:\/\/piflarnakupuje.top\/en\/wp-json\/wp\/v2\/product"}],"about":[{"href":"https:\/\/piflarnakupuje.top\/en\/wp-json\/wp\/v2\/types\/product"}],"replies":[{"embeddable":true,"href":"https:\/\/piflarnakupuje.top\/en\/wp-json\/wp\/v2\/comments?post=757"}],"wp:featuredmedia":[{"embeddable":true,"href":"https:\/\/piflarnakupuje.top\/en\/wp-json\/wp\/v2\/media\/793"}],"wp:attachment":[{"href":"https:\/\/piflarnakupuje.top\/en\/wp-json\/wp\/v2\/media?parent=757"}],"wp:term":[{"taxonomy":"product_brand","embeddable":true,"href":"https:\/\/piflarnakupuje.top\/en\/wp-json\/wp\/v2\/product_brand?post=757"},{"taxonomy":"product_cat","embeddable":true,"href":"https:\/\/piflarnakupuje.top\/en\/wp-json\/wp\/v2\/product_cat?post=757"},{"taxonomy":"product_tag","embeddable":true,"href":"https:\/\/piflarnakupuje.top\/en\/wp-json\/wp\/v2\/product_tag?post=757"}],"curies":[{"name":"wp","href":"https:\/\/api.w.org\/{rel}","templated":true}]}} 